{"id":37850,"date":"2025-02-20T23:30:10","date_gmt":"2025-02-20T22:30:10","guid":{"rendered":"http:\/\/olemosaic.com\/producto\/bol-de-coco-de-corazones-salamandra-mallorca\/"},"modified":"2025-07-25T18:56:58","modified_gmt":"2025-07-25T16:56:58","slug":"taca-de-coco-de-coracoes-salamandra-maiorca","status":"publish","type":"product","link":"https:\/\/olemosaic.com\/pt-pt\/produto\/taca-de-coco-de-coracoes-salamandra-maiorca\/","title":{"rendered":"Ta\u00e7a de coco de cora\u00e7\u00f5es. Salamandra. Maiorca."},"content":{"rendered":"<p>Esta ta\u00e7a de coco, decorada com cora\u00e7\u00f5es e uma salamandra, \u00e9 uma preciosa representa\u00e7\u00e3o da ess\u00eancia de Maiorca. Cada ta\u00e7a \u00e9 meticulosamente elaborada com material de coco, o que lhe confere uma textura suave e um acabamento natural, tornando-a um objeto \u00fanico e atraente. O seu design pintado \u00e0 m\u00e3o destaca-se pela incorpora\u00e7\u00e3o de cora\u00e7\u00f5es coloridos dispostos de forma l\u00fadica pela superf\u00edcie, criando uma atmosfera alegre e vibrante. No centro, uma delicada salamandra em cor castanha real\u00e7a a biodiversidade da ilha, enquanto a palavra &#8220;MALLORCA&#8221; est\u00e1 elegantemente inscrita, sublinhando a sua origem.<\/p>\n<p>Os tons suaves e vibrantes da ta\u00e7a, desde os azuis at\u00e9 aos tons terra, n\u00e3o s\u00f3 embelezam qualquer espa\u00e7o, como tamb\u00e9m evocam a luminosidade das paisagens de Maiorca. Esta ta\u00e7a n\u00e3o \u00e9 apenas um acess\u00f3rio decorativo; \u00e9 um aut\u00eantico souvenir que captura a cultura e a tradi\u00e7\u00e3o de Maiorca, ideal como presente para quem deseja levar consigo um peda\u00e7o deste para\u00edso mediterr\u00e2neo.<\/p>\n<p>Na Ol\u00e9 Mosaic, especializamo-nos na distribui\u00e7\u00e3o de souvenirs por grosso, e esta ta\u00e7a de coco \u00e9 uma op\u00e7\u00e3o perfeita para lojas de presentes tur\u00edsticos que procuram produtos aut\u00eanticos, elaborados com artesanato local. Como grossistas de souvenirs de Maiorca, garantimos um produto que combina beleza, funcionalidade e um profundo valor cultural.<\/p>\n","protected":false},"excerpt":{"rendered":"<p>Ta\u00e7a de coco decorada com motivos de cora\u00e7\u00f5es e uma salamandra, que representa a ess\u00eancia de Maiorca. Esta atraente ta\u00e7a \u00e9 feita de coco, com um delicado design artesanal, pintado \u00e0 m\u00e3o, que inclui cora\u00e7\u00f5es coloridos e uma salamandra no centro, juntamente com a palavra &#8220;MALLORCA&#8221;. As cores vibrantes e as formas suaves conferem-lhe um ar alegre, tornando-a uma recorda\u00e7\u00e3o perfeita ou um complemento decorativo para qualquer lar.<\/p>\n","protected":false},"featured_media":10329,"template":"","meta":{"_acf_changed":false},"product_brand":[],"product_cat":[513],"product_tag":[516],"class_list":{"0":"post-37850","1":"product","2":"type-product","3":"status-publish","4":"has-post-thumbnail","6":"product_cat-bols","7":"product_tag-animais","8":"pa_ciudad-mallorca","9":"pa_motivo-salamandras","10":"pa_pais-espana","12":"first","13":"instock","14":"shipping-taxable","15":"product-type-simple"},"acf":[],"_links":{"self":[{"href":"https:\/\/olemosaic.com\/pt-pt\/wp-json\/wp\/v2\/product\/37850","targetHints":{"allow":["GET"]}}],"collection":[{"href":"https:\/\/olemosaic.com\/pt-pt\/wp-json\/wp\/v2\/product"}],"about":[{"href":"https:\/\/olemosaic.com\/pt-pt\/wp-json\/wp\/v2\/types\/product"}],"wp:featuredmedia":[{"embeddable":true,"href":"https:\/\/olemosaic.com\/pt-pt\/wp-json\/wp\/v2\/media\/10329"}],"wp:attachment":[{"href":"https:\/\/olemosaic.com\/pt-pt\/wp-json\/wp\/v2\/media?parent=37850"}],"wp:term":[{"taxonomy":"product_brand","embeddable":true,"href":"https:\/\/olemosaic.com\/pt-pt\/wp-json\/wp\/v2\/product_brand?post=37850"},{"taxonomy":"product_cat","embeddable":true,"href":"https:\/\/olemosaic.com\/pt-pt\/wp-json\/wp\/v2\/product_cat?post=37850"},{"taxonomy":"product_tag","embeddable":true,"href":"https:\/\/olemosaic.com\/pt-pt\/wp-json\/wp\/v2\/product_tag?post=37850"}],"curies":[{"name":"wp","href":"https:\/\/api.w.org\/{rel}","templated":true}]}}