{"id":37847,"date":"2025-02-20T22:30:09","date_gmt":"2025-02-20T22:30:09","guid":{"rendered":"http:\/\/olemosaic.com\/producto\/bol-de-coco-salamandra-menorca\/"},"modified":"2025-07-25T18:49:33","modified_gmt":"2025-07-25T16:49:33","slug":"taca-de-coco-salamandra-menorca-pt-pt","status":"publish","type":"product","link":"https:\/\/olemosaic.com\/pt-pt\/produto\/taca-de-coco-salamandra-menorca-pt-pt\/","title":{"rendered":"Ta\u00e7a de coco. Salamandra. Menorca."},"content":{"rendered":"<p>Esta ta\u00e7a de coco decorada com mosaicos \u00e9 uma encantadora recorda\u00e7\u00e3o de Menorca que capta a ess\u00eancia da natureza mediterr\u00e2nica. Com um design vibrante de tesselas em tons de p\u00farpura, rosa, azul e \u00e2mbar, esta ta\u00e7a oferece um padr\u00e3o atraente que ilumina qualquer espa\u00e7o, seja como elemento decorativo ou para o uso di\u00e1rio na mesa. No centro, destaca-se uma ilustra\u00e7\u00e3o de uma salamandra, um s\u00edmbolo ic\u00f3nico da fauna menorquina, que confere um toque distintivo e um profundo significado cultural.<\/p>\n<p>A fus\u00e3o de cores nesta ta\u00e7a n\u00e3o s\u00f3 real\u00e7a a sua beleza visual, como tamb\u00e9m representa a rica biodiversidade de Menorca, uma ilha famosa pelo seu patrim\u00f3nio natural e pelas suas impressionantes paisagens. Cada pe\u00e7a \u00e9 elaborada com aten\u00e7\u00e3o ao detalhe, refletindo a autenticidade e o artesanato que caracterizam as recorda\u00e7\u00f5es da regi\u00e3o. Ideal para os turistas que procuram uma recorda\u00e7\u00e3o representativa da sua visita a Menorca, esta ta\u00e7a de mosaico real\u00e7a a magia e o encanto da ilha.<\/p>\n<p>Na Ol\u00e9 Mosaic, especializamo-nos na distribui\u00e7\u00e3o de recorda\u00e7\u00f5es por grosso, oferecendo produtos que celebram a cultura e a tradi\u00e7\u00e3o espanhola. Esta ta\u00e7a de coco \u00e9 uma excelente op\u00e7\u00e3o para lojas de presentes tur\u00edsticos que desejam proporcionar aos seus clientes recorda\u00e7\u00f5es aut\u00eanticas e coloridas de Menorca, tornando-se um artigo imprescind\u00edvel no seu cat\u00e1logo de recorda\u00e7\u00f5es.<\/p>\n","protected":false},"excerpt":{"rendered":"<p>Ta\u00e7a de coco decorada com mosaicos, inspirada na fauna de Menorca. Esta elegante ta\u00e7a apresenta um design colorido com pe\u00e7as em tons de p\u00farpura, rosa, azul e \u00e2mbar, combinadas num padr\u00e3o atraente que confere um toque de alegria a qualquer ambiente. No centro, uma ilustra\u00e7\u00e3o de uma salamandra real\u00e7a a sua liga\u00e7\u00e3o com a natureza mediterr\u00e2nica. Perfeita como elemento decorativo ou para uso di\u00e1rio, esta ta\u00e7a \u00e9 uma recorda\u00e7\u00e3o aut\u00eantica da magia menorquina.<\/p>\n","protected":false},"featured_media":11950,"template":"","meta":{"_acf_changed":false},"product_brand":[],"product_cat":[513],"product_tag":[516],"class_list":{"0":"post-37847","1":"product","2":"type-product","3":"status-publish","4":"has-post-thumbnail","6":"product_cat-bols","7":"product_tag-animais","8":"pa_ciudad-menorca","9":"pa_motivo-salamandras","10":"pa_pais-espana","12":"first","13":"instock","14":"shipping-taxable","15":"product-type-simple"},"acf":[],"_links":{"self":[{"href":"https:\/\/olemosaic.com\/pt-pt\/wp-json\/wp\/v2\/product\/37847","targetHints":{"allow":["GET"]}}],"collection":[{"href":"https:\/\/olemosaic.com\/pt-pt\/wp-json\/wp\/v2\/product"}],"about":[{"href":"https:\/\/olemosaic.com\/pt-pt\/wp-json\/wp\/v2\/types\/product"}],"wp:featuredmedia":[{"embeddable":true,"href":"https:\/\/olemosaic.com\/pt-pt\/wp-json\/wp\/v2\/media\/11950"}],"wp:attachment":[{"href":"https:\/\/olemosaic.com\/pt-pt\/wp-json\/wp\/v2\/media?parent=37847"}],"wp:term":[{"taxonomy":"product_brand","embeddable":true,"href":"https:\/\/olemosaic.com\/pt-pt\/wp-json\/wp\/v2\/product_brand?post=37847"},{"taxonomy":"product_cat","embeddable":true,"href":"https:\/\/olemosaic.com\/pt-pt\/wp-json\/wp\/v2\/product_cat?post=37847"},{"taxonomy":"product_tag","embeddable":true,"href":"https:\/\/olemosaic.com\/pt-pt\/wp-json\/wp\/v2\/product_tag?post=37847"}],"curies":[{"name":"wp","href":"https:\/\/api.w.org\/{rel}","templated":true}]}}