{"id":37846,"date":"2025-02-20T23:30:09","date_gmt":"2025-02-20T22:30:09","guid":{"rendered":"http:\/\/olemosaic.com\/producto\/bol-de-coco-de-corazones-delfin-gran-canaria\/"},"modified":"2025-07-25T20:01:16","modified_gmt":"2025-07-25T18:01:16","slug":"taca-de-coco-de-coracoes-golfinho-gran-canaria-pt-pt","status":"publish","type":"product","link":"https:\/\/olemosaic.com\/pt-pt\/produto\/taca-de-coco-de-coracoes-golfinho-gran-canaria-pt-pt\/","title":{"rendered":"Ta\u00e7a de coco de cora\u00e7\u00f5es. Golfinho. Gran Canaria."},"content":{"rendered":"<p>Esta ta\u00e7a de coco, decorada com golfinhos e cora\u00e7\u00f5es, \u00e9 um aut\u00eantico tesouro que capta o esp\u00edrito vibrante de Gran Canaria. Fabricada a partir de uma casca de coco, este artigo destaca-se pelo seu design pintado \u00e0 m\u00e3o numa paleta de cores que inclui diversos tons de azul, laranja e castanho, criando uma est\u00e9tica que evoca as \u00e1guas quentes do oceano e a beleza natural da ilha. O interior da ta\u00e7a mostra dois golfinhos entrela\u00e7ados, um s\u00edmbolo da liga\u00e7\u00e3o mar\u00edtima que Gran Canaria oferece, rodeados por um encantador fundo de cora\u00e7\u00f5es em cores alegres.<\/p>\n<p>O texto &#8220;GRAN CANARIA&#8221; apresenta-se num elegante tom castanho que se destaca sobre a superf\u00edcie brilhante, sublinhando a autenticidade da recorda\u00e7\u00e3o. Ideal para quem procura recorda\u00e7\u00f5es que representem a cultura can\u00e1ria, esta ta\u00e7a n\u00e3o \u00e9 apenas funcional, mas serve como pe\u00e7a decorativa que evoca o calor e a hospitalidade do arquip\u00e9lago. Na Ol\u00e9 Mosaic, orgulhamo-nos de oferecer recorda\u00e7\u00f5es de qualidade que refletem a ess\u00eancia de cada regi\u00e3o, sendo esta ta\u00e7a de coco um presente perfeito para turistas e uma excelente adi\u00e7\u00e3o para lojas de presentes tur\u00edsticos. Como grossistas de recorda\u00e7\u00f5es, garantimos um produto que combina artesanato e tradi\u00e7\u00e3o, tornando-o uma recorda\u00e7\u00e3o inesquec\u00edvel de Gran Canaria.<\/p>\n","protected":false},"excerpt":{"rendered":"<p>Ta\u00e7a de coco decorada com golfinhos e cora\u00e7\u00f5es, que representa o esp\u00edrito de Gran Canaria. Este atraente artigo, fabricado a partir de uma casca de coco, apresenta um design artesanal, pintado \u00e0 m\u00e3o, em tons de azul, laranja e castanho, com um acabamento brilhante que real\u00e7a os motivos. No centro, os golfinhos, entrela\u00e7ados com detalhe, erguem-se sobre um fundo de cora\u00e7\u00f5es coloridos, juntamente com o texto &#8220;GRAN CANARIA&#8221;, oferecendo uma recorda\u00e7\u00e3o aut\u00eantica e cheia de encanto.<\/p>\n","protected":false},"featured_media":10361,"template":"","meta":{"_acf_changed":false},"product_brand":[],"product_cat":[513],"product_tag":[516],"class_list":{"0":"post-37846","1":"product","2":"type-product","3":"status-publish","4":"has-post-thumbnail","6":"product_cat-bols","7":"product_tag-animais","8":"pa_ciudad-gran-canaria","9":"pa_motivo-golfinhos","10":"pa_pais-espana","12":"first","13":"instock","14":"shipping-taxable","15":"product-type-simple"},"acf":[],"_links":{"self":[{"href":"https:\/\/olemosaic.com\/pt-pt\/wp-json\/wp\/v2\/product\/37846","targetHints":{"allow":["GET"]}}],"collection":[{"href":"https:\/\/olemosaic.com\/pt-pt\/wp-json\/wp\/v2\/product"}],"about":[{"href":"https:\/\/olemosaic.com\/pt-pt\/wp-json\/wp\/v2\/types\/product"}],"wp:featuredmedia":[{"embeddable":true,"href":"https:\/\/olemosaic.com\/pt-pt\/wp-json\/wp\/v2\/media\/10361"}],"wp:attachment":[{"href":"https:\/\/olemosaic.com\/pt-pt\/wp-json\/wp\/v2\/media?parent=37846"}],"wp:term":[{"taxonomy":"product_brand","embeddable":true,"href":"https:\/\/olemosaic.com\/pt-pt\/wp-json\/wp\/v2\/product_brand?post=37846"},{"taxonomy":"product_cat","embeddable":true,"href":"https:\/\/olemosaic.com\/pt-pt\/wp-json\/wp\/v2\/product_cat?post=37846"},{"taxonomy":"product_tag","embeddable":true,"href":"https:\/\/olemosaic.com\/pt-pt\/wp-json\/wp\/v2\/product_tag?post=37846"}],"curies":[{"name":"wp","href":"https:\/\/api.w.org\/{rel}","templated":true}]}}