{"id":37845,"date":"2025-02-20T23:30:09","date_gmt":"2025-02-20T22:30:09","guid":{"rendered":"http:\/\/olemosaic.com\/producto\/bol-de-coco-flores\/"},"modified":"2025-07-25T18:53:10","modified_gmt":"2025-07-25T16:53:10","slug":"taca-de-coco-flores-pt-pt","status":"publish","type":"product","link":"https:\/\/olemosaic.com\/pt-pt\/produto\/taca-de-coco-flores-pt-pt\/","title":{"rendered":"Ta\u00e7a de coco. Flores."},"content":{"rendered":"<p>Esta ta\u00e7a de coco decorada com flores \u00e9 uma pe\u00e7a \u00fanica que capta a ess\u00eancia da natureza em cada detalhe. Fabricada artesanalmente com coco, esta ta\u00e7a destaca-se pelo seu requintado design pintado \u00e0 m\u00e3o, que apresenta flores delicadas em tons vibrantes de azul, verde e rosa. A sua forma arredondada n\u00e3o s\u00f3 a torna um elemento decorativo atraente, como tamb\u00e9m \u00e9 ideal para servir aperitivos, acrescentando um toque de eleg\u00e2ncia e frescura a qualquer mesa.<\/p>\n<p>A textura natural do coco, juntamente com o acabamento brilhante das flores, cria um contraste visual que evoca a biodiversidade dos tr\u00f3picos. Esta ta\u00e7a \u00e9 perfeita para quem procura uma recorda\u00e7\u00e3o aut\u00eantica que represente a fus\u00e3o entre a funcionalidade e a est\u00e9tica art\u00edstica. A sua liga\u00e7\u00e3o cultural \u00e9 evidente, refletindo a tradi\u00e7\u00e3o do artesanato local e o apre\u00e7o pela beleza natural da regi\u00e3o.<\/p>\n<p>Na Ol\u00e9 Mosaic, especializamo-nos na distribui\u00e7\u00e3o de recorda\u00e7\u00f5es por grosso, e esta ta\u00e7a de coco \u00e9 uma excelente op\u00e7\u00e3o para lojas de presentes tur\u00edsticos. Oferecer este tipo de artigos n\u00e3o s\u00f3 enriquece a experi\u00eancia do cliente, como tamb\u00e9m promove a autenticidade e o valor cultural em cada compra. Com esta ta\u00e7a de flores, os turistas poder\u00e3o levar consigo um peda\u00e7o da rica heran\u00e7a artesanal que caracteriza o nosso ambiente.<\/p>\n","protected":false},"excerpt":{"rendered":"<p>Ta\u00e7a de coco decorada com flores de cores vibrantes. Esta atraente ta\u00e7a, feita de coco, apresenta um design artesanal, pintado \u00e0 m\u00e3o, com flores delicadas em tons de azul, verde e rosa. Perfeita como elemento decorativo ou para servir aperitivos, a sua forma arredondada e a sua textura natural conferem um toque ex\u00f3tico, ideal para adicionar um esp\u00edrito tropical a qualquer ambiente. Uma pe\u00e7a \u00fanica que evoca a beleza da natureza.<\/p>\n","protected":false},"featured_media":11830,"template":"","meta":{"_acf_changed":false},"product_brand":[],"product_cat":[513],"product_tag":[],"class_list":{"0":"post-37845","1":"product","2":"type-product","3":"status-publish","4":"has-post-thumbnail","6":"product_cat-bols","7":"pa_motivo-flores","9":"first","10":"instock","11":"shipping-taxable","12":"product-type-simple"},"acf":[],"_links":{"self":[{"href":"https:\/\/olemosaic.com\/pt-pt\/wp-json\/wp\/v2\/product\/37845","targetHints":{"allow":["GET"]}}],"collection":[{"href":"https:\/\/olemosaic.com\/pt-pt\/wp-json\/wp\/v2\/product"}],"about":[{"href":"https:\/\/olemosaic.com\/pt-pt\/wp-json\/wp\/v2\/types\/product"}],"wp:featuredmedia":[{"embeddable":true,"href":"https:\/\/olemosaic.com\/pt-pt\/wp-json\/wp\/v2\/media\/11830"}],"wp:attachment":[{"href":"https:\/\/olemosaic.com\/pt-pt\/wp-json\/wp\/v2\/media?parent=37845"}],"wp:term":[{"taxonomy":"product_brand","embeddable":true,"href":"https:\/\/olemosaic.com\/pt-pt\/wp-json\/wp\/v2\/product_brand?post=37845"},{"taxonomy":"product_cat","embeddable":true,"href":"https:\/\/olemosaic.com\/pt-pt\/wp-json\/wp\/v2\/product_cat?post=37845"},{"taxonomy":"product_tag","embeddable":true,"href":"https:\/\/olemosaic.com\/pt-pt\/wp-json\/wp\/v2\/product_tag?post=37845"}],"curies":[{"name":"wp","href":"https:\/\/api.w.org\/{rel}","templated":true}]}}