{"id":37842,"date":"2025-02-20T23:29:59","date_gmt":"2025-02-20T22:29:59","guid":{"rendered":"http:\/\/olemosaic.com\/producto\/bol-de-coco-azul-bailaora-5\/"},"modified":"2025-07-25T19:48:22","modified_gmt":"2025-07-25T17:48:22","slug":"taca-de-coco-azul-bailarina-5","status":"publish","type":"product","link":"https:\/\/olemosaic.com\/pt-pt\/produto\/taca-de-coco-azul-bailarina-5\/","title":{"rendered":"Ta\u00e7a de coco azul. Bailarina. Espanha."},"content":{"rendered":"<p>Esta ta\u00e7a de coco azul, pintada \u00e0 m\u00e3o, \u00e9 uma requintada representa\u00e7\u00e3o da cultura andaluza e da sua vibrante tradi\u00e7\u00e3o flamenca. Com o seu elegante design em tons azuis e dourados, esta ta\u00e7a apresenta no seu centro uma delicada ilustra\u00e7\u00e3o de uma bailarina, evocando a paix\u00e3o do flamenco que define esta regi\u00e3o. O acabamento brilhante n\u00e3o s\u00f3 real\u00e7a as cores vivas, como tamb\u00e9m adiciona um toque de sofistica\u00e7\u00e3o a este objeto decorativo e funcional, ideal para qualquer lar.<\/p>\n<p>O intrincado trabalho artesanal, que inclui padr\u00f5es que simulam a textura da cer\u00e2mica, converte cada ta\u00e7a numa pe\u00e7a \u00fanica. A escolha das cores azul e dourado n\u00e3o \u00e9 apenas visualmente atraente, mas tamb\u00e9m simboliza a liga\u00e7\u00e3o da Andaluzia com o mar e a riqueza cultural da sua hist\u00f3ria. Esta ta\u00e7a n\u00e3o \u00e9 apenas um complemento perfeito para a cozinha ou para a decora\u00e7\u00e3o, mas tamb\u00e9m se transforma numa magn\u00edfica recorda\u00e7\u00e3o que captura a ess\u00eancia aut\u00eantica da Andaluzia, o que a torna um presente ideal para os turistas.<\/p>\n<p>Na Ol\u00e9 Mosaic, especializamo-nos na distribui\u00e7\u00e3o de recorda\u00e7\u00f5es que representam com autenticidade a riqueza cultural de Espanha. Esta ta\u00e7a de coco azul \u00e9 uma excelente op\u00e7\u00e3o para lojas de presentes tur\u00edsticos que procuram oferecer produtos exclusivos e com hist\u00f3ria. Como grossistas de recorda\u00e7\u00f5es, garantimos a qualidade e originalidade de cada artigo, assegurando que cada cliente leva consigo um pedacinho da tradi\u00e7\u00e3o andaluza.<\/p>\n","protected":false},"excerpt":{"rendered":"<p>Ta\u00e7a de coco azul de design artesanal, pintada \u00e0 m\u00e3o, inspirada na beleza do flamenco e da cultura andaluza. Esta ta\u00e7a \u00fanica apresenta um design em tons azul e dourado, com uma elegante ilustra\u00e7\u00e3o de uma bailarina no centro, fundindo arte e tradi\u00e7\u00e3o. O acabamento brilhante real\u00e7a o seu apelo, tornando-a um excelente acess\u00f3rio decorativo ou funcional que evoca a ess\u00eancia vibrante da Andaluzia. Ideal para oferecer ou para adicionar um toque de autenticidade ao seu lar.<\/p>\n","protected":false},"featured_media":13417,"template":"","meta":{"_acf_changed":false},"product_brand":[],"product_cat":[513],"product_tag":[],"class_list":{"0":"post-37842","1":"product","2":"type-product","3":"status-publish","4":"has-post-thumbnail","6":"product_cat-bols","7":"pa_motivo-dancarinos","9":"first","10":"instock","11":"shipping-taxable","12":"product-type-simple"},"acf":[],"_links":{"self":[{"href":"https:\/\/olemosaic.com\/pt-pt\/wp-json\/wp\/v2\/product\/37842","targetHints":{"allow":["GET"]}}],"collection":[{"href":"https:\/\/olemosaic.com\/pt-pt\/wp-json\/wp\/v2\/product"}],"about":[{"href":"https:\/\/olemosaic.com\/pt-pt\/wp-json\/wp\/v2\/types\/product"}],"wp:featuredmedia":[{"embeddable":true,"href":"https:\/\/olemosaic.com\/pt-pt\/wp-json\/wp\/v2\/media\/13417"}],"wp:attachment":[{"href":"https:\/\/olemosaic.com\/pt-pt\/wp-json\/wp\/v2\/media?parent=37842"}],"wp:term":[{"taxonomy":"product_brand","embeddable":true,"href":"https:\/\/olemosaic.com\/pt-pt\/wp-json\/wp\/v2\/product_brand?post=37842"},{"taxonomy":"product_cat","embeddable":true,"href":"https:\/\/olemosaic.com\/pt-pt\/wp-json\/wp\/v2\/product_cat?post=37842"},{"taxonomy":"product_tag","embeddable":true,"href":"https:\/\/olemosaic.com\/pt-pt\/wp-json\/wp\/v2\/product_tag?post=37842"}],"curies":[{"name":"wp","href":"https:\/\/api.w.org\/{rel}","templated":true}]}}