{"id":37841,"date":"2025-02-20T23:29:59","date_gmt":"2025-02-20T22:29:59","guid":{"rendered":"http:\/\/olemosaic.com\/producto\/bol-de-coco-azul-isla-fuerteventura\/"},"modified":"2025-07-25T18:42:34","modified_gmt":"2025-07-25T16:42:34","slug":"taca-de-coco-azul-ilha-fuerteventura-pt-pt","status":"publish","type":"product","link":"https:\/\/olemosaic.com\/pt-pt\/produto\/taca-de-coco-azul-ilha-fuerteventura-pt-pt\/","title":{"rendered":"Ta\u00e7a de coco azul. Ilha. Fuerteventura."},"content":{"rendered":"<p>Esta ta\u00e7a de coco azul, inspirada na beleza natural de Fuerteventura, \u00e9 uma pe\u00e7a excecional que une funcionalidade e est\u00e9tica. O seu design muito especial apresenta um vibrante fundo azul adornado com c\u00edrculos chamativos que evocam as \u00e1guas cristalinas da ilha, proporcionando um efeito visual atraente e fresco. A t\u00e9cnica de fabrico real\u00e7a o seu acabamento brilhante, conseguindo que a luz se reflita de maneira cativante na sua superf\u00edcie, o que a torna um excelente elemento decorativo para qualquer lar.<\/p>\n<p>No centro da ta\u00e7a, encontra-se a silhueta estilizada da ilha acompanhada da palavra &#8220;Fuerteventura&#8221;, capturando a ess\u00eancia deste para\u00edso can\u00e1rio e recordando aos turistas a sua memor\u00e1vel visita. Esta ta\u00e7a n\u00e3o \u00e9 apenas ideal para servir refei\u00e7\u00f5es e petiscos, mas tamb\u00e9m para ser exibida como uma aut\u00eantica pe\u00e7a de arte que celebra a cultura e as paisagens \u00fanicas de Fuerteventura.<\/p>\n<p>Na Ol\u00e9 Mosaic, somos distribuidores de recorda\u00e7\u00f5es de qualidade e esta ta\u00e7a de coco azul representa uma excelente op\u00e7\u00e3o para lojas de presentes tur\u00edsticos que procuram oferecer aos seus clientes uma recorda\u00e7\u00e3o aut\u00eantica e representativa das Ilhas Can\u00e1rias. Esta ta\u00e7a \u00e9, sem d\u00favida, um souvenir de Fuerteventura que real\u00e7a a riqueza cultural e natural do lugar, sendo um presente perfeito para quem anseia levar um pedacinho da ilha para casa.<\/p>\n","protected":false},"excerpt":{"rendered":"<p>Ta\u00e7a de coco azul, inspirada na beleza natural de Fuerteventura. Esta ta\u00e7a original apresenta um design muito especial com um fundo azul e detalhes circulares, evocando as \u00e1guas cristalinas da ilha. A t\u00e9cnica de fabrico real\u00e7a o seu acabamento brilhante, tornando-a uma pe\u00e7a decorativa e funcional. No centro, destaca-se a silhueta da ilha com a palavra &#8220;Fuerteventura&#8221;, capturando a ess\u00eancia do lugar. Ideal para servir ou como elemento decorativo em qualquer lar.<\/p>\n","protected":false},"featured_media":11988,"template":"","meta":{"_acf_changed":false},"product_brand":[],"product_cat":[513],"product_tag":[],"class_list":{"0":"post-37841","1":"product","2":"type-product","3":"status-publish","4":"has-post-thumbnail","6":"product_cat-bols","7":"pa_ciudad-fuerteventura","8":"pa_motivo-ilhas","9":"pa_pais-espana","11":"first","12":"instock","13":"shipping-taxable","14":"product-type-simple"},"acf":[],"_links":{"self":[{"href":"https:\/\/olemosaic.com\/pt-pt\/wp-json\/wp\/v2\/product\/37841","targetHints":{"allow":["GET"]}}],"collection":[{"href":"https:\/\/olemosaic.com\/pt-pt\/wp-json\/wp\/v2\/product"}],"about":[{"href":"https:\/\/olemosaic.com\/pt-pt\/wp-json\/wp\/v2\/types\/product"}],"wp:featuredmedia":[{"embeddable":true,"href":"https:\/\/olemosaic.com\/pt-pt\/wp-json\/wp\/v2\/media\/11988"}],"wp:attachment":[{"href":"https:\/\/olemosaic.com\/pt-pt\/wp-json\/wp\/v2\/media?parent=37841"}],"wp:term":[{"taxonomy":"product_brand","embeddable":true,"href":"https:\/\/olemosaic.com\/pt-pt\/wp-json\/wp\/v2\/product_brand?post=37841"},{"taxonomy":"product_cat","embeddable":true,"href":"https:\/\/olemosaic.com\/pt-pt\/wp-json\/wp\/v2\/product_cat?post=37841"},{"taxonomy":"product_tag","embeddable":true,"href":"https:\/\/olemosaic.com\/pt-pt\/wp-json\/wp\/v2\/product_tag?post=37841"}],"curies":[{"name":"wp","href":"https:\/\/api.w.org\/{rel}","templated":true}]}}