{"id":37839,"date":"2025-02-20T23:29:59","date_gmt":"2025-02-20T22:29:59","guid":{"rendered":"http:\/\/olemosaic.com\/producto\/bol-de-coco-azul-isla-tenerife-3\/"},"modified":"2025-07-25T19:35:44","modified_gmt":"2025-07-25T17:35:44","slug":"taca-de-coco-azul-ilha-tenerife-3-pt-pt","status":"publish","type":"product","link":"https:\/\/olemosaic.com\/pt-pt\/produto\/taca-de-coco-azul-ilha-tenerife-3-pt-pt\/","title":{"rendered":"Ta\u00e7a de coco azul. Ilha. Tenerife. Can\u00e1rias. Padr\u00e3o cora\u00e7\u00f5es."},"content":{"rendered":"<p>Esta ta\u00e7a de coco azul, feita \u00e0 m\u00e3o, \u00e9 uma pe\u00e7a aut\u00eantica que captura a beleza da ilha de Tenerife. Com um design cativante em tons azuis e pretos, o seu interior apresenta um vibrante fest\u00e3o de cora\u00e7\u00f5es que rodeia a silhueta da ilha num azul claro brilhante. A palavra &#8220;TENERIFE&#8221; destaca-se numa cor contrastante, criando um apelo visual que convida \u00e0 contempla\u00e7\u00e3o. Cada uma destas ta\u00e7as \u00e9 \u00fanica, reflexo da mestria dos artes\u00e3os locais, inspirados na rica cultura e nas paisagens das Ilhas Can\u00e1rias.<\/p>\n<p>Esta ta\u00e7a de coco n\u00e3o \u00e9 apenas um elemento decorativo bonito, mas tamb\u00e9m uma pe\u00e7a funcional, ideal para servir petiscos, frutas ou como centro de mesa, adicionando um toque de cor can\u00e1ria a qualquer ambiente. O seu design representativo liga os visitantes \u00e0 ess\u00eancia de Tenerife, tornando-a uma recorda\u00e7\u00e3o perfeita para quem procura uma lembran\u00e7a significativa da sua experi\u00eancia na ilha.<\/p>\n<p>Na Ol\u00e9 Mosaic, como distribuidores de recorda\u00e7\u00f5es por grosso, oferecemos produtos que celebram a identidade cultural e a tradi\u00e7\u00e3o da regi\u00e3o. Esta ta\u00e7a de coco azul \u00e9 uma excelente op\u00e7\u00e3o para lojas de presentes tur\u00edsticos que procurem oferecer artigos aut\u00eanticos e de qualidade que representem a heran\u00e7a can\u00e1ria. Com o seu design atraente e a sua liga\u00e7\u00e3o cultural, esta ta\u00e7a \u00e9 um presente ideal para aqueles que desejam recordar a sua visita a Tenerife.<\/p>\n","protected":false},"excerpt":{"rendered":"<p>Ta\u00e7a de coco azul artesanal, inspirada na ilha de Tenerife. Esta atraente ta\u00e7a apresenta um design em tons azuis e pretos, com um fest\u00e3o de cora\u00e7\u00f5es na borda e a silhueta da ilha num vibrante azul claro no centro. A palavra &#8220;TENERIFE&#8221; est\u00e1 inscrita numa cor que contrasta, criando um efeito visual chamativo. Perfeita para decorar e conferir um toque can\u00e1rio a qualquer ambiente.<\/p>\n","protected":false},"featured_media":10203,"template":"","meta":{"_acf_changed":false},"product_brand":[],"product_cat":[513],"product_tag":[],"class_list":{"0":"post-37839","1":"product","2":"type-product","3":"status-publish","4":"has-post-thumbnail","6":"product_cat-bols","7":"pa_ciudad-tenerife","8":"pa_motivo-ilhas","9":"pa_pais-espana","11":"first","12":"instock","13":"shipping-taxable","14":"product-type-simple"},"acf":[],"_links":{"self":[{"href":"https:\/\/olemosaic.com\/pt-pt\/wp-json\/wp\/v2\/product\/37839","targetHints":{"allow":["GET"]}}],"collection":[{"href":"https:\/\/olemosaic.com\/pt-pt\/wp-json\/wp\/v2\/product"}],"about":[{"href":"https:\/\/olemosaic.com\/pt-pt\/wp-json\/wp\/v2\/types\/product"}],"wp:featuredmedia":[{"embeddable":true,"href":"https:\/\/olemosaic.com\/pt-pt\/wp-json\/wp\/v2\/media\/10203"}],"wp:attachment":[{"href":"https:\/\/olemosaic.com\/pt-pt\/wp-json\/wp\/v2\/media?parent=37839"}],"wp:term":[{"taxonomy":"product_brand","embeddable":true,"href":"https:\/\/olemosaic.com\/pt-pt\/wp-json\/wp\/v2\/product_brand?post=37839"},{"taxonomy":"product_cat","embeddable":true,"href":"https:\/\/olemosaic.com\/pt-pt\/wp-json\/wp\/v2\/product_cat?post=37839"},{"taxonomy":"product_tag","embeddable":true,"href":"https:\/\/olemosaic.com\/pt-pt\/wp-json\/wp\/v2\/product_tag?post=37839"}],"curies":[{"name":"wp","href":"https:\/\/api.w.org\/{rel}","templated":true}]}}