{"id":37837,"date":"2025-02-20T23:29:56","date_gmt":"2025-02-20T22:29:56","guid":{"rendered":"http:\/\/olemosaic.com\/producto\/bol-de-coco-azul-mano-5\/"},"modified":"2025-07-25T18:52:51","modified_gmt":"2025-07-25T16:52:51","slug":"taca-de-coco-azul-mao-5-pt-pt","status":"publish","type":"product","link":"https:\/\/olemosaic.com\/pt-pt\/produto\/taca-de-coco-azul-mao-5-pt-pt\/","title":{"rendered":"Ta\u00e7a de coco azul. M\u00e3o de F\u00e1tima. Hamsa."},"content":{"rendered":"<p>Esta ta\u00e7a de coco azul \u00e9 uma pe\u00e7a decorativa e funcional, perfeita para conferir um toque cultural e artesanal a qualquer casa. Elaborada com meticulosidade, o seu exterior exibe uma cor azul profunda, evocativa das paisagens mediterr\u00e2nicas, enquanto o interior se destaca por uma cativante mistura de tons dourados que brilham com eleg\u00e2ncia. No centro, o ic\u00f3nico s\u00edmbolo da m\u00e3o com olho revela-se, representando prote\u00e7\u00e3o e boa fortuna em diversas culturas, acrescentando um significado profundo a este magn\u00edfico objeto.<\/p>\n<p>Com um acabamento artesanal e uma forma suave e org\u00e2nica, esta ta\u00e7a n\u00e3o s\u00f3 \u00e9 ideal para guardar objetos pequenos como chaves ou joias, como tamb\u00e9m se torna numa impressionante pe\u00e7a central para mesas ou prateleiras, captando a aten\u00e7\u00e3o de quem a observa. O seu estilo \u00fanico torna-a o souvenir perfeito, refletindo a rica heran\u00e7a cultural das tradi\u00e7\u00f5es artesanais da regi\u00e3o.<\/p>\n<p>Na Ol\u00e9 Mosaic, orgulhamo-nos de oferecer aos nossos clientes souvenirs aut\u00eanticos e representativos que celebram a cultura espanhola e portuguesa. Esta ta\u00e7a de coco azul n\u00e3o \u00e9 apenas um artigo atrativo para a sua loja, mas tamb\u00e9m uma op\u00e7\u00e3o excecional para os turistas que procuram recorda\u00e7\u00f5es que fundam beleza e significado. Como grossistas de souvenirs, garantimos a originalidade e qualidade de cada pe\u00e7a, oferecendo produtos que real\u00e7am a magia e o encanto da tradi\u00e7\u00e3o artesanal.<\/p>\n","protected":false},"excerpt":{"rendered":"<p>Ta\u00e7a de coco azul de design artesanal, pintada \u00e0 m\u00e3o, ideal como elemento decorativo ou de uso pr\u00e1tico no lar. Esta preciosa ta\u00e7a apresenta uma intrincada mistura de tons azuis e dourados que evocam a beleza de elementos tradicionais. No seu interior, destaca-se um design do s\u00edmbolo da m\u00e3o com o olho, conferindo um toque cultural \u00fanico. Perfeita para guardar pequenos objetos ou como centro de mesa, o seu acabamento artesanal torna-a verdadeiramente especial.<\/p>\n","protected":false},"featured_media":13429,"template":"","meta":{"_acf_changed":false},"product_brand":[],"product_cat":[513],"product_tag":[],"class_list":{"0":"post-37837","1":"product","2":"type-product","3":"status-publish","4":"has-post-thumbnail","6":"product_cat-bols","7":"pa_motivo-maos","9":"first","10":"instock","11":"shipping-taxable","12":"product-type-simple"},"acf":[],"_links":{"self":[{"href":"https:\/\/olemosaic.com\/pt-pt\/wp-json\/wp\/v2\/product\/37837","targetHints":{"allow":["GET"]}}],"collection":[{"href":"https:\/\/olemosaic.com\/pt-pt\/wp-json\/wp\/v2\/product"}],"about":[{"href":"https:\/\/olemosaic.com\/pt-pt\/wp-json\/wp\/v2\/types\/product"}],"wp:featuredmedia":[{"embeddable":true,"href":"https:\/\/olemosaic.com\/pt-pt\/wp-json\/wp\/v2\/media\/13429"}],"wp:attachment":[{"href":"https:\/\/olemosaic.com\/pt-pt\/wp-json\/wp\/v2\/media?parent=37837"}],"wp:term":[{"taxonomy":"product_brand","embeddable":true,"href":"https:\/\/olemosaic.com\/pt-pt\/wp-json\/wp\/v2\/product_brand?post=37837"},{"taxonomy":"product_cat","embeddable":true,"href":"https:\/\/olemosaic.com\/pt-pt\/wp-json\/wp\/v2\/product_cat?post=37837"},{"taxonomy":"product_tag","embeddable":true,"href":"https:\/\/olemosaic.com\/pt-pt\/wp-json\/wp\/v2\/product_tag?post=37837"}],"curies":[{"name":"wp","href":"https:\/\/api.w.org\/{rel}","templated":true}]}}