{"id":37836,"date":"2025-02-20T23:29:56","date_gmt":"2025-02-20T22:29:56","guid":{"rendered":"http:\/\/olemosaic.com\/producto\/bol-de-coco-azul-delfin-5\/"},"modified":"2025-07-25T19:39:57","modified_gmt":"2025-07-25T17:39:57","slug":"taca-de-coco-azul-golfinho-5-pt-pt","status":"publish","type":"product","link":"https:\/\/olemosaic.com\/pt-pt\/produto\/taca-de-coco-azul-golfinho-5-pt-pt\/","title":{"rendered":"Ta\u00e7a de coco azul. Golfinho. Estilo mediterr\u00e2nico."},"content":{"rendered":"<p>Esta ta\u00e7a de coco azul \u00e9 una pe\u00e7a decorativa fascinante que captura a ess\u00eancia do Mediterr\u00e2neo. Elaborada a partir de uma aut\u00eantica casca de coco, esta ta\u00e7a destaca-se pelo seu design vibrante, onde dois golfinhos se encontram num ambiente marinho que evoca a alegria e a riqueza da vida submarina. O fundo preto real\u00e7a os detalhes em azul, criando um contraste impactante que atrai o olhar e desperta a curiosidade. Os golfinhos, pintados com uma t\u00e9cnica minuciosa e \u00e0 m\u00e3o, nadam num mar de cora\u00e7\u00f5es que acrescenta um toque art\u00edstico e divertido, tornando esta ta\u00e7a num elemento \u00fanico e vers\u00e1til, ideal tanto para a decora\u00e7\u00e3o como para o uso funcional no lar.<\/p>\n<p>Este souvenir n\u00e3o \u00e9 apenas uma amostra da riqueza art\u00edstica das costas mediterr\u00e2nicas, mas tamb\u00e9m um reflexo da liga\u00e7\u00e3o cultural com a fauna marinha que habita estas \u00e1guas. A sua autenticidade e o processo artesanal destacam o seu valor, tornando-a uma escolha perfeita para os turistas que procuram uma recorda\u00e7\u00e3o representativa da sua experi\u00eancia. Na Ol\u00e9 Mosaic, somos distribuidores de souvenirs por grosso e esta ta\u00e7a de coco \u00e9 uma excelente op\u00e7\u00e3o para lojas de presentes tur\u00edsticos que desejam oferecer aos seus clientes uma pe\u00e7a aut\u00eantica, colorida e carregada de significado cultural sobre a vida no Mediterr\u00e2neo.<\/p>\n","protected":false},"excerpt":{"rendered":"<p>Ta\u00e7a de coco azul decorada com dois golfinhos num design vibrante. Esta pe\u00e7a \u00fanica, elaborada a partir de uma casca de coco, apresenta um fundo preto com detalhes em azul, onde os golfinhos nadam num mar de cora\u00e7\u00f5es que lhe conferem um toque art\u00edstico. A t\u00e9cnica de design artesanal, pintado \u00e0 m\u00e3o, real\u00e7a as texturas naturais do coco, tornando-a um elemento decorativo ou funcional e atraente para qualquer casa. Ideal como recorda\u00e7\u00e3o das costas mediterr\u00e2nicas.<\/p>\n","protected":false},"featured_media":10179,"template":"","meta":{"_acf_changed":false},"product_brand":[],"product_cat":[513],"product_tag":[516],"class_list":{"0":"post-37836","1":"product","2":"type-product","3":"status-publish","4":"has-post-thumbnail","6":"product_cat-bols","7":"product_tag-animais","8":"pa_motivo-golfinhos","10":"first","11":"instock","12":"shipping-taxable","13":"product-type-simple"},"acf":[],"_links":{"self":[{"href":"https:\/\/olemosaic.com\/pt-pt\/wp-json\/wp\/v2\/product\/37836","targetHints":{"allow":["GET"]}}],"collection":[{"href":"https:\/\/olemosaic.com\/pt-pt\/wp-json\/wp\/v2\/product"}],"about":[{"href":"https:\/\/olemosaic.com\/pt-pt\/wp-json\/wp\/v2\/types\/product"}],"wp:featuredmedia":[{"embeddable":true,"href":"https:\/\/olemosaic.com\/pt-pt\/wp-json\/wp\/v2\/media\/10179"}],"wp:attachment":[{"href":"https:\/\/olemosaic.com\/pt-pt\/wp-json\/wp\/v2\/media?parent=37836"}],"wp:term":[{"taxonomy":"product_brand","embeddable":true,"href":"https:\/\/olemosaic.com\/pt-pt\/wp-json\/wp\/v2\/product_brand?post=37836"},{"taxonomy":"product_cat","embeddable":true,"href":"https:\/\/olemosaic.com\/pt-pt\/wp-json\/wp\/v2\/product_cat?post=37836"},{"taxonomy":"product_tag","embeddable":true,"href":"https:\/\/olemosaic.com\/pt-pt\/wp-json\/wp\/v2\/product_tag?post=37836"}],"curies":[{"name":"wp","href":"https:\/\/api.w.org\/{rel}","templated":true}]}}