{"id":37835,"date":"2025-02-20T23:29:55","date_gmt":"2025-02-20T22:29:55","guid":{"rendered":"http:\/\/olemosaic.com\/producto\/bol-de-coco-azul-delfin-barcelona-4\/"},"modified":"2025-07-25T18:51:12","modified_gmt":"2025-07-25T16:51:12","slug":"taca-de-coco-azul-golfinho-barcelona-4-pt-pt","status":"publish","type":"product","link":"https:\/\/olemosaic.com\/pt-pt\/produto\/taca-de-coco-azul-golfinho-barcelona-4-pt-pt\/","title":{"rendered":"Ta\u00e7a de coco azul. Golfinho. Estilo mediterr\u00e2nico. Barcelona. Fundo marinho."},"content":{"rendered":"<p>Esta ta\u00e7a azul de coco \u00e9 uma pe\u00e7a decorativa excecional que evoca a beleza e frescura do mar Mediterr\u00e2neo, ideal para quem deseja levar um peda\u00e7o de Barcelona para as suas casas. O seu acabamento brilhante e suave ao toque oferece uma experi\u00eancia sensorial \u00fanica, enquanto o seu design, adornado com manchas em diferentes tonalidades de azul, simula as \u00e1guas profundas da costa catal\u00e3. No centro, um elegante golfinho estilizado em tom de cobre destaca-se sobre o fundo, simbolizando a vida marinha que caracteriza a regi\u00e3o. Junto a ele, uma etiqueta com a palavra &#8220;Barcelona&#8221; refor\u00e7a a sua liga\u00e7\u00e3o cultural com a cidade.<\/p>\n<p>Esta ta\u00e7a n\u00e3o \u00e9 apenas perfeita para servir aperitivos, mas tamb\u00e9m funciona como uma chamativa pe\u00e7a decorativa que converter\u00e1 qualquer espa\u00e7o num canto cheio de encanto mediterr\u00e2nico. A sua autenticidade como souvenir de Barcelona torna-a um presente ideal para turistas ou uma recorda\u00e7\u00e3o memor\u00e1vel para quem visitou esta vibrante cidade. Na Ol\u00e9 Mosaic, como grossistas de souvenirs, orgulhamo-nos de oferecer produtos que celebram a cultura e a tradi\u00e7\u00e3o espanhola. Esta ta\u00e7a azul de coco \u00e9 uma excelente op\u00e7\u00e3o para lojas de presentes que procuram artigos \u00fanicos e representativos, ideais para quem deseja levar um toque de Barcelona consigo.<\/p>\n","protected":false},"excerpt":{"rendered":"<p>Ta\u00e7a de coco azul com um design elegante que evoca o mar Mediterr\u00e2neo, ideal para recordar a beleza de Barcelona. Este produto apresenta um acabamento brilhante e suave ao toque, adornado com manchas de diferentes tonalidades de azul que simulam \u00e1guas profundas. No centro, um golfinho estilizado em tom de cobre destaca-se sobre o fundo, acompanhado por uma etiqueta que diz &#8220;Barcelona&#8221;. Perfeita como pe\u00e7a decorativa ou para servir aperitivos.<\/p>\n","protected":false},"featured_media":11869,"template":"","meta":{"_acf_changed":false},"product_brand":[],"product_cat":[513],"product_tag":[516],"class_list":{"0":"post-37835","1":"product","2":"type-product","3":"status-publish","4":"has-post-thumbnail","6":"product_cat-bols","7":"product_tag-animais","8":"pa_ciudad-barcelona","9":"pa_motivo-golfinhos","10":"pa_pais-espana","12":"first","13":"instock","14":"shipping-taxable","15":"product-type-simple"},"acf":[],"_links":{"self":[{"href":"https:\/\/olemosaic.com\/pt-pt\/wp-json\/wp\/v2\/product\/37835","targetHints":{"allow":["GET"]}}],"collection":[{"href":"https:\/\/olemosaic.com\/pt-pt\/wp-json\/wp\/v2\/product"}],"about":[{"href":"https:\/\/olemosaic.com\/pt-pt\/wp-json\/wp\/v2\/types\/product"}],"wp:featuredmedia":[{"embeddable":true,"href":"https:\/\/olemosaic.com\/pt-pt\/wp-json\/wp\/v2\/media\/11869"}],"wp:attachment":[{"href":"https:\/\/olemosaic.com\/pt-pt\/wp-json\/wp\/v2\/media?parent=37835"}],"wp:term":[{"taxonomy":"product_brand","embeddable":true,"href":"https:\/\/olemosaic.com\/pt-pt\/wp-json\/wp\/v2\/product_brand?post=37835"},{"taxonomy":"product_cat","embeddable":true,"href":"https:\/\/olemosaic.com\/pt-pt\/wp-json\/wp\/v2\/product_cat?post=37835"},{"taxonomy":"product_tag","embeddable":true,"href":"https:\/\/olemosaic.com\/pt-pt\/wp-json\/wp\/v2\/product_tag?post=37835"}],"curies":[{"name":"wp","href":"https:\/\/api.w.org\/{rel}","templated":true}]}}