{"id":37834,"date":"2025-02-20T23:29:55","date_gmt":"2025-02-20T22:29:55","guid":{"rendered":"http:\/\/olemosaic.com\/producto\/bol-de-coco-azul-caballito-de-mar-mallorca-5\/"},"modified":"2025-07-25T19:40:07","modified_gmt":"2025-07-25T17:40:07","slug":"taca-de-coco-azul-cavalo-marinho-maiorca-5-pt-pt","status":"publish","type":"product","link":"https:\/\/olemosaic.com\/pt-pt\/produto\/taca-de-coco-azul-cavalo-marinho-maiorca-5-pt-pt\/","title":{"rendered":"Ta\u00e7a de coco azul. Cavalo-marinho. Maiorca. Baleares."},"content":{"rendered":"<p>Esta ta\u00e7a de coco azul \u00e9 uma maravilha de cer\u00e2mica que captura a ess\u00eancia do mar de Maiorca, perfeita como recorda\u00e7\u00e3o para quem deseja levar um peda\u00e7o da beleza da ilha. As suas formas suaves e o vibrante design pintado \u00e0 m\u00e3o apresentam um delicado cavalo-marinho no centro, um s\u00edmbolo ic\u00f3nico das \u00e1guas mediterr\u00e2nicas que banham a costa maiorquina. A paleta de azuis da ta\u00e7a evoca as \u00e1guas cristalinas do Mediterr\u00e2neo, transmitindo uma sensa\u00e7\u00e3o de tranquilidade e frescura.<\/p>\n<p>O acabamento vitrificado brilhante n\u00e3o s\u00f3 real\u00e7a o apelo visual da ta\u00e7a, mas tamb\u00e9m lhe confere durabilidade, tornando-a uma pe\u00e7a tanto decorativa como funcional. Os detalhes da sua superf\u00edcie s\u00e3o complementados por um halo de pontos azuis, criando um efeito visual cativante que atrair\u00e1 a aten\u00e7\u00e3o em qualquer canto da casa. Esta ta\u00e7a \u00e9 uma excelente op\u00e7\u00e3o para turistas que procuram souvenirs aut\u00eanticos e representativos de Maiorca, que reflitam a rica heran\u00e7a cultural da ilha.<\/p>\n<p>Na Ol\u00e9 Mosaic, somos especialistas na distribui\u00e7\u00e3o de souvenirs de cer\u00e2mica por grosso, oferecendo produtos aut\u00eanticos que celebram o patrim\u00f3nio espanhol. Esta ta\u00e7a de coco azul n\u00e3o \u00e9 apenas um elegante objeto decorativo, mas tamb\u00e9m uma recorda\u00e7\u00e3o significativa que real\u00e7a a beleza da regi\u00e3o e a sua liga\u00e7\u00e3o com o mar. Ideal para lojas de presentes tur\u00edsticos que procuram adicionar uma pe\u00e7a \u00fanica \u00e0 sua cole\u00e7\u00e3o.<\/p>\n","protected":false},"excerpt":{"rendered":"<p>Ta\u00e7a de coco azul inspirada na beleza do mar de Maiorca, com um design elegante que apresenta um cavalo-marinho no centro. Fabricada em cer\u00e2mica, esta ta\u00e7a destaca-se pelo seu acabamento de design artesanal, pintado \u00e0 m\u00e3o, com uma paleta de azuis que evoca as \u00e1guas cristalinas da ilha. As suas formas suaves e o vitrificado brilhante real\u00e7am o motivo decorativo, tornando-a uma atraente recorda\u00e7\u00e3o ou pe\u00e7a decorativa perfeita para qualquer canto da casa.<\/p>\n","protected":false},"featured_media":11885,"template":"","meta":{"_acf_changed":false},"product_brand":[],"product_cat":[513],"product_tag":[516],"class_list":{"0":"post-37834","1":"product","2":"type-product","3":"status-publish","4":"has-post-thumbnail","6":"product_cat-bols","7":"product_tag-animais","8":"pa_ciudad-mallorca","9":"pa_motivo-cavalos-marinhos","10":"pa_pais-espana","12":"first","13":"instock","14":"shipping-taxable","15":"product-type-simple"},"acf":[],"_links":{"self":[{"href":"https:\/\/olemosaic.com\/pt-pt\/wp-json\/wp\/v2\/product\/37834","targetHints":{"allow":["GET"]}}],"collection":[{"href":"https:\/\/olemosaic.com\/pt-pt\/wp-json\/wp\/v2\/product"}],"about":[{"href":"https:\/\/olemosaic.com\/pt-pt\/wp-json\/wp\/v2\/types\/product"}],"wp:featuredmedia":[{"embeddable":true,"href":"https:\/\/olemosaic.com\/pt-pt\/wp-json\/wp\/v2\/media\/11885"}],"wp:attachment":[{"href":"https:\/\/olemosaic.com\/pt-pt\/wp-json\/wp\/v2\/media?parent=37834"}],"wp:term":[{"taxonomy":"product_brand","embeddable":true,"href":"https:\/\/olemosaic.com\/pt-pt\/wp-json\/wp\/v2\/product_brand?post=37834"},{"taxonomy":"product_cat","embeddable":true,"href":"https:\/\/olemosaic.com\/pt-pt\/wp-json\/wp\/v2\/product_cat?post=37834"},{"taxonomy":"product_tag","embeddable":true,"href":"https:\/\/olemosaic.com\/pt-pt\/wp-json\/wp\/v2\/product_tag?post=37834"}],"curies":[{"name":"wp","href":"https:\/\/api.w.org\/{rel}","templated":true}]}}