{"id":37833,"date":"2025-02-20T23:29:55","date_gmt":"2025-02-20T22:29:55","guid":{"rendered":"http:\/\/olemosaic.com\/producto\/bol-de-coco-azul-caballito-de-mar-4\/"},"modified":"2025-07-25T20:25:23","modified_gmt":"2025-07-25T18:25:23","slug":"taca-de-coco-azul-cavalo-marinho-4-pt-pt","status":"publish","type":"product","link":"https:\/\/olemosaic.com\/pt-pt\/produto\/taca-de-coco-azul-cavalo-marinho-4-pt-pt\/","title":{"rendered":"Ta\u00e7a de coco azul. Cavalo-marinho. Estilo mediterr\u00e2nico. Espanha."},"content":{"rendered":"<p>Esta ta\u00e7a de coco azul \u00e9 uma pe\u00e7a artesanal que captura a ess\u00eancia do vibrante mundo marinho, ideal para quem procura uma recorda\u00e7\u00e3o aut\u00eantica de Espanha. Elaborada a partir de uma cuidadosa sele\u00e7\u00e3o de cocos, destaca-se pelo seu requintado design pintado \u00e0 m\u00e3o, onde predominam os tons azuis e dourados que evocam a profundidade e a beleza do oceano. A t\u00e9cnica de mosaico empregada na decora\u00e7\u00e3o confere um car\u00e1ter \u00fanico, imitando as ondula\u00e7\u00f5es das ondas e a luz que se reflete na \u00e1gua. No centro, um elegante cavalo-marinho, pintado com delicadeza, acrescenta um toque distintivo que real\u00e7a a liga\u00e7\u00e3o com a vida marinha.<\/p>\n<p>Esta ta\u00e7a n\u00e3o \u00e9 apenas um objeto decorativo, mas tamb\u00e9m uma recorda\u00e7\u00e3o das maravilhas naturais que se encontram nas costas espanholas. A sua autenticidade e acabamento tornam-na um presente perfeito para turistas que desejam levar para casa um peda\u00e7o da cultura e da arte local. Na Ol\u00e9 Mosaic, como distribuidores de recorda\u00e7\u00f5es de qualidade, oferecemos esta ta\u00e7a de coco azul como parte da nossa cole\u00e7\u00e3o de produtos emblem\u00e1ticos que refletem a riqueza do folclore e da artesania da regi\u00e3o. Ideal para lojas de presentes tur\u00edsticos, esta ta\u00e7a \u00e9 uma excelente proposta para aqueles que procuram autenticidade e beleza nas suas compras.<\/p>\n","protected":false},"excerpt":{"rendered":"<p>Ta\u00e7a de coco azul decorada com um elegante cavalo-marinho, que representa a vibrante beleza do fundo marinho. Este produto, feito de coco, destaca-se pelo seu detalhado design artesanal, pintado \u00e0 m\u00e3o, em tons azuis e dourados, criando um efeito de mosaico que evoca o oceano. A imagem central do cavalo-marinho acrescenta um toque distintivo e art\u00edstico, tornando esta ta\u00e7a numa pe\u00e7a ideal para decorar qualquer espa\u00e7o ou para oferecer.<\/p>\n","protected":false},"featured_media":10072,"template":"","meta":{"_acf_changed":false},"product_brand":[],"product_cat":[513],"product_tag":[516],"class_list":{"0":"post-37833","1":"product","2":"type-product","3":"status-publish","4":"has-post-thumbnail","6":"product_cat-bols","7":"product_tag-animais","8":"pa_motivo-cavalos-marinhos","10":"first","11":"instock","12":"shipping-taxable","13":"product-type-simple"},"acf":[],"_links":{"self":[{"href":"https:\/\/olemosaic.com\/pt-pt\/wp-json\/wp\/v2\/product\/37833","targetHints":{"allow":["GET"]}}],"collection":[{"href":"https:\/\/olemosaic.com\/pt-pt\/wp-json\/wp\/v2\/product"}],"about":[{"href":"https:\/\/olemosaic.com\/pt-pt\/wp-json\/wp\/v2\/types\/product"}],"wp:featuredmedia":[{"embeddable":true,"href":"https:\/\/olemosaic.com\/pt-pt\/wp-json\/wp\/v2\/media\/10072"}],"wp:attachment":[{"href":"https:\/\/olemosaic.com\/pt-pt\/wp-json\/wp\/v2\/media?parent=37833"}],"wp:term":[{"taxonomy":"product_brand","embeddable":true,"href":"https:\/\/olemosaic.com\/pt-pt\/wp-json\/wp\/v2\/product_brand?post=37833"},{"taxonomy":"product_cat","embeddable":true,"href":"https:\/\/olemosaic.com\/pt-pt\/wp-json\/wp\/v2\/product_cat?post=37833"},{"taxonomy":"product_tag","embeddable":true,"href":"https:\/\/olemosaic.com\/pt-pt\/wp-json\/wp\/v2\/product_tag?post=37833"}],"curies":[{"name":"wp","href":"https:\/\/api.w.org\/{rel}","templated":true}]}}