{"id":37832,"date":"2025-02-20T23:29:52","date_gmt":"2025-02-20T22:29:52","guid":{"rendered":"http:\/\/olemosaic.com\/producto\/bol-de-coco-azul-sardina-lisboa-6\/"},"modified":"2025-07-25T18:37:45","modified_gmt":"2025-07-25T16:37:45","slug":"taca-de-coco-azul-sardinha-lisboa-6-pt-pt","status":"publish","type":"product","link":"https:\/\/olemosaic.com\/pt-pt\/produto\/taca-de-coco-azul-sardinha-lisboa-6-pt-pt\/","title":{"rendered":"Ta\u00e7a de coco azul. Sardinha. Lisboa. Azulejos portugueses."},"content":{"rendered":"<p>Esta ta\u00e7a de coco azul \u00e9 uma aut\u00eantica obra de arte, inspirada na rica tradi\u00e7\u00e3o piscat\u00f3ria de Lisboa. O seu design circular evoca a forma do oceano, com um interior que joga com tonalidades de azul, lembrando as \u00e1guas cristalinas que banham a capital portuguesa. A superf\u00edcie desta ta\u00e7a destaca-se por um encantador motivo de sardinha pintada em vermelho, um s\u00edmbolo ic\u00f3nico da gastronomia e da cultura lisboetas, que confere um car\u00e1ter distintivo e atraente \u00e0 pe\u00e7a. Al\u00e9m disso, a etiqueta met\u00e1lica com o texto &#8220;LISBOA&#8221; real\u00e7a a sua autenticidade, tornando-a uma recorda\u00e7\u00e3o perfeita desta cidade vibrante.<\/p>\n<p>Esta ta\u00e7a n\u00e3o \u00e9 apenas um objeto decorativo; a sua versatilidade torna-a ideal para real\u00e7ar qualquer mesa, seja num evento, num jantar ou simplesmente como parte da decora\u00e7\u00e3o da casa. A liga\u00e7\u00e3o cultural deste souvenir com Lisboa reflete-se no seu design e nos elementos que o adornam, o que o torna uma recorda\u00e7\u00e3o representativa do estilo de vida local.<\/p>\n<p>Na Ol\u00e9 Mosaic, oferecemos aos nossos clientes uma variedade de souvenirs que capturam a ess\u00eancia cultural de cada regi\u00e3o. Esta ta\u00e7a de coco azul \u00e9 uma excelente op\u00e7\u00e3o para lojas de presentes tur\u00edsticos que procuram artigos aut\u00eanticos e com significado. Como grossistas de souvenirs, garantimos aos nossos parceiros produtos que realcem o melhor de cada lugar.<\/p>\n","protected":false},"excerpt":{"rendered":"<p>Ta\u00e7a de coco azul, inspirada na tradi\u00e7\u00e3o piscat\u00f3ria de Lisboa. Este bonito recipiente destaca-se pelo seu design circular e pelo seu interior colorido, decorado com tons azuis que evocam o oceano. A superf\u00edcie apresenta uma sardinha pintada em vermelho, juntamente com o texto &#8220;LISBOA&#8221; numa etiqueta met\u00e1lica, que lhe d\u00e1 um toque distintivo. Ideal para dar um ar aut\u00eantico a qualquer mesa ou como pe\u00e7a decorativa.<\/p>\n","protected":false},"featured_media":12032,"template":"","meta":{"_acf_changed":false},"product_brand":[],"product_cat":[513],"product_tag":[516],"class_list":{"0":"post-37832","1":"product","2":"type-product","3":"status-publish","4":"has-post-thumbnail","6":"product_cat-bols","7":"product_tag-animais","8":"pa_ciudad-lisboa","9":"pa_motivo-sardinhas","10":"pa_pais-portugal","12":"first","13":"instock","14":"shipping-taxable","15":"product-type-simple"},"acf":[],"_links":{"self":[{"href":"https:\/\/olemosaic.com\/pt-pt\/wp-json\/wp\/v2\/product\/37832","targetHints":{"allow":["GET"]}}],"collection":[{"href":"https:\/\/olemosaic.com\/pt-pt\/wp-json\/wp\/v2\/product"}],"about":[{"href":"https:\/\/olemosaic.com\/pt-pt\/wp-json\/wp\/v2\/types\/product"}],"wp:featuredmedia":[{"embeddable":true,"href":"https:\/\/olemosaic.com\/pt-pt\/wp-json\/wp\/v2\/media\/12032"}],"wp:attachment":[{"href":"https:\/\/olemosaic.com\/pt-pt\/wp-json\/wp\/v2\/media?parent=37832"}],"wp:term":[{"taxonomy":"product_brand","embeddable":true,"href":"https:\/\/olemosaic.com\/pt-pt\/wp-json\/wp\/v2\/product_brand?post=37832"},{"taxonomy":"product_cat","embeddable":true,"href":"https:\/\/olemosaic.com\/pt-pt\/wp-json\/wp\/v2\/product_cat?post=37832"},{"taxonomy":"product_tag","embeddable":true,"href":"https:\/\/olemosaic.com\/pt-pt\/wp-json\/wp\/v2\/product_tag?post=37832"}],"curies":[{"name":"wp","href":"https:\/\/api.w.org\/{rel}","templated":true}]}}