{"id":37830,"date":"2025-02-20T23:29:52","date_gmt":"2025-02-20T22:29:52","guid":{"rendered":"http:\/\/olemosaic.com\/producto\/bol-de-coco-azul-sardina-2\/"},"modified":"2025-07-25T18:54:55","modified_gmt":"2025-07-25T16:54:55","slug":"taca-de-coco-azul-sardinha-2-pt-pt","status":"publish","type":"product","link":"https:\/\/olemosaic.com\/pt-pt\/produto\/taca-de-coco-azul-sardinha-2-pt-pt\/","title":{"rendered":"Ta\u00e7a de coco azul. Sardinha."},"content":{"rendered":"<p>Esta ta\u00e7a de coco azul \u00e9 uma aut\u00eantica joia decorativa e funcional, ideal para captar a aten\u00e7\u00e3o em qualquer contexto culin\u00e1rio ou est\u00e9tico. Fabricada \u00e0 m\u00e3o com materiais naturais, o seu vibrante fundo azul evoca as \u00e1guas do mar Mediterr\u00e2neo, criando uma liga\u00e7\u00e3o imediata com a rica heran\u00e7a piscat\u00f3ria da regi\u00e3o. No centro, uma sardinha branca, pintada com um estilo art\u00edstico distintivo, ergue-se como o elemento principal, rodeada por um encantador design de mosaico em tons claros que acrescenta um toque de sofistica\u00e7\u00e3o ao conjunto.<\/p>\n<p>Esta ta\u00e7a n\u00e3o s\u00f3 \u00e9 perfeita para servir aperitivos, como tamb\u00e9m \u00e9 uma pe\u00e7a decorativa singular para embelezar qualquer mesa ou canto da casa. A combina\u00e7\u00e3o do seu design artesanal e da sua est\u00e9tica vibrante torna-a um souvenir ideal para quem procura uma recorda\u00e7\u00e3o aut\u00eantica das suas viagens \u00e0s costas espanholas. A sardinha, um s\u00edmbolo enraizado na cozinha mediterr\u00e2nica, real\u00e7a a import\u00e2ncia da tradi\u00e7\u00e3o piscat\u00f3ria e da cultura culin\u00e1ria local.<\/p>\n<p>Na Ol\u00e9 Mosaic, especializamo-nos na distribui\u00e7\u00e3o de souvenirs por grosso, oferecendo produtos que n\u00e3o s\u00f3 s\u00e3o visualmente atraentes, como tamb\u00e9m t\u00eam um contexto cultural significativo. Esta ta\u00e7a de coco azul \u00e9 uma excelente op\u00e7\u00e3o para lojas de presentes tur\u00edsticos que desejam oferecer pe\u00e7as \u00fanicas e relevantes que celebrem a identidade regional. Com uma variedade de usos e o seu car\u00e1ter distintivo, esta ta\u00e7a \u00e9 um imprescind\u00edvel para qualquer amante da gastronomia e da decora\u00e7\u00e3o de estilo mediterr\u00e2nico.<\/p>\n","protected":false},"excerpt":{"rendered":"<p>Ta\u00e7a de coco azul decorada com uma ilustra\u00e7\u00e3o de uma sardinha. Esta ta\u00e7a, exclusiva e fabricada uma a uma com materiais naturais, apresenta um vibrante fundo azul que evoca o mar. A sardinha branca centra a aten\u00e7\u00e3o, rodeada de um design de mosaico em tons claros. Um belo exemplo da arte culin\u00e1ria tradicional, ideal para servir aperitivos ou como pe\u00e7a decorativa em qualquer mesa, representando a rica heran\u00e7a piscat\u00f3ria da regi\u00e3o.<\/p>\n","protected":false},"featured_media":11732,"template":"","meta":{"_acf_changed":false},"product_brand":[],"product_cat":[513],"product_tag":[516],"class_list":{"0":"post-37830","1":"product","2":"type-product","3":"status-publish","4":"has-post-thumbnail","6":"product_cat-bols","7":"product_tag-animais","8":"pa_motivo-sardinhas","10":"first","11":"instock","12":"shipping-taxable","13":"product-type-simple"},"acf":[],"_links":{"self":[{"href":"https:\/\/olemosaic.com\/pt-pt\/wp-json\/wp\/v2\/product\/37830","targetHints":{"allow":["GET"]}}],"collection":[{"href":"https:\/\/olemosaic.com\/pt-pt\/wp-json\/wp\/v2\/product"}],"about":[{"href":"https:\/\/olemosaic.com\/pt-pt\/wp-json\/wp\/v2\/types\/product"}],"wp:featuredmedia":[{"embeddable":true,"href":"https:\/\/olemosaic.com\/pt-pt\/wp-json\/wp\/v2\/media\/11732"}],"wp:attachment":[{"href":"https:\/\/olemosaic.com\/pt-pt\/wp-json\/wp\/v2\/media?parent=37830"}],"wp:term":[{"taxonomy":"product_brand","embeddable":true,"href":"https:\/\/olemosaic.com\/pt-pt\/wp-json\/wp\/v2\/product_brand?post=37830"},{"taxonomy":"product_cat","embeddable":true,"href":"https:\/\/olemosaic.com\/pt-pt\/wp-json\/wp\/v2\/product_cat?post=37830"},{"taxonomy":"product_tag","embeddable":true,"href":"https:\/\/olemosaic.com\/pt-pt\/wp-json\/wp\/v2\/product_tag?post=37830"}],"curies":[{"name":"wp","href":"https:\/\/api.w.org\/{rel}","templated":true}]}}