{"id":37829,"date":"2025-02-20T23:29:52","date_gmt":"2025-02-20T22:29:52","guid":{"rendered":"http:\/\/olemosaic.com\/producto\/bol-de-coco-azul-caballito-de-mar-mallorca-4\/"},"modified":"2025-07-25T18:56:26","modified_gmt":"2025-07-25T16:56:26","slug":"taca-de-coco-azul-cavalo-marinho-maiorca-4-pt-pt","status":"publish","type":"product","link":"https:\/\/olemosaic.com\/pt-pt\/produto\/taca-de-coco-azul-cavalo-marinho-maiorca-4-pt-pt\/","title":{"rendered":"Ta\u00e7a de coco azul. Cavalo-marinho. Ilha. Maiorca."},"content":{"rendered":"<p>Esta ta\u00e7a de coco azul \u00e9 uma aut\u00eantica joia artesanal que captura a ess\u00eancia do ambiente marinho de Maiorca. O seu design destaca-se por uma not\u00e1vel combina\u00e7\u00e3o de tonalidades azuis e verdes que evocam as \u00e1guas cristalinas do Mediterr\u00e2neo, criando um efeito visual que transporta para a tranquilidade das costas maiorquinas. A superf\u00edcie da ta\u00e7a, meticulosamente trabalhada, apresenta um acabamento distintivo com texturas suaves que atraem o olhar e o tato, enquanto os delicados detalhes dourados acrescentam um toque de eleg\u00e2ncia sofisticada.<\/p>\n<p>No centro da ta\u00e7a, um encantador cavalo-marinho, s\u00edmbolo da vida marinha e da beleza dos ecossistemas costeiros, ergue-se com gra\u00e7a, proporcionando um elemento visual que liga o observador \u00e0 rica fauna do Mediterr\u00e2neo. Al\u00e9m disso, a palavra &#8220;MALLORCA&#8221; encontra-se elegantemente gravada, refor\u00e7ando o car\u00e1ter aut\u00eantico e representativo desta pe\u00e7a como recorda\u00e7\u00e3o de qualidade.<\/p>\n<p>Esta ta\u00e7a n\u00e3o s\u00f3 \u00e9 ideal para decorar qualquer espa\u00e7o com um toque mar\u00edtimo, como tamb\u00e9m \u00e9 um presente singular que recordar\u00e1 a magia de Maiorca. Na Ol\u00e9 Mosaic, orgulhamo-nos de distribuir recorda\u00e7\u00f5es aut\u00eanticas e representativas. Esta ta\u00e7a de coco \u00e9 uma excelente op\u00e7\u00e3o para lojas de presentes tur\u00edsticos que procuram produtos distintivos que celebrem a cultura e a beleza de Maiorca. Connosco, grossistas de souvenirs, cada produto conta uma hist\u00f3ria.<\/p>\n","protected":false},"excerpt":{"rendered":"<p>Ta\u00e7a de coco azul decorada com um elegante cavalo-marinho, que representa a ess\u00eancia de Maiorca. Esta pe\u00e7a artesanal mostra um design \u00fanico, com tonalidades azuis e verdes que evocam o mar Mediterr\u00e2neo. A sua superf\u00edcie apresenta um acabamento distintivo que combina texturas suaves e detalhes dourados, ao mesmo tempo que incorpora a palavra &#8220;MALLORCA&#8221; gravada, acrescentando um toque aut\u00eantico. Ideal para decora\u00e7\u00e3o ou como presente.<\/p>\n","protected":false},"featured_media":10131,"template":"","meta":{"_acf_changed":false},"product_brand":[],"product_cat":[513],"product_tag":[516],"class_list":{"0":"post-37829","1":"product","2":"type-product","3":"status-publish","4":"has-post-thumbnail","6":"product_cat-bols","7":"product_tag-animais","8":"pa_ciudad-mallorca","9":"pa_motivo-cavalos-marinhos","10":"pa_pais-espana","12":"first","13":"instock","14":"shipping-taxable","15":"product-type-simple"},"acf":[],"_links":{"self":[{"href":"https:\/\/olemosaic.com\/pt-pt\/wp-json\/wp\/v2\/product\/37829","targetHints":{"allow":["GET"]}}],"collection":[{"href":"https:\/\/olemosaic.com\/pt-pt\/wp-json\/wp\/v2\/product"}],"about":[{"href":"https:\/\/olemosaic.com\/pt-pt\/wp-json\/wp\/v2\/types\/product"}],"wp:featuredmedia":[{"embeddable":true,"href":"https:\/\/olemosaic.com\/pt-pt\/wp-json\/wp\/v2\/media\/10131"}],"wp:attachment":[{"href":"https:\/\/olemosaic.com\/pt-pt\/wp-json\/wp\/v2\/media?parent=37829"}],"wp:term":[{"taxonomy":"product_brand","embeddable":true,"href":"https:\/\/olemosaic.com\/pt-pt\/wp-json\/wp\/v2\/product_brand?post=37829"},{"taxonomy":"product_cat","embeddable":true,"href":"https:\/\/olemosaic.com\/pt-pt\/wp-json\/wp\/v2\/product_cat?post=37829"},{"taxonomy":"product_tag","embeddable":true,"href":"https:\/\/olemosaic.com\/pt-pt\/wp-json\/wp\/v2\/product_tag?post=37829"}],"curies":[{"name":"wp","href":"https:\/\/api.w.org\/{rel}","templated":true}]}}