{"id":37828,"date":"2025-02-20T23:29:51","date_gmt":"2025-02-20T22:29:51","guid":{"rendered":"http:\/\/olemosaic.com\/producto\/bol-de-coco-azul-salamandra-tenerife-3\/"},"modified":"2025-07-25T19:23:51","modified_gmt":"2025-07-25T17:23:51","slug":"taca-de-coco-azul-salamandra-tenerife-3-pt-pt","status":"publish","type":"product","link":"https:\/\/olemosaic.com\/pt-pt\/produto\/taca-de-coco-azul-salamandra-tenerife-3-pt-pt\/","title":{"rendered":"Ta\u00e7a de coco azul. Salamandra. Tenerife. Can\u00e1rias."},"content":{"rendered":"<p>Esta ta\u00e7a de coco azul \u00e9 uma aut\u00eantica joia artesanal que captura a ess\u00eancia de Tenerife, uma das ilhas mais belas de Espanha. O seu design, elaborado de forma artesanal, apresenta um acabamento brilhante que se destaca pelo seu mosaico em tons azuis vibrantes e reflexos prateados, evocando as \u00e1guas cristalinas e o mar que rodeia a ilha. No centro da ta\u00e7a, uma elegante salamandra, s\u00edmbolo emblem\u00e1tico da fauna local, ergue-se sobre um fundo preto profundo, real\u00e7ando a sua presen\u00e7a e significado cultural. Junto a esta figura fascinante, a palavra &#8220;TENERIFE&#8221; exibe-se com orgulho, enfatizando a sua liga\u00e7\u00e3o com a rica heran\u00e7a da ilha.<\/p>\n<p>Perfeita como elemento decorativo ou para servir aperitivos, esta ta\u00e7a destaca-se n\u00e3o s\u00f3 pela sua est\u00e9tica, mas tamb\u00e9m pela sua funcionalidade. O uso de materiais locais e a dedica\u00e7\u00e3o artesanal em cada pe\u00e7a real\u00e7am a sua autenticidade, tornando-a um souvenir representativo e significativo do patrim\u00f3nio can\u00e1rio. Na Ol\u00e9 Mosaic, a nossa miss\u00e3o \u00e9 oferecer souvenirs de qualidade por grosso, e esta ta\u00e7a de coco azul n\u00e3o s\u00f3 atrair\u00e1 os turistas, como tamb\u00e9m ser\u00e1 um excelente artigo para lojas de presentes tur\u00edsticos. Esta ta\u00e7a \u00e9 um investimento seguro para aqueles que procuram refletir a cultura e beleza de Tenerife atrav\u00e9s de um souvenir distintivo.<\/p>\n","protected":false},"excerpt":{"rendered":"<p>Ta\u00e7a de coco azul, decorada com uma elegante salamandra que representa o car\u00e1ter distintivo de Tenerife. Este artigo atraente, feito \u00e0 m\u00e3o, apresenta um acabamento brilhante com um design de mosaico em tons azuis e reflexos que evocam o ambiente natural da ilha. A salamandra, s\u00edmbolo da fauna local, ergue-se sobre um fundo preto, juntamente com o texto &#8220;TENERIFE&#8221;, real\u00e7ando ainda mais a sua liga\u00e7\u00e3o cultural. Perfeita como elemento decorativo ou para servir aperitivos.<\/p>\n","protected":false},"featured_media":10224,"template":"","meta":{"_acf_changed":false},"product_brand":[],"product_cat":[513],"product_tag":[516],"class_list":{"0":"post-37828","1":"product","2":"type-product","3":"status-publish","4":"has-post-thumbnail","6":"product_cat-bols","7":"product_tag-animais","8":"pa_ciudad-tenerife","9":"pa_motivo-salamandras","10":"pa_pais-espana","12":"first","13":"instock","14":"shipping-taxable","15":"product-type-simple"},"acf":[],"_links":{"self":[{"href":"https:\/\/olemosaic.com\/pt-pt\/wp-json\/wp\/v2\/product\/37828","targetHints":{"allow":["GET"]}}],"collection":[{"href":"https:\/\/olemosaic.com\/pt-pt\/wp-json\/wp\/v2\/product"}],"about":[{"href":"https:\/\/olemosaic.com\/pt-pt\/wp-json\/wp\/v2\/types\/product"}],"wp:featuredmedia":[{"embeddable":true,"href":"https:\/\/olemosaic.com\/pt-pt\/wp-json\/wp\/v2\/media\/10224"}],"wp:attachment":[{"href":"https:\/\/olemosaic.com\/pt-pt\/wp-json\/wp\/v2\/media?parent=37828"}],"wp:term":[{"taxonomy":"product_brand","embeddable":true,"href":"https:\/\/olemosaic.com\/pt-pt\/wp-json\/wp\/v2\/product_brand?post=37828"},{"taxonomy":"product_cat","embeddable":true,"href":"https:\/\/olemosaic.com\/pt-pt\/wp-json\/wp\/v2\/product_cat?post=37828"},{"taxonomy":"product_tag","embeddable":true,"href":"https:\/\/olemosaic.com\/pt-pt\/wp-json\/wp\/v2\/product_tag?post=37828"}],"curies":[{"name":"wp","href":"https:\/\/api.w.org\/{rel}","templated":true}]}}