{"id":37827,"date":"2025-02-20T22:29:51","date_gmt":"2025-02-20T22:29:51","guid":{"rendered":"http:\/\/olemosaic.com\/producto\/bol-de-coco-azul-isla-tenerife\/"},"modified":"2025-07-25T19:46:19","modified_gmt":"2025-07-25T17:46:19","slug":"taca-de-coco-azul-ilha-tenerife-pt-pt","status":"publish","type":"product","link":"https:\/\/olemosaic.com\/pt-pt\/produto\/taca-de-coco-azul-ilha-tenerife-pt-pt\/","title":{"rendered":"Ta\u00e7a de coco azul. Ilha. Tenerife."},"content":{"rendered":"<p>Esta ta\u00e7a azul de coco \u00e9 uma recorda\u00e7\u00e3o encantadora que evoca a ess\u00eancia vibrante da ilha de Tenerife. Fabricada em cer\u00e2mica de alta qualidade, a sua superf\u00edcie brilhante e colorida \u00e9 adornada com um tom azul profundo que recorda as \u00e1guas cristalinas que rodeiam a ilha. No centro, destaca-se a silhueta branca de Tenerife com o texto &#8220;TENERIFE&#8221; elegantemente desenhado, real\u00e7ando a profunda liga\u00e7\u00e3o com este destino tur\u00edstico emblem\u00e1tico.<\/p>\n<p>O design da ta\u00e7a emula um mosaico caracter\u00edstico, com detalhes em branco que formam um contorno \u00e0 volta da ilha, inspirando-se na rica tradi\u00e7\u00e3o artesanal can\u00e1ria. Esta ta\u00e7a n\u00e3o s\u00f3 \u00e9 ideal como pe\u00e7a decorativa, como tamb\u00e9m pode ser utilizada para servir alimentos, oferecendo um toque distintivo a qualquer mesa. O seu encanto torna-a uma excelente op\u00e7\u00e3o para quem procura levar uma recorda\u00e7\u00e3o aut\u00eantica da cultura can\u00e1ria.<\/p>\n<p>Na Ol\u00e9 Mosaic, especializamo-nos na distribui\u00e7\u00e3o de souvenirs por grosso, e esta ta\u00e7a cer\u00e2mica de Tenerife representa o tipo de arte que ressoa com os turistas que visitam as Ilhas Can\u00e1rias. Este produto, como parte da nossa cole\u00e7\u00e3o de souvenirs, destaca-se pela sua qualidade e relev\u00e2ncia cultural, tornando-se um imprescind\u00edvel para lojas de presentes tur\u00edsticos que procuram oferecer produtos \u00fanicos e significativos.<\/p>\n","protected":false},"excerpt":{"rendered":"<p>Ta\u00e7a de coco azul, inspirada na ilha de Tenerife. Esta ta\u00e7a encantadora, fabricada em cer\u00e2mica, apresenta uma cor azul vibrante com detalhes brancos que ilustram a silhueta da ilha e a palavra &#8220;TENERIFE&#8221;. Decorada com um design caracter\u00edstico que emula um mosaico, a ta\u00e7a evoca a beleza das paisagens can\u00e1rias. Ideal como pe\u00e7a decorativa ou para servir alimentos, acrescenta um toque distintivo a qualquer lar.<\/p>\n","protected":false},"featured_media":11787,"template":"","meta":{"_acf_changed":false},"product_brand":[],"product_cat":[513],"product_tag":[],"class_list":{"0":"post-37827","1":"product","2":"type-product","3":"status-publish","4":"has-post-thumbnail","6":"product_cat-bols","7":"pa_ciudad-tenerife","8":"pa_motivo-ilhas","9":"pa_pais-espana","11":"first","12":"instock","13":"shipping-taxable","14":"product-type-simple"},"acf":[],"_links":{"self":[{"href":"https:\/\/olemosaic.com\/pt-pt\/wp-json\/wp\/v2\/product\/37827","targetHints":{"allow":["GET"]}}],"collection":[{"href":"https:\/\/olemosaic.com\/pt-pt\/wp-json\/wp\/v2\/product"}],"about":[{"href":"https:\/\/olemosaic.com\/pt-pt\/wp-json\/wp\/v2\/types\/product"}],"wp:featuredmedia":[{"embeddable":true,"href":"https:\/\/olemosaic.com\/pt-pt\/wp-json\/wp\/v2\/media\/11787"}],"wp:attachment":[{"href":"https:\/\/olemosaic.com\/pt-pt\/wp-json\/wp\/v2\/media?parent=37827"}],"wp:term":[{"taxonomy":"product_brand","embeddable":true,"href":"https:\/\/olemosaic.com\/pt-pt\/wp-json\/wp\/v2\/product_brand?post=37827"},{"taxonomy":"product_cat","embeddable":true,"href":"https:\/\/olemosaic.com\/pt-pt\/wp-json\/wp\/v2\/product_cat?post=37827"},{"taxonomy":"product_tag","embeddable":true,"href":"https:\/\/olemosaic.com\/pt-pt\/wp-json\/wp\/v2\/product_tag?post=37827"}],"curies":[{"name":"wp","href":"https:\/\/api.w.org\/{rel}","templated":true}]}}