{"id":37826,"date":"2025-02-20T23:29:51","date_gmt":"2025-02-20T22:29:51","guid":{"rendered":"http:\/\/olemosaic.com\/producto\/bol-de-coco-azul-salamandra-tenerife-2\/"},"modified":"2025-07-25T18:57:00","modified_gmt":"2025-07-25T16:57:00","slug":"taca-de-coco-azul-salamandra-tenerife-2-pt-pt","status":"publish","type":"product","link":"https:\/\/olemosaic.com\/pt-pt\/produto\/taca-de-coco-azul-salamandra-tenerife-2-pt-pt\/","title":{"rendered":"Ta\u00e7a de coco azul. Salamandra. Tenerife. Can\u00e1rias. Fundo marinho."},"content":{"rendered":"<p>Esta ta\u00e7a de coco azul \u00e9 uma recorda\u00e7\u00e3o singular de Tenerife, concebida para capturar a beleza natural e a diversidade da fauna can\u00e1ria. Elaborada em cer\u00e2mica de alta qualidade, o seu acabamento brilhante em tonalidades azuis e douradas evoca as vistas vibrantes da ilha, ecoando o c\u00e9u e a luz do sol can\u00e1rio. A decora\u00e7\u00e3o delicada apresenta uma salamandra chamativa, que representa a riqueza da fauna local, e acrescenta um toque art\u00edstico e relevante que real\u00e7a a liga\u00e7\u00e3o cultural com Tenerife.<\/p>\n<p>A t\u00e9cnica de pintura \u00e0 m\u00e3o torna cada pe\u00e7a \u00fanica, com padr\u00f5es intrincados e texturas que convidam \u00e0 admira\u00e7\u00e3o. No centro, o texto &#8220;Tenerife&#8221; integra-se subtilmente, transformando esta ta\u00e7a numa recorda\u00e7\u00e3o n\u00e3o s\u00f3 decorativa, mas tamb\u00e9m significativa. Perfeita para adicionar um peda\u00e7o da cultura de Tenerife ao seu lar, esta ta\u00e7a n\u00e3o serve apenas como um elemento decorativo atrativo, mas tamb\u00e9m como um excelente presente para quem procura levar uma recorda\u00e7\u00e3o aut\u00eantica da sua visita.<\/p>\n<p>Na Ol\u00e9 Mosaic, como grossistas de souvenirs aut\u00eanticos, oferecemos este e outros produtos representativos da rica heran\u00e7a cultural de Espanha, ideais para lojas de presentes tur\u00edsticos que desejam surpreender os seus clientes com artigos de qualidade, representativos e cheios de significado.<\/p>\n","protected":false},"excerpt":{"rendered":"<p>Ta\u00e7a de coco azul decorada com uma salamandra chamativa, que representa a fauna de Tenerife. Esta recorda\u00e7\u00e3o original \u00e9 elaborada em cer\u00e2mica e destaca-se pelo seu acabamento em tons azuis e dourados que evocam a vibrante paisagem can\u00e1ria. A t\u00e9cnica de design artesanal, pintada \u00e0 m\u00e3o, real\u00e7a os detalhes intrincados da superf\u00edcie, enquanto a inscri\u00e7\u00e3o &#8220;Tenerife&#8221; acrescenta um toque local. Ideal para decorar o seu lar com um peda\u00e7o da cultura de Tenerife.<\/p>\n","protected":false},"featured_media":10123,"template":"","meta":{"_acf_changed":false},"product_brand":[],"product_cat":[513],"product_tag":[516],"class_list":{"0":"post-37826","1":"product","2":"type-product","3":"status-publish","4":"has-post-thumbnail","6":"product_cat-bols","7":"product_tag-animais","8":"pa_ciudad-tenerife","9":"pa_motivo-salamandras","10":"pa_pais-espana","12":"first","13":"instock","14":"shipping-taxable","15":"product-type-simple"},"acf":[],"_links":{"self":[{"href":"https:\/\/olemosaic.com\/pt-pt\/wp-json\/wp\/v2\/product\/37826","targetHints":{"allow":["GET"]}}],"collection":[{"href":"https:\/\/olemosaic.com\/pt-pt\/wp-json\/wp\/v2\/product"}],"about":[{"href":"https:\/\/olemosaic.com\/pt-pt\/wp-json\/wp\/v2\/types\/product"}],"wp:featuredmedia":[{"embeddable":true,"href":"https:\/\/olemosaic.com\/pt-pt\/wp-json\/wp\/v2\/media\/10123"}],"wp:attachment":[{"href":"https:\/\/olemosaic.com\/pt-pt\/wp-json\/wp\/v2\/media?parent=37826"}],"wp:term":[{"taxonomy":"product_brand","embeddable":true,"href":"https:\/\/olemosaic.com\/pt-pt\/wp-json\/wp\/v2\/product_brand?post=37826"},{"taxonomy":"product_cat","embeddable":true,"href":"https:\/\/olemosaic.com\/pt-pt\/wp-json\/wp\/v2\/product_cat?post=37826"},{"taxonomy":"product_tag","embeddable":true,"href":"https:\/\/olemosaic.com\/pt-pt\/wp-json\/wp\/v2\/product_tag?post=37826"}],"curies":[{"name":"wp","href":"https:\/\/api.w.org\/{rel}","templated":true}]}}