{"id":37825,"date":"2025-02-20T23:29:51","date_gmt":"2025-02-20T22:29:51","guid":{"rendered":"http:\/\/olemosaic.com\/producto\/bol-de-coco-azul-bailaora-4\/"},"modified":"2025-07-25T18:58:15","modified_gmt":"2025-07-25T16:58:15","slug":"taca-de-coco-azul-bailarina-4-pt-pt","status":"publish","type":"product","link":"https:\/\/olemosaic.com\/pt-pt\/produto\/taca-de-coco-azul-bailarina-4-pt-pt\/","title":{"rendered":"Ta\u00e7a de coco azul. Bailarina. Andaluzia."},"content":{"rendered":"<p>Esta ta\u00e7a azul de coco \u00e9 uma recorda\u00e7\u00e3o extraordin\u00e1ria que captura a ess\u00eancia do folclore espanhol, especialmente da cultura andaluza. Elaborada a partir de uma casca de coco, oferece uma base robusta e um design vibrante e elegante ao mesmo tempo. O seu fundo azul intenso \u00e9 uma homenagem aos c\u00e9us limpos de Espanha, sobre o qual se destaca a silhueta branca de uma bailarina em movimento, evocando a gra\u00e7a e a paix\u00e3o do flamenco. Rodeando a bailarina, um delicado design de mosaico complementa a obra, acrescentando um toque art\u00edstico e distintivo.<\/p>\n<p>A t\u00e9cnica de pintura \u00e0 m\u00e3o garante que cada ta\u00e7a seja \u00fanica, com detalhes meticulosamente elaborados que refletem a autenticidade deste produto, representando uma excelente recorda\u00e7\u00e3o da cultura espanhola. Esta ta\u00e7a \u00e9 ideal tanto para decorar a casa como para colecionar, permitindo que os turistas levem um peda\u00e7o da tradi\u00e7\u00e3o espanhola. Na Ol\u00e9 Mosaic, como distribuidores de souvenirs por grosso, oferecemos uma ampla variedade de produtos aut\u00eanticos que destacam a arte e a cultura de Espanha. Esta ta\u00e7a de coco \u00e9 uma op\u00e7\u00e3o excecional para lojas de presentes tur\u00edsticos que procuram oferecer aos seus clientes uma recorda\u00e7\u00e3o significativa e representativa do rico folclore espanhol.<\/p>\n","protected":false},"excerpt":{"rendered":"<p>Ta\u00e7a de coco azul, decorada com a imagem de uma bailarina de flamenco. Esta ta\u00e7a original, elaborada a partir de uma casca de coco, apresenta um fundo azul vibrante que real\u00e7a a silhueta branca de uma bailarina em movimento, rodeada por um design em mosaico. A t\u00e9cnica de design artesanal, pintada \u00e0 m\u00e3o, e os detalhes delicados fazem desta ta\u00e7a uma recorda\u00e7\u00e3o \u00fanica e representativa do rico folclore espanhol. Ideal para decora\u00e7\u00e3o ou como objeto de cole\u00e7\u00e3o atrativo.<\/p>\n","protected":false},"featured_media":12028,"template":"","meta":{"_acf_changed":false},"product_brand":[],"product_cat":[513],"product_tag":[],"class_list":{"0":"post-37825","1":"product","2":"type-product","3":"status-publish","4":"has-post-thumbnail","6":"product_cat-bols","7":"pa_motivo-dancarinos","9":"first","10":"instock","11":"shipping-taxable","12":"product-type-simple"},"acf":[],"_links":{"self":[{"href":"https:\/\/olemosaic.com\/pt-pt\/wp-json\/wp\/v2\/product\/37825","targetHints":{"allow":["GET"]}}],"collection":[{"href":"https:\/\/olemosaic.com\/pt-pt\/wp-json\/wp\/v2\/product"}],"about":[{"href":"https:\/\/olemosaic.com\/pt-pt\/wp-json\/wp\/v2\/types\/product"}],"wp:featuredmedia":[{"embeddable":true,"href":"https:\/\/olemosaic.com\/pt-pt\/wp-json\/wp\/v2\/media\/12028"}],"wp:attachment":[{"href":"https:\/\/olemosaic.com\/pt-pt\/wp-json\/wp\/v2\/media?parent=37825"}],"wp:term":[{"taxonomy":"product_brand","embeddable":true,"href":"https:\/\/olemosaic.com\/pt-pt\/wp-json\/wp\/v2\/product_brand?post=37825"},{"taxonomy":"product_cat","embeddable":true,"href":"https:\/\/olemosaic.com\/pt-pt\/wp-json\/wp\/v2\/product_cat?post=37825"},{"taxonomy":"product_tag","embeddable":true,"href":"https:\/\/olemosaic.com\/pt-pt\/wp-json\/wp\/v2\/product_tag?post=37825"}],"curies":[{"name":"wp","href":"https:\/\/api.w.org\/{rel}","templated":true}]}}