{"id":37824,"date":"2025-02-20T23:29:51","date_gmt":"2025-02-20T22:29:51","guid":{"rendered":"http:\/\/olemosaic.com\/producto\/bol-de-coco-azul-tortuga-mallorca-5\/"},"modified":"2025-07-25T19:35:21","modified_gmt":"2025-07-25T17:35:21","slug":"taca-de-coco-azul-tartaruga-maiorca-5-pt-pt","status":"publish","type":"product","link":"https:\/\/olemosaic.com\/pt-pt\/produto\/taca-de-coco-azul-tartaruga-maiorca-5-pt-pt\/","title":{"rendered":"Ta\u00e7a de coco azul. Tartaruga. Estilo mediterr\u00e2nico. Maiorca."},"content":{"rendered":"<p>Esta ta\u00e7a de coco azul \u00e9 uma recorda\u00e7\u00e3o requintada que captura a ess\u00eancia de Maiorca, combinando arte e natureza num \u00fanico objeto decorativo. Fabricada a partir de uma casca de coco, esta ta\u00e7a foi meticulosamente pintada \u00e0 m\u00e3o com tons vibrantes de azul e dourado, que evocam as \u00e1guas cristalinas e as paisagens ensolaradas da ilha. No centro, resplandece a imagem de uma tartaruga, um s\u00edmbolo emblem\u00e1tico da fauna marinha de Maiorca, que recorda a rica biodiversidade do Mediterr\u00e2neo. Logo abaixo da tartaruga, a palavra &#8220;MALLORCA&#8221; apresenta-se com eleg\u00e2ncia, refor\u00e7ando a liga\u00e7\u00e3o entre o objeto e a sua origem.<\/p>\n<p>Com o seu design atrativo e detalhado, esta ta\u00e7a n\u00e3o s\u00f3 serve como um centro de mesa funcional, mas tamb\u00e9m como uma pe\u00e7a ornamental que encantar\u00e1 qualquer visitante ou amante de Maiorca. A fus\u00e3o de cores e a qualidade artesanal destacam a sua autenticidade, tornando este artigo uma recorda\u00e7\u00e3o significativa para qualquer turista. Na Ol\u00e9 Mosaic, especializamo-nos na distribui\u00e7\u00e3o de souvenirs por grosso, e esta ta\u00e7a de coco azul \u00e9 uma excelente escolha para quem procura produtos \u00fanicos e representativos da cultura de Maiorca. Perfeita para lojas de presentes tur\u00edsticos, esta ta\u00e7a combina tradi\u00e7\u00e3o e criatividade, oferecendo um peda\u00e7o de Maiorca em cada lar.<\/p>\n","protected":false},"excerpt":{"rendered":"<p>Ta\u00e7a de coco azul decorada com um elegante design de tartaruga, s\u00edmbolo da fauna marinha de Maiorca. Este artigo original \u00e9 fabricado a partir de uma casca de coco, com design artesanal, pintado \u00e0 m\u00e3o, com tons azuis e dourados que recriam um fundo vibrante e atrativo. No centro da ta\u00e7a, destaca-se a imagem da tartaruga, acompanhada pelo texto &#8220;MALLORCA&#8221;, encapsulando a ess\u00eancia da ilha num objeto decorativo \u00fanico. Ideal como centro de mesa ou pe\u00e7a ornamental.<\/p>\n","protected":false},"featured_media":10155,"template":"","meta":{"_acf_changed":false},"product_brand":[],"product_cat":[513],"product_tag":[516],"class_list":{"0":"post-37824","1":"product","2":"type-product","3":"status-publish","4":"has-post-thumbnail","6":"product_cat-bols","7":"product_tag-animais","8":"pa_ciudad-mallorca","9":"pa_motivo-tartarugas","10":"pa_pais-espana","12":"first","13":"instock","14":"shipping-taxable","15":"product-type-simple"},"acf":[],"_links":{"self":[{"href":"https:\/\/olemosaic.com\/pt-pt\/wp-json\/wp\/v2\/product\/37824","targetHints":{"allow":["GET"]}}],"collection":[{"href":"https:\/\/olemosaic.com\/pt-pt\/wp-json\/wp\/v2\/product"}],"about":[{"href":"https:\/\/olemosaic.com\/pt-pt\/wp-json\/wp\/v2\/types\/product"}],"wp:featuredmedia":[{"embeddable":true,"href":"https:\/\/olemosaic.com\/pt-pt\/wp-json\/wp\/v2\/media\/10155"}],"wp:attachment":[{"href":"https:\/\/olemosaic.com\/pt-pt\/wp-json\/wp\/v2\/media?parent=37824"}],"wp:term":[{"taxonomy":"product_brand","embeddable":true,"href":"https:\/\/olemosaic.com\/pt-pt\/wp-json\/wp\/v2\/product_brand?post=37824"},{"taxonomy":"product_cat","embeddable":true,"href":"https:\/\/olemosaic.com\/pt-pt\/wp-json\/wp\/v2\/product_cat?post=37824"},{"taxonomy":"product_tag","embeddable":true,"href":"https:\/\/olemosaic.com\/pt-pt\/wp-json\/wp\/v2\/product_tag?post=37824"}],"curies":[{"name":"wp","href":"https:\/\/api.w.org\/{rel}","templated":true}]}}