{"id":37823,"date":"2025-02-20T23:29:51","date_gmt":"2025-02-20T22:29:51","guid":{"rendered":"http:\/\/olemosaic.com\/producto\/bol-de-coco-azul-tenerife\/"},"modified":"2025-07-25T20:28:45","modified_gmt":"2025-07-25T18:28:45","slug":"taca-de-coco-azul-tenerife-pt-pt","status":"publish","type":"product","link":"https:\/\/olemosaic.com\/pt-pt\/produto\/taca-de-coco-azul-tenerife-pt-pt\/","title":{"rendered":"Ta\u00e7a de coco azul. Tenerife."},"content":{"rendered":"<p>Esta ta\u00e7a de coco azul \u00e9 uma recorda\u00e7\u00e3o requintada inspirada na beleza natural de Tenerife. Elaborada artesanalmente, esta elegante ta\u00e7a captura a ess\u00eancia do mar e do c\u00e9u da ilha com o seu design vibrante em tons azuis e dourados. A sua superf\u00edcie iridescente, decorada com pormenores finos que evocam as texturas marinhas, transforma esta pe\u00e7a num objeto decorativo e funcional, ideal para real\u00e7ar qualquer lar.<\/p>\n<p>No centro da ta\u00e7a, resplandece a inscri\u00e7\u00e3o &#8220;Tenerife&#8221;, realizada em madrep\u00e9rola, um toque distintivo que confere um ar de autenticidade e singularidade ao produto. A t\u00e9cnica utilizada, que joga com matizes de azul e dourado, n\u00e3o s\u00f3 reflete a riqueza crom\u00e1tica da ilha, como tamb\u00e9m tem uma liga\u00e7\u00e3o cultural significativa, recordando a import\u00e2ncia do ambiente marinho na vida e nas tradi\u00e7\u00f5es de Tenerife.<\/p>\n<p>Esta ta\u00e7a de coco azul \u00e9 um excelente presente para turistas que procuram recorda\u00e7\u00f5es aut\u00eanticas de Tenerife, pois representa uma parte do seu patrim\u00f3nio cultural. Na Ol\u00e9 Mosaic, especializamo-nos na distribui\u00e7\u00e3o de souvenirs por grosso, oferecendo produtos que capturam a ess\u00eancia da identidade regional. Esta ta\u00e7a n\u00e3o \u00e9 apenas um artigo decorativo, mas uma recorda\u00e7\u00e3o inestim\u00e1vel para quem deseja levar um peda\u00e7o da ilha m\u00e1gica. Como grossistas de produtos t\u00edpicos, garantimos a autenticidade e a qualidade em cada pe\u00e7a.<\/p>\n","protected":false},"excerpt":{"rendered":"<p>Ta\u00e7a de coco azul, inspirada na beleza de Tenerife. Esta elegante ta\u00e7a \u00e9 elaborada em coco e decorada com um design vibrante em tons azuis e dourados, que evocam o mar e o c\u00e9u da ilha. No centro, um toque distintivo com a inscri\u00e7\u00e3o &#8220;Tenerife&#8221; destaca-se em madrep\u00e9rola. A t\u00e9cnica artesanal utilizada real\u00e7a as texturas marinhas e a riqueza crom\u00e1tica, tornando-a uma pe\u00e7a decorativa e funcional ideal para qualquer lar.<\/p>\n","protected":false},"featured_media":10104,"template":"","meta":{"_acf_changed":false},"product_brand":[],"product_cat":[513],"product_tag":[],"class_list":{"0":"post-37823","1":"product","2":"type-product","3":"status-publish","4":"has-post-thumbnail","6":"product_cat-bols","7":"pa_ciudad-tenerife","8":"pa_pais-espana","10":"first","11":"instock","12":"shipping-taxable","13":"product-type-simple"},"acf":[],"_links":{"self":[{"href":"https:\/\/olemosaic.com\/pt-pt\/wp-json\/wp\/v2\/product\/37823","targetHints":{"allow":["GET"]}}],"collection":[{"href":"https:\/\/olemosaic.com\/pt-pt\/wp-json\/wp\/v2\/product"}],"about":[{"href":"https:\/\/olemosaic.com\/pt-pt\/wp-json\/wp\/v2\/types\/product"}],"wp:featuredmedia":[{"embeddable":true,"href":"https:\/\/olemosaic.com\/pt-pt\/wp-json\/wp\/v2\/media\/10104"}],"wp:attachment":[{"href":"https:\/\/olemosaic.com\/pt-pt\/wp-json\/wp\/v2\/media?parent=37823"}],"wp:term":[{"taxonomy":"product_brand","embeddable":true,"href":"https:\/\/olemosaic.com\/pt-pt\/wp-json\/wp\/v2\/product_brand?post=37823"},{"taxonomy":"product_cat","embeddable":true,"href":"https:\/\/olemosaic.com\/pt-pt\/wp-json\/wp\/v2\/product_cat?post=37823"},{"taxonomy":"product_tag","embeddable":true,"href":"https:\/\/olemosaic.com\/pt-pt\/wp-json\/wp\/v2\/product_tag?post=37823"}],"curies":[{"name":"wp","href":"https:\/\/api.w.org\/{rel}","templated":true}]}}