{"id":37809,"date":"2025-02-20T23:29:38","date_gmt":"2025-02-20T22:29:38","guid":{"rendered":"http:\/\/olemosaic.com\/producto\/bol-de-coco-amarillo-salamandra-gran-canaria\/"},"modified":"2025-07-25T19:31:22","modified_gmt":"2025-07-25T17:31:22","slug":"taca-de-coco-amarela-salamandra-gran-canaria-pt-pt","status":"publish","type":"product","link":"https:\/\/olemosaic.com\/pt-pt\/produto\/taca-de-coco-amarela-salamandra-gran-canaria-pt-pt\/","title":{"rendered":"Ta\u00e7a de coco amarela. Salamandra. Gran Canaria."},"content":{"rendered":"<p>Esta ta\u00e7a de coco amarela, adornada com uma encantadora salamandra, \u00e9 um aut\u00eantico souvenir de Gran Canaria que captura a ess\u00eancia da sua rica cultura e biodiversidade. Cada ta\u00e7a \u00e9 meticulosamente pintada \u00e0 m\u00e3o, apresentando um fundo amarelo vibrante que real\u00e7a a figura central de uma salamandra preta, s\u00edmbolo da fauna end\u00e9mica da ilha. O design inclui um padr\u00e3o carinhoso de cora\u00e7\u00f5es que emoldura a salamandra, acrescentando um toque de ternura e criatividade. Na parte inferior, a inscri\u00e7\u00e3o &#8220;Gran Canaria&#8221; destaca-se, convertendo esta ta\u00e7a numa recorda\u00e7\u00e3o \u00fanica da visita \u00e0 ilha.<\/p>\n<p>Fabricada em coco, esta ta\u00e7a combina est\u00e9tica e funcionalidade, sendo o complemento ideal para o lar, seja como objeto decorativo ou para servir aperitivos. A sua liga\u00e7\u00e3o cultural manifesta-se na representa\u00e7\u00e3o da salamandra, um s\u00edmbolo que reflete a rica vida selvagem de Gran Canaria e o seu ambiente natural. Esta ta\u00e7a n\u00e3o \u00e9 apenas um objeto, mas um peda\u00e7o da tradi\u00e7\u00e3o can\u00e1ria que pode ser apreciado em qualquer casa.<\/p>\n<p>Na Ol\u00e9 Mosaic, orgulhamo-nos de oferecer souvenirs aut\u00eanticos e de qualidade por grosso, como esta exclusiva ta\u00e7a de coco, perfeita para lojas de presentes tur\u00edsticos que procuram produtos que representem fielmente a cultura local. Esta ta\u00e7a de salamandra \u00e9 uma excelente op\u00e7\u00e3o para turistas que desejam levar um peda\u00e7o de Gran Canaria e o seu encanto para casa.<\/p>\n","protected":false},"excerpt":{"rendered":"<p>Ta\u00e7a de coco amarela decorada com uma simp\u00e1tica salamandra, um souvenir perfeito de Gran Canaria. Esta exclusiva ta\u00e7a apresenta um design artesanal, pintado \u00e0 m\u00e3o, em tons amarelos e pretos, com um padr\u00e3o de cora\u00e7\u00f5es que emoldura a figura central da salamandra. A inscri\u00e7\u00e3o &#8220;Gran Canaria&#8221; destaca-se na parte inferior, acrescentando um toque distintivo. Fabricada em coco, combina funcionalidade e est\u00e9tica, tornando-a um complemento ideal para o lar.<\/p>\n","protected":false},"featured_media":10221,"template":"","meta":{"_acf_changed":false},"product_brand":[],"product_cat":[513],"product_tag":[516],"class_list":{"0":"post-37809","1":"product","2":"type-product","3":"status-publish","4":"has-post-thumbnail","6":"product_cat-bols","7":"product_tag-animais","8":"pa_ciudad-gran-canaria","9":"pa_motivo-salamandras","10":"pa_pais-espana","12":"first","13":"instock","14":"shipping-taxable","15":"product-type-simple"},"acf":[],"_links":{"self":[{"href":"https:\/\/olemosaic.com\/pt-pt\/wp-json\/wp\/v2\/product\/37809","targetHints":{"allow":["GET"]}}],"collection":[{"href":"https:\/\/olemosaic.com\/pt-pt\/wp-json\/wp\/v2\/product"}],"about":[{"href":"https:\/\/olemosaic.com\/pt-pt\/wp-json\/wp\/v2\/types\/product"}],"wp:featuredmedia":[{"embeddable":true,"href":"https:\/\/olemosaic.com\/pt-pt\/wp-json\/wp\/v2\/media\/10221"}],"wp:attachment":[{"href":"https:\/\/olemosaic.com\/pt-pt\/wp-json\/wp\/v2\/media?parent=37809"}],"wp:term":[{"taxonomy":"product_brand","embeddable":true,"href":"https:\/\/olemosaic.com\/pt-pt\/wp-json\/wp\/v2\/product_brand?post=37809"},{"taxonomy":"product_cat","embeddable":true,"href":"https:\/\/olemosaic.com\/pt-pt\/wp-json\/wp\/v2\/product_cat?post=37809"},{"taxonomy":"product_tag","embeddable":true,"href":"https:\/\/olemosaic.com\/pt-pt\/wp-json\/wp\/v2\/product_tag?post=37809"}],"curies":[{"name":"wp","href":"https:\/\/api.w.org\/{rel}","templated":true}]}}