{"id":37805,"date":"2025-02-20T23:29:35","date_gmt":"2025-02-20T22:29:35","guid":{"rendered":"http:\/\/olemosaic.com\/producto\/bol-de-ceramica-de-95-cm-salamandra-mallorca-beige\/"},"modified":"2025-07-25T18:41:54","modified_gmt":"2025-07-25T16:41:54","slug":"taca-de-ceramica-de-9-5-cm-salamandra-maiorca-bege-pt-pt","status":"publish","type":"product","link":"https:\/\/olemosaic.com\/pt-pt\/produto\/taca-de-ceramica-de-9-5-cm-salamandra-maiorca-bege-pt-pt\/","title":{"rendered":"Ta\u00e7a de cer\u00e2mica de 9,5 cm. Salamandra. Maiorca. Bege"},"content":{"rendered":"<p>Esta ta\u00e7a de cer\u00e2mica de 9,5 cm, decorada com encantadoras salamandras, \u00e9 um souvenir perfeito que encerra o esp\u00edrito vibrante de Maiorca. O seu design destaca-se por um padr\u00e3o geom\u00e9trico colorido que mistura tons de vermelho, azul e verde em ilustra\u00e7\u00f5es de salamandras, rodeadas de flores simp\u00e1ticas, o que a torna uma pe\u00e7a alegre e cheia de vida. O interior da ta\u00e7a \u00e9 de um branco radiante, enquanto o exterior \u00e9 debruado num verde intenso, criando um contraste atraente que chamar\u00e1 a aten\u00e7\u00e3o dos visitantes.<\/p>\n<p>Esta ta\u00e7a n\u00e3o s\u00f3 \u00e9 funcional, ideal para servir aperitivos ou como elemento decorativo no lar, como tamb\u00e9m \u00e9 uma recorda\u00e7\u00e3o aut\u00eantica da riqueza cultural de Maiorca. As salamandras, que simbolizam a fauna local, evocam a liga\u00e7\u00e3o \u00edntima da ilha com a natureza e a sua biodiversidade. Al\u00e9m disso, a impress\u00e3o da palavra &#8220;MAIORCA&#8221; na ta\u00e7a refor\u00e7a a sua identidade como uma recorda\u00e7\u00e3o representativa da regi\u00e3o, perfeita para turistas que procuram souvenirs \u00fanicos.<\/p>\n<p>Na Ol\u00e9 Mosaic, somos distribuidores de souvenirs de cer\u00e2mica de alta qualidade e garantimos que cada pe\u00e7a oferece um valor cultural significativo. Esta ta\u00e7a de cer\u00e2mica com salamandras \u00e9 uma op\u00e7\u00e3o ideal para lojas de presentes tur\u00edsticos, destacando-se entre outros souvenirs de Maiorca gra\u00e7as \u00e0 sua autenticidade e design muito especial.<\/p>\n","protected":false},"excerpt":{"rendered":"<p>Ta\u00e7a de cer\u00e2mica de 9,5 cm decorada com simp\u00e1ticas salamandras, que representam o esp\u00edrito de Maiorca. Esta ta\u00e7a colorida apresenta um design geom\u00e9trico e vibrante, com salamandras em tons de vermelho, azul e verde, rodeadas de flores e a palavra &#8220;MAIORCA&#8221; impressa. O exterior \u00e9 debruado num verde intenso, enquanto o interior \u00e9 branco, o que cria um contraste atraente. Ideal como elemento decorativo ou para servir aperitivos.<\/p>\n","protected":false},"featured_media":7722,"template":"","meta":{"_acf_changed":false},"product_brand":[],"product_cat":[513],"product_tag":[516,515],"class_list":{"0":"post-37805","1":"product","2":"type-product","3":"status-publish","4":"has-post-thumbnail","6":"product_cat-bols","7":"product_tag-animais","8":"product_tag-ceramica","9":"pa_ciudad-mallorca","10":"pa_motivo-salamandras","11":"pa_pais-espana","13":"first","14":"instock","15":"shipping-taxable","16":"product-type-simple"},"acf":[],"_links":{"self":[{"href":"https:\/\/olemosaic.com\/pt-pt\/wp-json\/wp\/v2\/product\/37805","targetHints":{"allow":["GET"]}}],"collection":[{"href":"https:\/\/olemosaic.com\/pt-pt\/wp-json\/wp\/v2\/product"}],"about":[{"href":"https:\/\/olemosaic.com\/pt-pt\/wp-json\/wp\/v2\/types\/product"}],"wp:featuredmedia":[{"embeddable":true,"href":"https:\/\/olemosaic.com\/pt-pt\/wp-json\/wp\/v2\/media\/7722"}],"wp:attachment":[{"href":"https:\/\/olemosaic.com\/pt-pt\/wp-json\/wp\/v2\/media?parent=37805"}],"wp:term":[{"taxonomy":"product_brand","embeddable":true,"href":"https:\/\/olemosaic.com\/pt-pt\/wp-json\/wp\/v2\/product_brand?post=37805"},{"taxonomy":"product_cat","embeddable":true,"href":"https:\/\/olemosaic.com\/pt-pt\/wp-json\/wp\/v2\/product_cat?post=37805"},{"taxonomy":"product_tag","embeddable":true,"href":"https:\/\/olemosaic.com\/pt-pt\/wp-json\/wp\/v2\/product_tag?post=37805"}],"curies":[{"name":"wp","href":"https:\/\/api.w.org\/{rel}","templated":true}]}}