{"id":37803,"date":"2025-02-20T23:29:35","date_gmt":"2025-02-20T22:29:35","guid":{"rendered":"http:\/\/olemosaic.com\/producto\/bol-de-ceramica-de-95-cm-panoramica-barcelona-beige\/"},"modified":"2025-07-25T20:41:49","modified_gmt":"2025-07-25T18:41:49","slug":"taca-de-ceramica-de-9-5-cm-panoramica-barcelona-bege-pt-pt","status":"publish","type":"product","link":"https:\/\/olemosaic.com\/pt-pt\/produto\/taca-de-ceramica-de-9-5-cm-panoramica-barcelona-bege-pt-pt\/","title":{"rendered":"Ta\u00e7a de cer\u00e2mica de 9,5 cm. Panor\u00e2mica. Barcelona. Bege"},"content":{"rendered":"<p>Esta ta\u00e7a de cer\u00e2mica de 9,5 cm \u00e9 uma aut\u00eantica joia que captura a ess\u00eancia vibrante de Barcelona. Apresenta uma panor\u00e2mica colorida da cidade, destacando a emblem\u00e1tica Sagrada Fam\u00edlia juntamente com outros monumentos ic\u00f3nicos, todos imersos num mundo de cor. O seu design de mosaico, que presta homenagem ao modernismo catal\u00e3o, reflete a criatividade e o engenho art\u00edstico que caracterizam esta maravilhosa cidade. O interior branco da ta\u00e7a contrasta elegantemente com a borda vermelha, criando um efeito visual que ressalta cada detalhe art\u00edstico. Nas laterais, o texto &#8220;Barcelona&#8221; e os pormenores ornamentados acrescentam um toque \u00fanico e aut\u00eantico, tornando-a um souvenir ideal para aqueles que desejam levar consigo um peda\u00e7o desta vibrante metr\u00f3pole.<\/p>\n<p>Como representante da cultura catal\u00e3, esta ta\u00e7a n\u00e3o \u00e9 apenas um objeto funcional, mas tamb\u00e9m uma recorda\u00e7\u00e3o representativa que celebra a arquitetura e a arte de Barcelona. \u00c9 uma excelente escolha para turistas que procuram souvenirs significativos que reflitam a rica heran\u00e7a cultural da regi\u00e3o. Na Ol\u00e9 Mosaic, orgulhamo-nos de oferecer cer\u00e2mica aut\u00eantica e de qualidade por grosso, fazendo desta ta\u00e7a uma op\u00e7\u00e3o perfeita para lojas de presentes tur\u00edsticos que desejam proporcionar aos seus clientes recorda\u00e7\u00f5es aut\u00eanticas e art\u00edsticas de Barcelona.<\/p>\n","protected":false},"excerpt":{"rendered":"<p>Ta\u00e7a de cer\u00e2mica de 9,5 cm com uma panor\u00e2mica vibrante de Barcelona. Esta atraente ta\u00e7a apresenta uma representa\u00e7\u00e3o colorida da Sagrada Fam\u00edlia e outros monumentos emblem\u00e1ticos da cidade, adornada com um design de mosaico que captura a ess\u00eancia do modernismo catal\u00e3o. O interior branco contrasta com a borda vermelha, enquanto a inscri\u00e7\u00e3o &#8220;Barcelona&#8221; e os detalhes decorativos laterais acrescentam um toque \u00fanico e aut\u00eantico, ideal para os amantes desta ic\u00f3nica cidade.<\/p>\n","protected":false},"featured_media":7759,"template":"","meta":{"_acf_changed":false},"product_brand":[],"product_cat":[513],"product_tag":[515],"class_list":{"0":"post-37803","1":"product","2":"type-product","3":"status-publish","4":"has-post-thumbnail","6":"product_cat-bols","7":"product_tag-ceramica","8":"pa_ciudad-barcelona","9":"pa_motivo-panoramas","10":"pa_pais-espana","12":"first","13":"instock","14":"shipping-taxable","15":"product-type-simple"},"acf":[],"_links":{"self":[{"href":"https:\/\/olemosaic.com\/pt-pt\/wp-json\/wp\/v2\/product\/37803","targetHints":{"allow":["GET"]}}],"collection":[{"href":"https:\/\/olemosaic.com\/pt-pt\/wp-json\/wp\/v2\/product"}],"about":[{"href":"https:\/\/olemosaic.com\/pt-pt\/wp-json\/wp\/v2\/types\/product"}],"wp:featuredmedia":[{"embeddable":true,"href":"https:\/\/olemosaic.com\/pt-pt\/wp-json\/wp\/v2\/media\/7759"}],"wp:attachment":[{"href":"https:\/\/olemosaic.com\/pt-pt\/wp-json\/wp\/v2\/media?parent=37803"}],"wp:term":[{"taxonomy":"product_brand","embeddable":true,"href":"https:\/\/olemosaic.com\/pt-pt\/wp-json\/wp\/v2\/product_brand?post=37803"},{"taxonomy":"product_cat","embeddable":true,"href":"https:\/\/olemosaic.com\/pt-pt\/wp-json\/wp\/v2\/product_cat?post=37803"},{"taxonomy":"product_tag","embeddable":true,"href":"https:\/\/olemosaic.com\/pt-pt\/wp-json\/wp\/v2\/product_tag?post=37803"}],"curies":[{"name":"wp","href":"https:\/\/api.w.org\/{rel}","templated":true}]}}