{"id":37801,"date":"2025-02-20T23:29:34","date_gmt":"2025-02-20T22:29:34","guid":{"rendered":"http:\/\/olemosaic.com\/producto\/bol-de-ceramica-de-9-cm-bailaora-beige\/"},"modified":"2025-07-25T18:40:34","modified_gmt":"2025-07-25T16:40:34","slug":"taca-de-ceramica-de-9-cm-bailarina-bege-pt-pt","status":"publish","type":"product","link":"https:\/\/olemosaic.com\/pt-pt\/produto\/taca-de-ceramica-de-9-cm-bailarina-bege-pt-pt\/","title":{"rendered":"Ta\u00e7a de cer\u00e2mica de 9 cm. Bailarina. Bege"},"content":{"rendered":"<p>Esta ta\u00e7a de cer\u00e2mica de 9 cm \u00e9 uma encantadora recorda\u00e7\u00e3o que evoca a vibrante ess\u00eancia de Espanha atrav\u00e9s do seu design art\u00edstico e culturalmente significativo. Decorada com ilustra\u00e7\u00f5es coloridas de bailarinas, cada figura captura a alegria e o dinamismo da dan\u00e7a flamenca, vestidas com trajes tradicionais cheios de vida e movimento. As bailarinas surgem rodeadas de flores vermelhas, s\u00edmbolo de paix\u00e3o e beleza, enquanto o texto \u201cEspanha\u201d \u00e9 exibido em cores vibrantes, o que torna esta ta\u00e7a n\u00e3o apenas uma pe\u00e7a funcional, mas tamb\u00e9m uma homenagem \u00e0 rica cultura espanhola.<\/p>\n<p>A sua base branca, em combina\u00e7\u00e3o com um rebordo vermelho, real\u00e7a as ilustra\u00e7\u00f5es e acrescenta um toque de eleg\u00e2ncia, enquanto o acabamento brilhante proporciona um apelo visual que cativar\u00e1 qualquer amante da arte. Esta ta\u00e7a \u00e9 perfeita para dar um toque espanhol \u00e0 sua cozinha ou como uma recorda\u00e7\u00e3o inesquec\u00edvel para quem visita o pa\u00eds. Como um aut\u00eantico souvenir da cultura espanhola, \u00e9 ideal para quem procura uma liga\u00e7\u00e3o significativa com a sua viagem. Na Ol\u00e9 Mosaic, especializamo-nos na distribui\u00e7\u00e3o de souvenirs de cer\u00e2mica, assegurando a qualidade e autenticidade em cada pe\u00e7a, o que torna esta ta\u00e7a uma op\u00e7\u00e3o excecional para lojas de presentes tur\u00edsticos que desejem oferecer artigos representativos da tradi\u00e7\u00e3o espanhola.<\/p>\n","protected":false},"excerpt":{"rendered":"<p>Ta\u00e7a de cer\u00e2mica de 9 cm, decorada com ilustra\u00e7\u00f5es coloridas de dan\u00e7a flamenca que evocam a ess\u00eancia de Espanha. Esta encantadora ta\u00e7a apresenta bailarinas com trajes tradicionais, rodeadas de flores vermelhas e a palavra &#8220;Espanha&#8221; em cores vibrantes. A base branca com rebordo vermelho real\u00e7a os elementos art\u00edsticos, enquanto o acabamento brilhante acrescenta um toque atraente. Ideal para dar um toque espanhol \u00e0 sua cozinha ou como recorda\u00e7\u00e3o memor\u00e1vel.<\/p>\n","protected":false},"featured_media":7376,"template":"","meta":{"_acf_changed":false},"product_brand":[],"product_cat":[513],"product_tag":[515],"class_list":{"0":"post-37801","1":"product","2":"type-product","3":"status-publish","4":"has-post-thumbnail","6":"product_cat-bols","7":"product_tag-ceramica","8":"pa_motivo-dancarinos","10":"first","11":"instock","12":"shipping-taxable","13":"product-type-simple"},"acf":[],"_links":{"self":[{"href":"https:\/\/olemosaic.com\/pt-pt\/wp-json\/wp\/v2\/product\/37801","targetHints":{"allow":["GET"]}}],"collection":[{"href":"https:\/\/olemosaic.com\/pt-pt\/wp-json\/wp\/v2\/product"}],"about":[{"href":"https:\/\/olemosaic.com\/pt-pt\/wp-json\/wp\/v2\/types\/product"}],"wp:featuredmedia":[{"embeddable":true,"href":"https:\/\/olemosaic.com\/pt-pt\/wp-json\/wp\/v2\/media\/7376"}],"wp:attachment":[{"href":"https:\/\/olemosaic.com\/pt-pt\/wp-json\/wp\/v2\/media?parent=37801"}],"wp:term":[{"taxonomy":"product_brand","embeddable":true,"href":"https:\/\/olemosaic.com\/pt-pt\/wp-json\/wp\/v2\/product_brand?post=37801"},{"taxonomy":"product_cat","embeddable":true,"href":"https:\/\/olemosaic.com\/pt-pt\/wp-json\/wp\/v2\/product_cat?post=37801"},{"taxonomy":"product_tag","embeddable":true,"href":"https:\/\/olemosaic.com\/pt-pt\/wp-json\/wp\/v2\/product_tag?post=37801"}],"curies":[{"name":"wp","href":"https:\/\/api.w.org\/{rel}","templated":true}]}}