{"id":37792,"date":"2025-02-20T22:29:22","date_gmt":"2025-02-20T22:29:22","guid":{"rendered":"http:\/\/olemosaic.com\/producto\/abridor-de-metal-caballito-de-mar-epoxy\/"},"modified":"2025-07-25T18:55:09","modified_gmt":"2025-07-25T16:55:09","slug":"abridor-de-metal-cavalo-marinho-epoxy","status":"publish","type":"product","link":"https:\/\/olemosaic.com\/pt-pt\/produto\/abridor-de-metal-cavalo-marinho-epoxy\/","title":{"rendered":"Abridor de metal. Cavalo-marinho. Epoxy."},"content":{"rendered":"<p>Este abridor met\u00e1lico decorado \u00e9 a combina\u00e7\u00e3o perfeita de funcionalidade e arte, ideal para captar a aten\u00e7\u00e3o de quem procura uma recorda\u00e7\u00e3o representativa das costas mediterr\u00e2nicas. O seu design vibrante apresenta dois encantadores cavalos-marinhos: um em tonalidades azuis e verdes, e outro num atraente tom avermelhado, que dan\u00e7am sobre um fundo que simula corais coloridos, evocando a beleza e riqueza do mundo marinho. A t\u00e9cnica de ep\u00f3xi utilizada na sua cria\u00e7\u00e3o confere um acabamento brilhante e duradouro, real\u00e7ando os detalhes em mosaico multicolor que adornam a superf\u00edcie do abridor.<\/p>\n<p>Esta recorda\u00e7\u00e3o n\u00e3o \u00e9 apenas pr\u00e1tica para abrir garrafas durante qualquer celebra\u00e7\u00e3o, mas tamb\u00e9m atua como uma pe\u00e7a decorativa que recorda as fascinantes vistas do Mediterr\u00e2neo. A imagem do cavalo-marinho, um s\u00edmbolo de boa sorte e amor em muitas culturas, acrescenta um valor sentimental a este produto, tornando-o um presente perfeito para familiares e amigos.<\/p>\n<p>Na Ol\u00e9 Mosaic orgulhamo-nos de oferecer recorda\u00e7\u00f5es aut\u00eanticas que refletem a ess\u00eancia cultural do local. Este abridor de cavalos-marinhos \u00e9 uma escolha de destaque para lojas de presentes tur\u00edsticos que desejem apresentar produtos \u00fanicos e significativos. Como distribuidores de recorda\u00e7\u00f5es de alta qualidade, garantimos que cada pe\u00e7a trar\u00e1 um toque especial e art\u00edstico \u00e0 casa de quem a adquirir.<\/p>\n","protected":false},"excerpt":{"rendered":"<p>Abridor de metal decorado com um design colorido de cavalos-marinhos, realizado em t\u00e9cnica de ep\u00f3xi. Este pr\u00e1tico abridor apresenta um vibrante motivo marinho, com um cavalo-marinho azul e verde junto a outro avermelhado, sobre um fundo que simula corais. Os detalhes em mosaico multicolor conferem um toque art\u00edstico que evoca a beleza do fundo marinho, tornando-o uma recorda\u00e7\u00e3o ideal das costas mediterr\u00e2nicas. Perfeito para oferecer ou para uso pessoal em qualquer celebra\u00e7\u00e3o.<\/p>\n","protected":false},"featured_media":7123,"template":"","meta":{"_acf_changed":false},"product_brand":[],"product_cat":[801],"product_tag":[516],"class_list":{"0":"post-37792","1":"product","2":"type-product","3":"status-publish","4":"has-post-thumbnail","6":"product_cat-abridores","7":"product_tag-animais","8":"pa_motivo-cavalos-marinhos","10":"first","11":"instock","12":"shipping-taxable","13":"product-type-simple"},"acf":[],"_links":{"self":[{"href":"https:\/\/olemosaic.com\/pt-pt\/wp-json\/wp\/v2\/product\/37792","targetHints":{"allow":["GET"]}}],"collection":[{"href":"https:\/\/olemosaic.com\/pt-pt\/wp-json\/wp\/v2\/product"}],"about":[{"href":"https:\/\/olemosaic.com\/pt-pt\/wp-json\/wp\/v2\/types\/product"}],"wp:featuredmedia":[{"embeddable":true,"href":"https:\/\/olemosaic.com\/pt-pt\/wp-json\/wp\/v2\/media\/7123"}],"wp:attachment":[{"href":"https:\/\/olemosaic.com\/pt-pt\/wp-json\/wp\/v2\/media?parent=37792"}],"wp:term":[{"taxonomy":"product_brand","embeddable":true,"href":"https:\/\/olemosaic.com\/pt-pt\/wp-json\/wp\/v2\/product_brand?post=37792"},{"taxonomy":"product_cat","embeddable":true,"href":"https:\/\/olemosaic.com\/pt-pt\/wp-json\/wp\/v2\/product_cat?post=37792"},{"taxonomy":"product_tag","embeddable":true,"href":"https:\/\/olemosaic.com\/pt-pt\/wp-json\/wp\/v2\/product_tag?post=37792"}],"curies":[{"name":"wp","href":"https:\/\/api.w.org\/{rel}","templated":true}]}}