{"id":37789,"date":"2025-02-20T23:29:22","date_gmt":"2025-02-20T22:29:22","guid":{"rendered":"http:\/\/olemosaic.com\/producto\/abridor-de-metal-bailaores-madrid-epoxy\/"},"modified":"2025-07-25T18:40:41","modified_gmt":"2025-07-25T16:40:41","slug":"abridor-de-metal-bailarinos-madrid-epoxy","status":"publish","type":"product","link":"https:\/\/olemosaic.com\/pt-pt\/produto\/abridor-de-metal-bailarinos-madrid-epoxy\/","title":{"rendered":"Abridor de metal. Bailarinos. Madrid. Epoxy."},"content":{"rendered":"<p>Este abridor de metal decorado \u00e9 uma recorda\u00e7\u00e3o vibrante que capta a ess\u00eancia da arte e da cultura madrilenas, apresentando uma cativante ilustra\u00e7\u00e3o de bailarinos numa cena cheia de vida. Com um design em ep\u00f3xi, este abridor \u00e9 tanto funcional como uma pe\u00e7a decorativa que convida a reviver a paix\u00e3o do flamenco em cada utiliza\u00e7\u00e3o. A ilustra\u00e7\u00e3o mostra um casal a dan\u00e7ar num ambiente colorido, com a mulher a destacar-se num elegante vestido vermelho com folhos, enquanto o homem, com chap\u00e9u cl\u00e1ssico, reflete a tradi\u00e7\u00e3o da dan\u00e7a espanhola. Este acess\u00f3rio \u00e9 ideal para quem deseja levar um peda\u00e7o da cultura espanhola para casa. As flores vibrantes do fundo contrastam maravilhosamente com o traje dos bailarinos, criando uma obra de arte que n\u00e3o s\u00f3 embeleza, mas tamb\u00e9m representa a riqueza do folclore espanhol. A Ol\u00e9 Mosaic especializa-se na distribui\u00e7\u00e3o de recorda\u00e7\u00f5es por grosso, oferecendo produtos aut\u00eanticos que celebram a heran\u00e7a cultural. Este abridor de metal \u00e9 uma escolha perfeita para lojas de presentes tur\u00edsticos que procuram recorda\u00e7\u00f5es de Madrid que combinem artesanato e a emocionante vitalidade do flamenco.<\/p>\n","protected":false},"excerpt":{"rendered":"<p>Abridor de metal decorado com uma vibrante ilustra\u00e7\u00e3o de bailarinos em pleno centro de Madrid. Este original abridor, com design em ep\u00f3xi, mostra um casal a dan\u00e7ar numa cena colorida cheia de flores, onde a mulher veste um elegante vestido vermelho com folhos, enquanto o homem veste um fato cl\u00e1ssico. Ideal para levar um peda\u00e7o da cultura espanhola para casa, este abridor combina funcionalidade e arte num \u00fanico produto.<\/p>\n","protected":false},"featured_media":7384,"template":"","meta":{"_acf_changed":false},"product_brand":[],"product_cat":[801],"product_tag":[],"class_list":{"0":"post-37789","1":"product","2":"type-product","3":"status-publish","4":"has-post-thumbnail","6":"product_cat-abridores","7":"pa_ciudad-madrid","8":"pa_motivo-dancarinos","9":"pa_pais-espana","11":"first","12":"instock","13":"shipping-taxable","14":"product-type-simple"},"acf":[],"_links":{"self":[{"href":"https:\/\/olemosaic.com\/pt-pt\/wp-json\/wp\/v2\/product\/37789","targetHints":{"allow":["GET"]}}],"collection":[{"href":"https:\/\/olemosaic.com\/pt-pt\/wp-json\/wp\/v2\/product"}],"about":[{"href":"https:\/\/olemosaic.com\/pt-pt\/wp-json\/wp\/v2\/types\/product"}],"wp:featuredmedia":[{"embeddable":true,"href":"https:\/\/olemosaic.com\/pt-pt\/wp-json\/wp\/v2\/media\/7384"}],"wp:attachment":[{"href":"https:\/\/olemosaic.com\/pt-pt\/wp-json\/wp\/v2\/media?parent=37789"}],"wp:term":[{"taxonomy":"product_brand","embeddable":true,"href":"https:\/\/olemosaic.com\/pt-pt\/wp-json\/wp\/v2\/product_brand?post=37789"},{"taxonomy":"product_cat","embeddable":true,"href":"https:\/\/olemosaic.com\/pt-pt\/wp-json\/wp\/v2\/product_cat?post=37789"},{"taxonomy":"product_tag","embeddable":true,"href":"https:\/\/olemosaic.com\/pt-pt\/wp-json\/wp\/v2\/product_tag?post=37789"}],"curies":[{"name":"wp","href":"https:\/\/api.w.org\/{rel}","templated":true}]}}