{"id":37787,"date":"2025-02-20T22:29:21","date_gmt":"2025-02-20T22:29:21","guid":{"rendered":"http:\/\/olemosaic.com\/producto\/abridor-de-metal-salamandra-mallorca-epoxy-naranja\/"},"modified":"2025-07-25T18:57:25","modified_gmt":"2025-07-25T16:57:25","slug":"abridor-de-metal-salamandra-maiorca-epoxi-laranja-pt-pt","status":"publish","type":"product","link":"https:\/\/olemosaic.com\/pt-pt\/produto\/abridor-de-metal-salamandra-maiorca-epoxi-laranja-pt-pt\/","title":{"rendered":"Abridor de metal. Salamandra. Maiorca. Ep\u00f3xi. Laranja"},"content":{"rendered":"<p>Este abridor met\u00e1lico, decorado com uma salamandra colorida, \u00e9 uma encantadora recorda\u00e7\u00e3o de Maiorca que capta a ess\u00eancia vibrante da ilha. Desenhado com um atraente motivo estilizado em tons alaranjados, este abridor n\u00e3o \u00e9 apenas funcional, mas tamb\u00e9m uma pe\u00e7a decorativa que reflete a rica heran\u00e7a cultural maiorquina. A salamandra, representada com um design de mosaico, \u00e9 um s\u00edmbolo do folclore local, que evoca as tradi\u00e7\u00f5es e a diversidade da fauna balear. O acabamento ep\u00f3xi acrescenta um brilho atraente que real\u00e7a os detalhes coloridos, criando um objeto que chama a aten\u00e7\u00e3o em qualquer casa.<\/p>\n<p>Debaixo da salamandra, o nome &#8220;Maiorca&#8221; aparece de forma elegante, sublinhando a autenticidade deste abridor e tornando-o um presente perfeito para quem deseja levar um pedacinho da ilha. Este abridor \u00e9 uma excelente escolha para lojas de presentes tur\u00edsticos que procuram recorda\u00e7\u00f5es que reflitam o car\u00e1cter distintivo e vibrante de Maiorca. Na Ol\u00e9 Mosaic, somos grossistas de recorda\u00e7\u00f5es de qualidade, e este abridor de salamandra \u00e9 uma amostra excecional de como a funcionalidade pode ser combinada com a est\u00e9tica cultural, tornando-o uma pe\u00e7a imprescind\u00edvel para os amantes da ilha e das suas tradi\u00e7\u00f5es.<\/p>\n","protected":false},"excerpt":{"rendered":"<p>Abridor met\u00e1lico decorado com uma salamandra colorida, que representa a riqueza do folclore maiorquino. Este original abridor apresenta um design estilizado em tons alaranjados e mosaicos, real\u00e7ado com um acabamento ep\u00f3xi que lhe confere um brilho atraente. Sob a salamandra, aparece o nome &#8216;Maiorca&#8217;, o que acrescenta um toque aut\u00eantico a este artigo funcional e decorativo, perfeito para os amantes da ilha. Ideal como recorda\u00e7\u00e3o ou presente.<\/p>\n","protected":false},"featured_media":6471,"template":"","meta":{"_acf_changed":false},"product_brand":[],"product_cat":[801],"product_tag":[516],"class_list":{"0":"post-37787","1":"product","2":"type-product","3":"status-publish","4":"has-post-thumbnail","6":"product_cat-abridores","7":"product_tag-animais","8":"pa_ciudad-mallorca","9":"pa_motivo-salamandras","10":"pa_pais-espana","12":"first","13":"instock","14":"shipping-taxable","15":"product-type-simple"},"acf":[],"_links":{"self":[{"href":"https:\/\/olemosaic.com\/pt-pt\/wp-json\/wp\/v2\/product\/37787","targetHints":{"allow":["GET"]}}],"collection":[{"href":"https:\/\/olemosaic.com\/pt-pt\/wp-json\/wp\/v2\/product"}],"about":[{"href":"https:\/\/olemosaic.com\/pt-pt\/wp-json\/wp\/v2\/types\/product"}],"wp:featuredmedia":[{"embeddable":true,"href":"https:\/\/olemosaic.com\/pt-pt\/wp-json\/wp\/v2\/media\/6471"}],"wp:attachment":[{"href":"https:\/\/olemosaic.com\/pt-pt\/wp-json\/wp\/v2\/media?parent=37787"}],"wp:term":[{"taxonomy":"product_brand","embeddable":true,"href":"https:\/\/olemosaic.com\/pt-pt\/wp-json\/wp\/v2\/product_brand?post=37787"},{"taxonomy":"product_cat","embeddable":true,"href":"https:\/\/olemosaic.com\/pt-pt\/wp-json\/wp\/v2\/product_cat?post=37787"},{"taxonomy":"product_tag","embeddable":true,"href":"https:\/\/olemosaic.com\/pt-pt\/wp-json\/wp\/v2\/product_tag?post=37787"}],"curies":[{"name":"wp","href":"https:\/\/api.w.org\/{rel}","templated":true}]}}