{"id":37783,"date":"2025-02-20T23:29:20","date_gmt":"2025-02-20T22:29:20","guid":{"rendered":"http:\/\/olemosaic.com\/producto\/abridor-de-metal-toro-epoxy-rojo-2\/"},"modified":"2025-07-25T19:22:22","modified_gmt":"2025-07-25T17:22:22","slug":"abridor-de-metal-touro-epoxi-vermelho-2-pt-pt","status":"publish","type":"product","link":"https:\/\/olemosaic.com\/pt-pt\/produto\/abridor-de-metal-touro-epoxi-vermelho-2-pt-pt\/","title":{"rendered":"Abridor de metal. Touro. Espanha. Ep\u00f3xi. Vermelho"},"content":{"rendered":"<p>Este abridor de metal, decorado com um design vibrante de touro, \u00e9 uma recorda\u00e7\u00e3o emblem\u00e1tica que capta a ess\u00eancia do esp\u00edrito espanhol. Com uma base de metal resistente, este pr\u00e1tico abridor apresenta um acabamento em ep\u00f3xi que se destaca em tons de vermelho e amarelo, evocando a paix\u00e3o que caracteriza a cultura e o folclore de Espanha. A figura do touro, magistralmente representada com formas geom\u00e9tricas num estilo moderno e colorido, n\u00e3o s\u00f3 acrescenta um toque art\u00edstico, como tamb\u00e9m simboliza a for\u00e7a e a tradi\u00e7\u00e3o de uma das figuras mais ic\u00f3nicas do pa\u00eds.<\/p>\n<p>Na parte superior do abridor destaca-se a inscri\u00e7\u00e3o &#8220;ESPANHA&#8221;, tornando-o uma lembran\u00e7a ideal para aqueles que desejam levar uma parte da cultura espanhola para as suas casas. Este abridor n\u00e3o \u00e9 apenas um acess\u00f3rio funcional, mas tamb\u00e9m um atraente artigo de cole\u00e7\u00e3o para turistas e amantes da cultura hisp\u00e2nica. O seu design original torna-o um presente perfeito para quem procura recorda\u00e7\u00f5es \u00fanicas e aut\u00eanticas.<\/p>\n<p>Na Ol\u00e9 Mosaic, oferecemos uma distribui\u00e7\u00e3o de recorda\u00e7\u00f5es por grosso que inclui produtos representativos da tradi\u00e7\u00e3o espanhola. Este abridor de touro \u00e9 uma excelente op\u00e7\u00e3o para lojas de presentes tur\u00edsticos que procuram artigos de qualidade, destacando a sua relev\u00e2ncia cultural e o seu apelo universal como recorda\u00e7\u00e3o t\u00edpica de Espanha.<\/p>\n","protected":false},"excerpt":{"rendered":"<p>Abridor met\u00e1lico decorado com um design vibrante de touro, emblema da cultura espanhola. Este abridor apresenta um chamativo acabamento em resina ep\u00f3xi em tons de vermelho e amarelo, que evocam a paix\u00e3o e o folclore de Espanha. A figura do touro, representada com formas geom\u00e9tricas, acrescenta um toque art\u00edstico e distintivo. O abridor tamb\u00e9m inclui a palavra &#8220;ESPANHA&#8221;, tornando-o uma recorda\u00e7\u00e3o ideal da sua visita ou um presente original para os amantes da cultura espanhola.<\/p>\n","protected":false},"featured_media":7118,"template":"","meta":{"_acf_changed":false},"product_brand":[],"product_cat":[801],"product_tag":[516],"class_list":{"0":"post-37783","1":"product","2":"type-product","3":"status-publish","4":"has-post-thumbnail","6":"product_cat-abridores","7":"product_tag-animais","8":"pa_motivo-touros","10":"first","11":"instock","12":"shipping-taxable","13":"product-type-simple"},"acf":[],"_links":{"self":[{"href":"https:\/\/olemosaic.com\/pt-pt\/wp-json\/wp\/v2\/product\/37783","targetHints":{"allow":["GET"]}}],"collection":[{"href":"https:\/\/olemosaic.com\/pt-pt\/wp-json\/wp\/v2\/product"}],"about":[{"href":"https:\/\/olemosaic.com\/pt-pt\/wp-json\/wp\/v2\/types\/product"}],"wp:featuredmedia":[{"embeddable":true,"href":"https:\/\/olemosaic.com\/pt-pt\/wp-json\/wp\/v2\/media\/7118"}],"wp:attachment":[{"href":"https:\/\/olemosaic.com\/pt-pt\/wp-json\/wp\/v2\/media?parent=37783"}],"wp:term":[{"taxonomy":"product_brand","embeddable":true,"href":"https:\/\/olemosaic.com\/pt-pt\/wp-json\/wp\/v2\/product_brand?post=37783"},{"taxonomy":"product_cat","embeddable":true,"href":"https:\/\/olemosaic.com\/pt-pt\/wp-json\/wp\/v2\/product_cat?post=37783"},{"taxonomy":"product_tag","embeddable":true,"href":"https:\/\/olemosaic.com\/pt-pt\/wp-json\/wp\/v2\/product_tag?post=37783"}],"curies":[{"name":"wp","href":"https:\/\/api.w.org\/{rel}","templated":true}]}}