{"id":37782,"date":"2025-02-20T22:28:52","date_gmt":"2025-02-20T22:28:52","guid":{"rendered":"http:\/\/olemosaic.com\/producto\/funda-de-telefono-para-iphone-13-tpu-salamandra-mallorca-blanco\/"},"modified":"2025-07-25T20:07:32","modified_gmt":"2025-07-25T18:07:32","slug":"capa-de-telemovel-para-iphone-13-tpu-salamandra-maiorca-branco-pt-pt","status":"publish","type":"product","link":"https:\/\/olemosaic.com\/pt-pt\/produto\/capa-de-telemovel-para-iphone-13-tpu-salamandra-maiorca-branco-pt-pt\/","title":{"rendered":"Capa de telem\u00f3vel para iPhone 13 (TPU). Salamandra. Maiorca. Branco"},"content":{"rendered":"<p>Esta capa para iPhone 13 \u00e9 uma obra-prima que funde praticidade e arte, inspirada na rica cultura de Maiorca. Fabricada em TPU duradouro, oferece uma excelente prote\u00e7\u00e3o para o seu dispositivo, adornando-o com um vibrante design de salamandras sobre um elegante fundo branco. As salamandras, decoradas com tons brilhantes e florais, conferem um ar fresco e alegre, evocando a flora e fauna \u00fanicas da ilha. O fundo texturizado, com um padr\u00e3o de mosaico que recorda as coloridas azulejarias maiorquinas, acrescenta um toque art\u00edstico que celebra o patrim\u00f3nio local.<\/p>\n<p>O lettering &#8220;Mallorca&#8221;, num estilo descontra\u00eddo, real\u00e7a a liga\u00e7\u00e3o cultural do produto, tornando-o uma excelente recorda\u00e7\u00e3o para os turistas que desejam levar um pedacinho desta bela ilha para casa. Esta capa n\u00e3o s\u00f3 cumpre uma fun\u00e7\u00e3o protetora, como tamb\u00e9m atua como um lembrete visual das experi\u00eancias vividas na ensolarada Maiorca. Na Ol\u00e9 Mosaic, oferecemos este tipo de recorda\u00e7\u00f5es aut\u00eanticas, ideais para lojas de presentes tur\u00edsticos que procuram produtos \u00fanicos e representativos. Como grossistas de acess\u00f3rios, garantimos qualidade e design em cada artigo, fazendo deste produto uma op\u00e7\u00e3o perfeita para quem procura recorda\u00e7\u00f5es de Maiorca.<\/p>\n","protected":false},"excerpt":{"rendered":"<p>Capa para iPhone 13 fabricada em TPU, desenhada com motivos de salamandras sobre um fundo branco que evoca a arte tradicional maiorquina. Esta capa destaca-se pelo seu colorido design, com salamandras decoradas em tons vibrantes e flores que conferem um toque de frescura. A textura de mosaico do fundo complementa a est\u00e9tica, enquanto o texto &#8220;Mallorca&#8221; sobressai num estilo alegre. Ideal para proteger o seu dispositivo com estilo.<\/p>\n","protected":false},"featured_media":12926,"template":"","meta":{"_acf_changed":false},"product_brand":[],"product_cat":[685],"product_tag":[516],"class_list":{"0":"post-37782","1":"product","2":"type-product","3":"status-publish","4":"has-post-thumbnail","6":"product_cat-capas-para-telemoveis","7":"product_tag-animais","8":"pa_ciudad-mallorca","9":"pa_motivo-salamandras","10":"pa_pais-espana","12":"first","13":"instock","14":"shipping-taxable","15":"product-type-simple"},"acf":[],"_links":{"self":[{"href":"https:\/\/olemosaic.com\/pt-pt\/wp-json\/wp\/v2\/product\/37782","targetHints":{"allow":["GET"]}}],"collection":[{"href":"https:\/\/olemosaic.com\/pt-pt\/wp-json\/wp\/v2\/product"}],"about":[{"href":"https:\/\/olemosaic.com\/pt-pt\/wp-json\/wp\/v2\/types\/product"}],"wp:featuredmedia":[{"embeddable":true,"href":"https:\/\/olemosaic.com\/pt-pt\/wp-json\/wp\/v2\/media\/12926"}],"wp:attachment":[{"href":"https:\/\/olemosaic.com\/pt-pt\/wp-json\/wp\/v2\/media?parent=37782"}],"wp:term":[{"taxonomy":"product_brand","embeddable":true,"href":"https:\/\/olemosaic.com\/pt-pt\/wp-json\/wp\/v2\/product_brand?post=37782"},{"taxonomy":"product_cat","embeddable":true,"href":"https:\/\/olemosaic.com\/pt-pt\/wp-json\/wp\/v2\/product_cat?post=37782"},{"taxonomy":"product_tag","embeddable":true,"href":"https:\/\/olemosaic.com\/pt-pt\/wp-json\/wp\/v2\/product_tag?post=37782"}],"curies":[{"name":"wp","href":"https:\/\/api.w.org\/{rel}","templated":true}]}}