{"id":37780,"date":"2025-02-20T22:28:52","date_gmt":"2025-02-20T22:28:52","guid":{"rendered":"http:\/\/olemosaic.com\/producto\/funda-de-telefono-para-iphone-13-tpu-gato-mallorca-blanco\/"},"modified":"2025-07-25T19:49:59","modified_gmt":"2025-07-25T17:49:59","slug":"capa-de-telemovel-para-iphone-13-tpu-gato-maiorca-branco-pt-pt","status":"publish","type":"product","link":"https:\/\/olemosaic.com\/pt-pt\/produto\/capa-de-telemovel-para-iphone-13-tpu-gato-maiorca-branco-pt-pt\/","title":{"rendered":"Capa de telem\u00f3vel para iPhone 13 (TPU). Gato. Maiorca. Branco"},"content":{"rendered":"<p>Esta capa para iPhone 13 \u00e9 uma aut\u00eantica joia que presta homenagem \u00e0 arte do mosaico maiorquino. Elaborada em TPU de alta qualidade, o seu vibrante design apresenta um gato multicolor que captura a ess\u00eancia da colorida paisagem mediterr\u00e2nica. O fundo branco real\u00e7a as tesselas que comp\u00f5em a figura do gato, enquanto borboletas em tons brilhantes esvoa\u00e7am ao redor, acrescentando um toque de alegria e vida \u00e0 pe\u00e7a. Esta recorda\u00e7\u00e3o n\u00e3o s\u00f3 oferece uma excelente prote\u00e7\u00e3o para o seu dispositivo, como tamb\u00e9m o transforma numa express\u00e3o art\u00edstica e cultural do encanto de Maiorca.<\/p>\n<p>O motivo do gato, um s\u00edmbolo de boa sorte e prote\u00e7\u00e3o, entrela\u00e7a-se com elementos da natureza que evocam a beleza da ilha, pelo que esta capa representa uma recorda\u00e7\u00e3o significativa das suas viagens pelo Mediterr\u00e2neo. O seu design \u00fanico e colorido reflete a rica tradi\u00e7\u00e3o art\u00edstica da regi\u00e3o, tornando esta capa um presente ideal para turistas que procuram recorda\u00e7\u00f5es aut\u00eanticas e representativas da sua experi\u00eancia.<\/p>\n<p>Na Ol\u00e9 Mosaic, especializamo-nos na distribui\u00e7\u00e3o de recorda\u00e7\u00f5es por grosso, oferecendo produtos que se destacam pela sua originalidade e qualidade, como esta capa para telem\u00f3vel, perfeita para lojas de presentes tur\u00edsticos que desejem atrair aqueles que procuram um pedacinho de Maiorca no seu dia a dia. Este artigo \u00e9 uma excelente op\u00e7\u00e3o para quem valoriza a autenticidade e o estilo nas suas recorda\u00e7\u00f5es.<\/p>\n","protected":false},"excerpt":{"rendered":"<p>Capa para iPhone 13 de TPU, com um design vibrante que representa um gato multicolor inspirado na arte do mosaico maiorquino. O fundo branco real\u00e7a as pe\u00e7as coloridas que formam a figura do gato, rodeado de borboletas em tons alegres. Esta capa n\u00e3o s\u00f3 protege o seu dispositivo, como tamb\u00e9m acrescenta um toque art\u00edstico e cultural, tornando-se a recorda\u00e7\u00e3o perfeita da beleza mediterr\u00e2nica.<\/p>\n","protected":false},"featured_media":12927,"template":"","meta":{"_acf_changed":false},"product_brand":[],"product_cat":[685],"product_tag":[516],"class_list":{"0":"post-37780","1":"product","2":"type-product","3":"status-publish","4":"has-post-thumbnail","6":"product_cat-capas-para-telemoveis","7":"product_tag-animais","8":"pa_ciudad-mallorca","9":"pa_motivo-gatos","10":"pa_pais-espana","12":"first","13":"instock","14":"shipping-taxable","15":"product-type-simple"},"acf":[],"_links":{"self":[{"href":"https:\/\/olemosaic.com\/pt-pt\/wp-json\/wp\/v2\/product\/37780","targetHints":{"allow":["GET"]}}],"collection":[{"href":"https:\/\/olemosaic.com\/pt-pt\/wp-json\/wp\/v2\/product"}],"about":[{"href":"https:\/\/olemosaic.com\/pt-pt\/wp-json\/wp\/v2\/types\/product"}],"wp:featuredmedia":[{"embeddable":true,"href":"https:\/\/olemosaic.com\/pt-pt\/wp-json\/wp\/v2\/media\/12927"}],"wp:attachment":[{"href":"https:\/\/olemosaic.com\/pt-pt\/wp-json\/wp\/v2\/media?parent=37780"}],"wp:term":[{"taxonomy":"product_brand","embeddable":true,"href":"https:\/\/olemosaic.com\/pt-pt\/wp-json\/wp\/v2\/product_brand?post=37780"},{"taxonomy":"product_cat","embeddable":true,"href":"https:\/\/olemosaic.com\/pt-pt\/wp-json\/wp\/v2\/product_cat?post=37780"},{"taxonomy":"product_tag","embeddable":true,"href":"https:\/\/olemosaic.com\/pt-pt\/wp-json\/wp\/v2\/product_tag?post=37780"}],"curies":[{"name":"wp","href":"https:\/\/api.w.org\/{rel}","templated":true}]}}