{"id":37779,"date":"2025-02-20T22:28:51","date_gmt":"2025-02-20T22:28:51","guid":{"rendered":"http:\/\/olemosaic.com\/producto\/funda-de-telefono-para-iphone-13-tpu-gato-barcelona-negro\/"},"modified":"2025-07-25T20:31:58","modified_gmt":"2025-07-25T18:31:58","slug":"capa-de-telemovel-para-iphone-13-tpu-gato-barcelona-preto-pt-pt","status":"publish","type":"product","link":"https:\/\/olemosaic.com\/pt-pt\/produto\/capa-de-telemovel-para-iphone-13-tpu-gato-barcelona-preto-pt-pt\/","title":{"rendered":"Capa de telem\u00f3vel para iPhone 13 (TPU). Gato. Barcelona. Preto"},"content":{"rendered":"<p>Esta capa para iPhone 13 \u00e9 uma vibrante homenagem \u00e0 arte e \u00e0 cultura de Barcelona, fabricada em TPU duradouro para assegurar uma excelente prote\u00e7\u00e3o ao seu dispositivo. A ilustra\u00e7\u00e3o central mostra um gato colorido, realizado com um elegante estilo de mosaico que utiliza uma rica paleta de tons azuis, amarelos e vermelhos, evocando a rica tradi\u00e7\u00e3o art\u00edstica da cidade. Rodeado de borboletas de cores vivas, o gato parece ganhar vida, criando uma liga\u00e7\u00e3o visual que encanta quem o observa. O fundo preto n\u00e3o s\u00f3 confere um elegante contraste, como tamb\u00e9m real\u00e7a o brilho das cores do design, tornando esta capa um adorno moderno e art\u00edstico.<\/p>\n<p>A palavra \u201cBarcelona\u201d est\u00e1 inscrita com uma tipografia elegante, acrescentando um toque distintivo e pessoal a este produto que vai al\u00e9m de ser uma simples capa: torna-se uma aut\u00eantica recorda\u00e7\u00e3o representativa da cidade condal. Este artigo n\u00e3o s\u00f3 \u00e9 funcional, como tamb\u00e9m captura a ess\u00eancia do folclore barcelon\u00eas, tornando-o uma excelente op\u00e7\u00e3o para turistas e amantes da cultura que desejem levar um pedacinho de Barcelona consigo. Na Ol\u00e9 Mosaic, somos o seu distribuidor de recorda\u00e7\u00f5es aut\u00eanticas por grosso, e esta capa de gato \u00e9 uma amostra perfeita de como as pe\u00e7as modernas podem celebrar e preservar a rica heran\u00e7a cultural. \u00c9 uma recorda\u00e7\u00e3o de Barcelona ideal para lojas de presentes tur\u00edsticos que procuram oferecer produtos \u00fanicos e vibrantes.<\/p>\n","protected":false},"excerpt":{"rendered":"<p>Capa de telem\u00f3vel para iPhone 13 de TPU, decorada com um vibrante design de um gato em mosaico, inspirado na arte de Barcelona. A ilustra\u00e7\u00e3o mostra um gato colorido em tons azuis, amarelos e vermelhos, rodeado de borboletas sobre um fundo preto que real\u00e7a as cores. A palavra &#8220;Barcelona&#8221; apresenta-se com uma tipografia elegante, fazendo desta capa uma recorda\u00e7\u00e3o \u00fanica que combina funcionalidade e um toque art\u00edstico do folclore da cidade.<\/p>\n","protected":false},"featured_media":12307,"template":"","meta":{"_acf_changed":false},"product_brand":[],"product_cat":[685],"product_tag":[516],"class_list":{"0":"post-37779","1":"product","2":"type-product","3":"status-publish","4":"has-post-thumbnail","6":"product_cat-capas-para-telemoveis","7":"product_tag-animais","8":"pa_ciudad-barcelona","9":"pa_motivo-gatos","10":"pa_pais-espana","12":"first","13":"instock","14":"shipping-taxable","15":"product-type-simple"},"acf":[],"_links":{"self":[{"href":"https:\/\/olemosaic.com\/pt-pt\/wp-json\/wp\/v2\/product\/37779","targetHints":{"allow":["GET"]}}],"collection":[{"href":"https:\/\/olemosaic.com\/pt-pt\/wp-json\/wp\/v2\/product"}],"about":[{"href":"https:\/\/olemosaic.com\/pt-pt\/wp-json\/wp\/v2\/types\/product"}],"wp:featuredmedia":[{"embeddable":true,"href":"https:\/\/olemosaic.com\/pt-pt\/wp-json\/wp\/v2\/media\/12307"}],"wp:attachment":[{"href":"https:\/\/olemosaic.com\/pt-pt\/wp-json\/wp\/v2\/media?parent=37779"}],"wp:term":[{"taxonomy":"product_brand","embeddable":true,"href":"https:\/\/olemosaic.com\/pt-pt\/wp-json\/wp\/v2\/product_brand?post=37779"},{"taxonomy":"product_cat","embeddable":true,"href":"https:\/\/olemosaic.com\/pt-pt\/wp-json\/wp\/v2\/product_cat?post=37779"},{"taxonomy":"product_tag","embeddable":true,"href":"https:\/\/olemosaic.com\/pt-pt\/wp-json\/wp\/v2\/product_tag?post=37779"}],"curies":[{"name":"wp","href":"https:\/\/api.w.org\/{rel}","templated":true}]}}