{"id":37778,"date":"2025-02-20T22:28:51","date_gmt":"2025-02-20T22:28:51","guid":{"rendered":"http:\/\/olemosaic.com\/producto\/funda-de-telefono-para-iphone-13-tpu-gato-mallorca-negro\/"},"modified":"2025-07-25T20:01:12","modified_gmt":"2025-07-25T18:01:12","slug":"capa-de-telemovel-para-iphone-13-tpu-gato-maiorca-preto-pt-pt","status":"publish","type":"product","link":"https:\/\/olemosaic.com\/pt-pt\/produto\/capa-de-telemovel-para-iphone-13-tpu-gato-maiorca-preto-pt-pt\/","title":{"rendered":"Capa de telem\u00f3vel para iPhone 13 (TPU). Gato. Maiorca. Preto"},"content":{"rendered":"<p>Esta capa para iPhone 13 \u00e9 uma recorda\u00e7\u00e3o viva da beleza de Maiorca, fabricada em TPU para oferecer uma prote\u00e7\u00e3o leve e duradoura. O seu design apresenta um gato colorido, inspirado na famosa tradi\u00e7\u00e3o do mosaico, que irradia alegria com a sua paleta de tons vivos e saturados. O gato, protagonista da ilustra\u00e7\u00e3o, est\u00e1 adornado com formas geom\u00e9tricas que se combinam harmoniosamente, criando uma imagem que captura a ess\u00eancia l\u00fadica e criativa da ilha. \u00c0 sua volta, borboletas multicoloridas esvoa\u00e7am, evocando a biodiversidade e a beleza natural de Maiorca, enquanto o fundo preto real\u00e7a com eleg\u00e2ncia as cores do design.<\/p>\n<p>A palavra &#8220;Mallorca&#8221; aparece numa tipografia moderna na parte inferior, acrescentando um toque contempor\u00e2neo a este acess\u00f3rio que n\u00e3o s\u00f3 protege o seu dispositivo, mas tamb\u00e9m serve como uma encantadora recorda\u00e7\u00e3o de um dos destinos tur\u00edsticos mais emblem\u00e1ticos de Espanha. Este produto \u00e9 uma excelente escolha para turistas que procuram recorda\u00e7\u00f5es \u00fanicas e aut\u00eanticas que representem a cultura e o esp\u00edrito de Maiorca. Na Ol\u00e9 Mosaic, oferecemos esta capa de telem\u00f3vel como parte da nossa sele\u00e7\u00e3o de recorda\u00e7\u00f5es de qualidade, ideais para lojas de presentes tur\u00edsticos que procuram produtos atraentes e representativos. Com esta capa, os clientes poder\u00e3o levar um pedacinho de Maiorca para onde quer que v\u00e3o, combinando prote\u00e7\u00e3o e estilo num \u00fanico artigo.<\/p>\n","protected":false},"excerpt":{"rendered":"<p>Capa para iPhone 13 fabricada em TPU, com um design vibrante de um gato colorido que evoca o encanto de Maiorca. O design apresenta um mosaico de tons vivos que se destaca sobre um fundo preto, salpicado de borboletas multicoloridas que acrescentam um toque alegre. A palavra &#8220;Mallorca&#8221; aparece na parte inferior com uma tipografia moderna, criando um acess\u00f3rio atraente e divertido que protege o seu dispositivo com estilo.<\/p>\n","protected":false},"featured_media":12931,"template":"","meta":{"_acf_changed":false},"product_brand":[],"product_cat":[685],"product_tag":[516],"class_list":{"0":"post-37778","1":"product","2":"type-product","3":"status-publish","4":"has-post-thumbnail","6":"product_cat-capas-para-telemoveis","7":"product_tag-animais","8":"pa_ciudad-mallorca","9":"pa_motivo-gatos","10":"pa_pais-espana","12":"first","13":"instock","14":"shipping-taxable","15":"product-type-simple"},"acf":[],"_links":{"self":[{"href":"https:\/\/olemosaic.com\/pt-pt\/wp-json\/wp\/v2\/product\/37778","targetHints":{"allow":["GET"]}}],"collection":[{"href":"https:\/\/olemosaic.com\/pt-pt\/wp-json\/wp\/v2\/product"}],"about":[{"href":"https:\/\/olemosaic.com\/pt-pt\/wp-json\/wp\/v2\/types\/product"}],"wp:featuredmedia":[{"embeddable":true,"href":"https:\/\/olemosaic.com\/pt-pt\/wp-json\/wp\/v2\/media\/12931"}],"wp:attachment":[{"href":"https:\/\/olemosaic.com\/pt-pt\/wp-json\/wp\/v2\/media?parent=37778"}],"wp:term":[{"taxonomy":"product_brand","embeddable":true,"href":"https:\/\/olemosaic.com\/pt-pt\/wp-json\/wp\/v2\/product_brand?post=37778"},{"taxonomy":"product_cat","embeddable":true,"href":"https:\/\/olemosaic.com\/pt-pt\/wp-json\/wp\/v2\/product_cat?post=37778"},{"taxonomy":"product_tag","embeddable":true,"href":"https:\/\/olemosaic.com\/pt-pt\/wp-json\/wp\/v2\/product_tag?post=37778"}],"curies":[{"name":"wp","href":"https:\/\/api.w.org\/{rel}","templated":true}]}}