{"id":37777,"date":"2025-02-20T23:28:46","date_gmt":"2025-02-20T22:28:46","guid":{"rendered":"http:\/\/olemosaic.com\/producto\/funda-de-telefono-para-iphone-11-pro-tpu-abstracto-negro-2\/"},"modified":"2025-07-18T14:40:31","modified_gmt":"2025-07-18T12:40:31","slug":"capa-para-telemovel-iphone-11-pro-tpu-abstrato-preto-2","status":"publish","type":"product","link":"https:\/\/olemosaic.com\/pt-pt\/produto\/capa-para-telemovel-iphone-11-pro-tpu-abstrato-preto-2\/","title":{"rendered":"Capa para telem\u00f3vel iPhone 11 Pro (TPU). Abstrato. Efeito nuvens. Preto"},"content":{"rendered":"<p>Esta capa para iPhone 11 Pro \u00e9 uma pe\u00e7a moderna e vibrante que combina estilo e funcionalidade na perfei\u00e7\u00e3o. Fabricada em TPU de alta qualidade, o seu design abstrato destaca-se por um impressionante padr\u00e3o de nuvens coloridas que funde tons pretos, azuis, laranjas e rosas, criando um efeito din\u00e2mico e contempor\u00e2neo. Esta mistura de cores n\u00e3o s\u00f3 chama a aten\u00e7\u00e3o, como tamb\u00e9m confere um toque art\u00edstico, transformando um acess\u00f3rio quotidiano numa express\u00e3o de estilo pessoal. A textura suave do TPU proporciona uma prote\u00e7\u00e3o eficaz contra impactos e quedas, garantindo que o seu iPhone 11 Pro se mantenha seguro em qualquer situa\u00e7\u00e3o. Al\u00e9m disso, a sua superf\u00edcie ergon\u00f3mica facilita uma ader\u00eancia confort\u00e1vel, tornando-a f\u00e1cil de manusear no dia a dia.<\/p>\n<p>Como uma recorda\u00e7\u00e3o representativa da criatividade e da inova\u00e7\u00e3o do design contempor\u00e2neo, esta capa \u00e9 perfeita para quem procura um souvenir funcional da sua passagem por Espanha ou Portugal. Na Ol\u00e9 Mosaic, orgulhamo-nos de oferecer produtos aut\u00eanticos e de qualidade por grosso, como esta capa de telem\u00f3vel, ideal para lojas de presentes tur\u00edsticos que desejem oferecer artigos \u00fanicos aos seus clientes. Um souvenir que combina arte e utilidade, perfeito para quem aprecia o design moderno.<\/p>\n","protected":false},"excerpt":{"rendered":"<p>Capa para iPhone 11 Pro fabricada em TPU com um design abstrato em tons de preto, azul, laranja e rosa. Esta capa apresenta um vibrante padr\u00e3o de nuvens coloridas entrela\u00e7adas, criando um efeito din\u00e2mico e moderno. A textura suave do material TPU n\u00e3o s\u00f3 protege contra impactos, como tamb\u00e9m oferece uma ader\u00eancia confort\u00e1vel, o que a torna um acess\u00f3rio atraente e funcional para os amantes do design contempor\u00e2neo.<\/p>\n","protected":false},"featured_media":12173,"template":"","meta":{"_acf_changed":false},"product_brand":[],"product_cat":[685],"product_tag":[],"class_list":{"0":"post-37777","1":"product","2":"type-product","3":"status-publish","4":"has-post-thumbnail","6":"product_cat-capas-para-telemoveis","7":"pa_motivo-resumo","9":"first","10":"instock","11":"shipping-taxable","12":"product-type-simple"},"acf":[],"_links":{"self":[{"href":"https:\/\/olemosaic.com\/pt-pt\/wp-json\/wp\/v2\/product\/37777","targetHints":{"allow":["GET"]}}],"collection":[{"href":"https:\/\/olemosaic.com\/pt-pt\/wp-json\/wp\/v2\/product"}],"about":[{"href":"https:\/\/olemosaic.com\/pt-pt\/wp-json\/wp\/v2\/types\/product"}],"wp:featuredmedia":[{"embeddable":true,"href":"https:\/\/olemosaic.com\/pt-pt\/wp-json\/wp\/v2\/media\/12173"}],"wp:attachment":[{"href":"https:\/\/olemosaic.com\/pt-pt\/wp-json\/wp\/v2\/media?parent=37777"}],"wp:term":[{"taxonomy":"product_brand","embeddable":true,"href":"https:\/\/olemosaic.com\/pt-pt\/wp-json\/wp\/v2\/product_brand?post=37777"},{"taxonomy":"product_cat","embeddable":true,"href":"https:\/\/olemosaic.com\/pt-pt\/wp-json\/wp\/v2\/product_cat?post=37777"},{"taxonomy":"product_tag","embeddable":true,"href":"https:\/\/olemosaic.com\/pt-pt\/wp-json\/wp\/v2\/product_tag?post=37777"}],"curies":[{"name":"wp","href":"https:\/\/api.w.org\/{rel}","templated":true}]}}