{"id":37776,"date":"2025-02-20T22:28:46","date_gmt":"2025-02-20T22:28:46","guid":{"rendered":"http:\/\/olemosaic.com\/producto\/funda-de-telefono-para-iphone-11-pro-tpu-salamandra-barcelona-negro\/"},"modified":"2025-07-25T19:18:06","modified_gmt":"2025-07-25T17:18:06","slug":"capa-para-telemovel-iphone-11-pro-tpu-salamandra-barcelona-preto","status":"publish","type":"product","link":"https:\/\/olemosaic.com\/pt-pt\/produto\/capa-para-telemovel-iphone-11-pro-tpu-salamandra-barcelona-preto\/","title":{"rendered":"Capa para telem\u00f3vel iPhone 11 Pro (TPU). Salamandra. Barcelona. Preto"},"content":{"rendered":"<p>Esta capa para iPhone 11 Pro \u00e9 uma recorda\u00e7\u00e3o elegante inspirada na vibrante cultura barcelonesa. Fabricada em TPU de alta qualidade, oferece uma prote\u00e7\u00e3o duradoura e um ajuste perfeito para o seu dispositivo. O seu design destaca-se pela representa\u00e7\u00e3o art\u00edstica de coloridas salamandras que evocam a ic\u00f3nica arquitetura modernista da cidade. Cada salamandra apresenta um estilo de mosaico cheio de matizes, que se complementa com detalhes florais em tons contrastantes sobre um fundo preto, criando um efeito visual cativante que n\u00e3o passar\u00e1 despercebido.<\/p>\n<p>A palavra \u201cBarcelona\u201d est\u00e1 elegantemente impressa na parte inferior, acrescentando um toque pessoal que converte esta capa numa recorda\u00e7\u00e3o funcional e atraente. Este produto capta a ess\u00eancia da cidade, com um design que presta homenagem \u00e0 diversidade da sua flora e fauna, simbolizando a liga\u00e7\u00e3o entre natureza e arte que caracteriza esta metr\u00f3pole. Como souvenir de Barcelona, esta capa n\u00e3o s\u00f3 protege o seu telem\u00f3vel, como tamb\u00e9m lhe permite levar um peda\u00e7o da rica heran\u00e7a cultural da cidade para onde quer que v\u00e1.<\/p>\n<p>Na Ol\u00e9 Mosaic, somos distribuidores de recorda\u00e7\u00f5es de alta qualidade, e esta capa de salamandras \u00e9 uma excelente op\u00e7\u00e3o para lojas de presentes tur\u00edsticos que procurem oferecer produtos aut\u00eanticos e representativos da cultura catal\u00e3. Com o seu design original e a sua relev\u00e2ncia cultural, torna-se uma escolha ideal para turistas que desejem levar uma recorda\u00e7\u00e3o significativa de Barcelona.<\/p>\n","protected":false},"excerpt":{"rendered":"<p>Capa para iPhone 11 Pro fabricada em TPU, adornada com um design vibrante de salamandras e flores em cores contrastantes sobre fundo preto. Inspirada na arquitetura modernista de Barcelona, cada salamandra apresenta um estilo mosaico, complementado com detalhes florais que acrescentam um toque art\u00edstico. A palavra \u00abBarcelona\u00bb est\u00e1 elegantemente impressa, tornando esta capa uma recorda\u00e7\u00e3o funcional e atraente que capta a ess\u00eancia da cidade.<\/p>\n","protected":false},"featured_media":12171,"template":"","meta":{"_acf_changed":false},"product_brand":[],"product_cat":[685],"product_tag":[516],"class_list":{"0":"post-37776","1":"product","2":"type-product","3":"status-publish","4":"has-post-thumbnail","6":"product_cat-capas-para-telemoveis","7":"product_tag-animais","8":"pa_ciudad-barcelona","9":"pa_motivo-salamandras","10":"pa_pais-espana","12":"first","13":"instock","14":"shipping-taxable","15":"product-type-simple"},"acf":[],"_links":{"self":[{"href":"https:\/\/olemosaic.com\/pt-pt\/wp-json\/wp\/v2\/product\/37776","targetHints":{"allow":["GET"]}}],"collection":[{"href":"https:\/\/olemosaic.com\/pt-pt\/wp-json\/wp\/v2\/product"}],"about":[{"href":"https:\/\/olemosaic.com\/pt-pt\/wp-json\/wp\/v2\/types\/product"}],"wp:featuredmedia":[{"embeddable":true,"href":"https:\/\/olemosaic.com\/pt-pt\/wp-json\/wp\/v2\/media\/12171"}],"wp:attachment":[{"href":"https:\/\/olemosaic.com\/pt-pt\/wp-json\/wp\/v2\/media?parent=37776"}],"wp:term":[{"taxonomy":"product_brand","embeddable":true,"href":"https:\/\/olemosaic.com\/pt-pt\/wp-json\/wp\/v2\/product_brand?post=37776"},{"taxonomy":"product_cat","embeddable":true,"href":"https:\/\/olemosaic.com\/pt-pt\/wp-json\/wp\/v2\/product_cat?post=37776"},{"taxonomy":"product_tag","embeddable":true,"href":"https:\/\/olemosaic.com\/pt-pt\/wp-json\/wp\/v2\/product_tag?post=37776"}],"curies":[{"name":"wp","href":"https:\/\/api.w.org\/{rel}","templated":true}]}}