{"id":37775,"date":"2025-02-20T22:28:46","date_gmt":"2025-02-20T22:28:46","guid":{"rendered":"http:\/\/olemosaic.com\/producto\/funda-de-telefono-para-iphone-11-pro-tpu-sagrada-familia-barcelona-azul\/"},"modified":"2025-07-25T20:13:36","modified_gmt":"2025-07-25T18:13:36","slug":"capa-para-telemovel-iphone-11-pro-tpu-sagrada-familia-barcelona-azul","status":"publish","type":"product","link":"https:\/\/olemosaic.com\/pt-pt\/produto\/capa-para-telemovel-iphone-11-pro-tpu-sagrada-familia-barcelona-azul\/","title":{"rendered":"Capa para telem\u00f3vel iPhone 11 Pro (TPU). Sagrada Fam\u00edlia. Barcelona. Azul"},"content":{"rendered":"<p>Esta capa para iPhone 11 Pro \u00e9 uma aut\u00eantica homenagem \u00e0 emblem\u00e1tica Sagrada Fam\u00edlia de Barcelona, uma obra-prima da arquitetura catal\u00e3. Fabricada em TPU, este acess\u00f3rio n\u00e3o s\u00f3 protege eficazmente contra choques e quedas, como tamb\u00e9m se destaca pelo seu design vibrante. A ilustra\u00e7\u00e3o colorida real\u00e7a as majestosas torres da Sagrada Fam\u00edlia, adornadas com detalhes arquitet\u00f3nicos em tons quentes e um fundo azul que simula o c\u00e9u mediterr\u00e2nico, dando vida a uma das estruturas mais reconhec\u00edveis de Espanha. Al\u00e9m disso, os mosaicos texturizados conferem um efeito visual din\u00e2mico que evoca o estilo \u00fanico de Antoni Gaud\u00ed.<\/p>\n<p>A palavra &#8220;Barcelona&#8221; est\u00e1 elegantemente impressa, acrescentando um toque distintivo que faz desta capa um produto funcional e atraente. Esta pe\u00e7a n\u00e3o \u00e9 apenas uma recorda\u00e7\u00e3o ideal para os turistas que procuram souvenirs representativos da rica cultura catal\u00e3, mas tamb\u00e9m capta a ess\u00eancia da vibrante cidade de Barcelona. Na Ol\u00e9 Mosaic, como grossistas de acess\u00f3rios aut\u00eanticos, oferecemos \u00e0s lojas de presentes tur\u00edsticos este artigo \u00fanico que combina estilo e prote\u00e7\u00e3o, tornando-o uma op\u00e7\u00e3o imprescind\u00edvel para quem deseja levar consigo um fragmento da hist\u00f3ria e da arte de Barcelona.<\/p>\n","protected":false},"excerpt":{"rendered":"<p>Capa para iPhone 11 Pro, fabricada em TPU, com um design vibrante da Sagrada Fam\u00edlia de Barcelona. Esta capa apresenta uma ilustra\u00e7\u00e3o colorida que real\u00e7a as torres e os detalhes arquitet\u00f3nicos sobre um fundo azul com uma texturiza\u00e7\u00e3o que simula mosaicos. A palavra &#8220;Barcelona&#8221; est\u00e1 elegantemente impressa, acrescentando um toque distintivo a este acess\u00f3rio que combina prote\u00e7\u00e3o e estilo, ideal para os amantes da arquitetura catal\u00e3.<\/p>\n","protected":false},"featured_media":12165,"template":"","meta":{"_acf_changed":false},"product_brand":[],"product_cat":[685],"product_tag":[],"class_list":{"0":"post-37775","1":"product","2":"type-product","3":"status-publish","4":"has-post-thumbnail","6":"product_cat-capas-para-telemoveis","7":"pa_ciudad-barcelona","8":"pa_motivo-sagrada-familia","9":"pa_pais-espana","11":"first","12":"instock","13":"shipping-taxable","14":"product-type-simple"},"acf":[],"_links":{"self":[{"href":"https:\/\/olemosaic.com\/pt-pt\/wp-json\/wp\/v2\/product\/37775","targetHints":{"allow":["GET"]}}],"collection":[{"href":"https:\/\/olemosaic.com\/pt-pt\/wp-json\/wp\/v2\/product"}],"about":[{"href":"https:\/\/olemosaic.com\/pt-pt\/wp-json\/wp\/v2\/types\/product"}],"wp:featuredmedia":[{"embeddable":true,"href":"https:\/\/olemosaic.com\/pt-pt\/wp-json\/wp\/v2\/media\/12165"}],"wp:attachment":[{"href":"https:\/\/olemosaic.com\/pt-pt\/wp-json\/wp\/v2\/media?parent=37775"}],"wp:term":[{"taxonomy":"product_brand","embeddable":true,"href":"https:\/\/olemosaic.com\/pt-pt\/wp-json\/wp\/v2\/product_brand?post=37775"},{"taxonomy":"product_cat","embeddable":true,"href":"https:\/\/olemosaic.com\/pt-pt\/wp-json\/wp\/v2\/product_cat?post=37775"},{"taxonomy":"product_tag","embeddable":true,"href":"https:\/\/olemosaic.com\/pt-pt\/wp-json\/wp\/v2\/product_tag?post=37775"}],"curies":[{"name":"wp","href":"https:\/\/api.w.org\/{rel}","templated":true}]}}