{"id":37773,"date":"2025-02-20T22:28:46","date_gmt":"2025-02-20T22:28:46","guid":{"rendered":"http:\/\/olemosaic.com\/producto\/funda-de-telefono-para-iphone-11-pro-tpu-salamandra-mallorca-blanco\/"},"modified":"2025-07-25T19:21:59","modified_gmt":"2025-07-25T17:21:59","slug":"capa-para-telemovel-iphone-11-pro-tpu-salamandra-maiorca-branco","status":"publish","type":"product","link":"https:\/\/olemosaic.com\/pt-pt\/produto\/capa-para-telemovel-iphone-11-pro-tpu-salamandra-maiorca-branco\/","title":{"rendered":"Capa para telem\u00f3vel iPhone 11 Pro (TPU). Salamandra. Maiorca. Branco"},"content":{"rendered":"<p>Esta capa para iPhone 11 Pro \u00e9 um acess\u00f3rio vibrante que capta a ess\u00eancia de Maiorca, combinando funcionalidade e estilo. Fabricada em TPU, garante uma elevada resist\u00eancia a choques e quedas, protegendo o seu dispositivo sem sacrificar o design. O seu fundo branco apresenta um encantador mosaico que evoca a arte tradicional da ilha, servindo de moldura perfeita para as coloridas ilustra\u00e7\u00f5es de salamandras e flores que a adornam. As cores vivas verde, azul e vermelho das salamandras, juntamente com os motivos florais, conferem alegria e frescura, tornando este acess\u00f3rio uma pe\u00e7a \u00fanica e atraente.<\/p>\n<p>A palavra \u201cMallorca\u201d, desenhada com letras coloridas, real\u00e7a o esp\u00edrito tur\u00edstico da ilha, fazendo desta capa uma recorda\u00e7\u00e3o perfeita para quem a visita. Este souvenir representa n\u00e3o s\u00f3 a rica fauna balear, mas tamb\u00e9m a liga\u00e7\u00e3o cultural de Maiorca com a arte do mosaico, famosa nas suas ruas e monumentos. Na Ol\u00e9 Mosaic, especializamo-nos na distribui\u00e7\u00e3o de souvenirs de qualidade, e este artigo \u00e9 uma excelente op\u00e7\u00e3o para lojas de presentes tur\u00edsticos que procuram oferecer produtos aut\u00eanticos e representativos. Sem d\u00favida, esta capa \u00e9 uma maravilhosa ideia de recorda\u00e7\u00e3o que combina praticidade e beleza, ideal para quem deseja levar um pedacinho de Maiorca para casa.<\/p>\n","protected":false},"excerpt":{"rendered":"<p>Capa para iPhone 11 Pro fabricada em TPU, decorada com um design vibrante de salamandras e flores, inspirado na rica fauna de Maiorca. A base branca apresenta um estilo de mosaico que evoca a arte tradicional da ilha, enquanto as cores brilhantes verde, azul e vermelho das salamandras contrastam com o fundo. A palavra &#8220;Mallorca&#8221; aparece em cores, acrescentando um toque de personalidade e apelo tur\u00edstico a este pr\u00e1tico acess\u00f3rio.<\/p>\n","protected":false},"featured_media":13381,"template":"","meta":{"_acf_changed":false},"product_brand":[],"product_cat":[685],"product_tag":[516],"class_list":{"0":"post-37773","1":"product","2":"type-product","3":"status-publish","4":"has-post-thumbnail","6":"product_cat-capas-para-telemoveis","7":"product_tag-animais","8":"pa_ciudad-mallorca","9":"pa_motivo-salamandras","10":"pa_pais-espana","12":"first","13":"instock","14":"shipping-taxable","15":"product-type-simple"},"acf":[],"_links":{"self":[{"href":"https:\/\/olemosaic.com\/pt-pt\/wp-json\/wp\/v2\/product\/37773","targetHints":{"allow":["GET"]}}],"collection":[{"href":"https:\/\/olemosaic.com\/pt-pt\/wp-json\/wp\/v2\/product"}],"about":[{"href":"https:\/\/olemosaic.com\/pt-pt\/wp-json\/wp\/v2\/types\/product"}],"wp:featuredmedia":[{"embeddable":true,"href":"https:\/\/olemosaic.com\/pt-pt\/wp-json\/wp\/v2\/media\/13381"}],"wp:attachment":[{"href":"https:\/\/olemosaic.com\/pt-pt\/wp-json\/wp\/v2\/media?parent=37773"}],"wp:term":[{"taxonomy":"product_brand","embeddable":true,"href":"https:\/\/olemosaic.com\/pt-pt\/wp-json\/wp\/v2\/product_brand?post=37773"},{"taxonomy":"product_cat","embeddable":true,"href":"https:\/\/olemosaic.com\/pt-pt\/wp-json\/wp\/v2\/product_cat?post=37773"},{"taxonomy":"product_tag","embeddable":true,"href":"https:\/\/olemosaic.com\/pt-pt\/wp-json\/wp\/v2\/product_tag?post=37773"}],"curies":[{"name":"wp","href":"https:\/\/api.w.org\/{rel}","templated":true}]}}