{"id":37772,"date":"2025-02-20T23:28:41","date_gmt":"2025-02-20T22:28:41","guid":{"rendered":"http:\/\/olemosaic.com\/producto\/rana-figura-de-resina-de-8-cm-pintada-a-mano\/"},"modified":"2025-07-25T18:54:13","modified_gmt":"2025-07-25T16:54:13","slug":"ra-figura-de-resina-de-8-cm-pintada-a-mao-pt-pt","status":"publish","type":"product","link":"https:\/\/olemosaic.com\/pt-pt\/produto\/ra-figura-de-resina-de-8-cm-pintada-a-mao-pt-pt\/","title":{"rendered":"R\u00e3. Figura de mosaico de 8 cm."},"content":{"rendered":"<p>Esta figura de r\u00e3 de resina com efeito pintado \u00e0 m\u00e3o \u00e9 um exemplo vibrante da arte tradicional espanhola, perfeita para quem procura uma recorda\u00e7\u00e3o \u00fanica e representativa. Com os seus 8 cm de altura, esta escultura colorida destaca-se pelo seu estilo de mosaico, que captura a ess\u00eancia do folclore espanhol. Os tons intensos de vermelho, verde, amarelo e azul entrela\u00e7am-se na sua superf\u00edcie, criando um efeito cativante que evocar\u00e1 sorrisos e recorda\u00e7\u00f5es sempre que for admirada. Os detalhes meticulosos, como os contornos bem definidos e os olhos expressivos, conferem um acabamento \u00fanico que real\u00e7a a destreza artesanal dos nossos artistas.<\/p>\n<p>Este tipo de figura n\u00e3o \u00e9 apenas um belo elemento decorativo adequado para qualquer espa\u00e7o, mas tamb\u00e9m simboliza a rica tradi\u00e7\u00e3o cultural espanhola, onde as r\u00e3s s\u00e3o frequentemente associadas \u00e0 boa sorte e \u00e0 prosperidade. Ideal como presente ou recorda\u00e7\u00e3o, esta r\u00e3 de mosaico \u00e9 uma excelente op\u00e7\u00e3o para turistas que desejem levar um fragmento aut\u00eantico da cultura espanhola. Na Ol\u00e9 Mosaic, como distribuidores de recorda\u00e7\u00f5es por grosso, oferecemos esta figura como uma excelente op\u00e7\u00e3o para lojas de presentes tur\u00edsticos que procuram produtos aut\u00eanticos e de qualidade.<\/p>\n","protected":false},"excerpt":{"rendered":"<p>Figura de r\u00e3, design artesanal, pintado \u00e0 m\u00e3o, com um design vibrante de mosaico que captura a ess\u00eancia da arte tradicional espanhola. Com 8 cm de altura, esta escultura colorida apresenta uma variedade de tons, como vermelho, verde, amarelo e azul, evocando a alegria do folclore. Cada detalhe \u00e9 minuciosamente trabalhado para oferecer um acabamento \u00fanico e atraente, tornando-a uma excelente recorda\u00e7\u00e3o da cultura espanhola, ideal para adornar qualquer espa\u00e7o.<\/p>\n","protected":false},"featured_media":6292,"template":"","meta":{"_acf_changed":false},"product_brand":[],"product_cat":[552],"product_tag":[516],"class_list":{"0":"post-37772","1":"product","2":"type-product","3":"status-publish","4":"has-post-thumbnail","6":"product_cat-numeros","7":"product_tag-animais","8":"pa_motivo-ras","10":"first","11":"instock","12":"shipping-taxable","13":"product-type-simple"},"acf":[],"_links":{"self":[{"href":"https:\/\/olemosaic.com\/pt-pt\/wp-json\/wp\/v2\/product\/37772","targetHints":{"allow":["GET"]}}],"collection":[{"href":"https:\/\/olemosaic.com\/pt-pt\/wp-json\/wp\/v2\/product"}],"about":[{"href":"https:\/\/olemosaic.com\/pt-pt\/wp-json\/wp\/v2\/types\/product"}],"wp:featuredmedia":[{"embeddable":true,"href":"https:\/\/olemosaic.com\/pt-pt\/wp-json\/wp\/v2\/media\/6292"}],"wp:attachment":[{"href":"https:\/\/olemosaic.com\/pt-pt\/wp-json\/wp\/v2\/media?parent=37772"}],"wp:term":[{"taxonomy":"product_brand","embeddable":true,"href":"https:\/\/olemosaic.com\/pt-pt\/wp-json\/wp\/v2\/product_brand?post=37772"},{"taxonomy":"product_cat","embeddable":true,"href":"https:\/\/olemosaic.com\/pt-pt\/wp-json\/wp\/v2\/product_cat?post=37772"},{"taxonomy":"product_tag","embeddable":true,"href":"https:\/\/olemosaic.com\/pt-pt\/wp-json\/wp\/v2\/product_tag?post=37772"}],"curies":[{"name":"wp","href":"https:\/\/api.w.org\/{rel}","templated":true}]}}