{"id":37771,"date":"2025-02-20T23:28:41","date_gmt":"2025-02-20T22:28:41","guid":{"rendered":"http:\/\/olemosaic.com\/producto\/pulpo-figura-de-resina-de-95-cm-pintada-a-mano\/"},"modified":"2025-07-25T18:47:16","modified_gmt":"2025-07-25T16:47:16","slug":"polvo-figura-de-resina-de-9-5-cm-pintada-a-mao-pt-pt","status":"publish","type":"product","link":"https:\/\/olemosaic.com\/pt-pt\/produto\/polvo-figura-de-resina-de-9-5-cm-pintada-a-mao-pt-pt\/","title":{"rendered":"Polvo. Figura de mosaico de 9,5 cm."},"content":{"rendered":"<p>Esta figura de polvo de resina de 9,5 cm \u00e9 uma recorda\u00e7\u00e3o encantadora que captura a ess\u00eancia vibrante do folclore marinho espanhol. Pintado \u00e0 m\u00e3o com cores chamativas, cada polvo apresenta um acabamento brilhante que reflete a luminosidade do oceano. Os mosaicos em tons de vermelho, azul, verde e amarelo adornam a figura, criando um efeito visual din\u00e2mico que evoca a riqueza da vida marinha.<\/p>\n<p>Os tent\u00e1culos do polvo s\u00e3o decorados com pontos delicados, que adicionam um toque distintivo e real\u00e7am o seu car\u00e1cter \u00fanico. Esta representa\u00e7\u00e3o art\u00edstica n\u00e3o s\u00f3 se destaca pelo seu apelo visual, mas tamb\u00e9m pela sua liga\u00e7\u00e3o cultural com as tradi\u00e7\u00f5es mar\u00edtimas das regi\u00f5es costeiras de Espanha, onde o polvo \u00e9 um s\u00edmbolo da gastronomia e da cultura local.<\/p>\n<p>Como recorda\u00e7\u00e3o, esta figura de polvo \u00e9 ideal para recordar uma viagem \u00e0s costas espanholas, e tamb\u00e9m se torna um belo objeto de decora\u00e7\u00e3o que trar\u00e1 cor e vida a qualquer espa\u00e7o. Na Ol\u00e9 Mosaic, especializamo-nos na distribui\u00e7\u00e3o de recorda\u00e7\u00f5es por grosso, assegurando produtos aut\u00eanticos que representam a riqueza cultural de Espanha. Esta figura \u00e9 uma excelente op\u00e7\u00e3o para lojas de presentes tur\u00edsticos que procuram oferecer recorda\u00e7\u00f5es memor\u00e1veis e aut\u00eanticas da tradi\u00e7\u00e3o mar\u00edtima espanhola.<\/p>\n","protected":false},"excerpt":{"rendered":"<p>Figura de polvo de 9,5 cm, design artesanal, pintado \u00e0 m\u00e3o, com cores chamativas que refletem o vibrante folclore marinho espanhol. Este design art\u00edstico apresenta um acabamento brilhante e mosaicos detalhados em tons de vermelho, azul, verde e amarelo, capturando a ess\u00eancia do oceano. Cada tent\u00e1culo \u00e9 decorado com pontos que adicionam um toque distintivo. Ideal como souvenir ou elemento decorativo, esta figura real\u00e7a a riqueza cultural e mar\u00edtima da regi\u00e3o.<\/p>\n","protected":false},"featured_media":11070,"template":"","meta":{"_acf_changed":false},"product_brand":[],"product_cat":[552],"product_tag":[516],"class_list":{"0":"post-37771","1":"product","2":"type-product","3":"status-publish","4":"has-post-thumbnail","6":"product_cat-numeros","7":"product_tag-animais","8":"pa_motivo-polvos","10":"first","11":"instock","12":"shipping-taxable","13":"product-type-simple"},"acf":[],"_links":{"self":[{"href":"https:\/\/olemosaic.com\/pt-pt\/wp-json\/wp\/v2\/product\/37771","targetHints":{"allow":["GET"]}}],"collection":[{"href":"https:\/\/olemosaic.com\/pt-pt\/wp-json\/wp\/v2\/product"}],"about":[{"href":"https:\/\/olemosaic.com\/pt-pt\/wp-json\/wp\/v2\/types\/product"}],"wp:featuredmedia":[{"embeddable":true,"href":"https:\/\/olemosaic.com\/pt-pt\/wp-json\/wp\/v2\/media\/11070"}],"wp:attachment":[{"href":"https:\/\/olemosaic.com\/pt-pt\/wp-json\/wp\/v2\/media?parent=37771"}],"wp:term":[{"taxonomy":"product_brand","embeddable":true,"href":"https:\/\/olemosaic.com\/pt-pt\/wp-json\/wp\/v2\/product_brand?post=37771"},{"taxonomy":"product_cat","embeddable":true,"href":"https:\/\/olemosaic.com\/pt-pt\/wp-json\/wp\/v2\/product_cat?post=37771"},{"taxonomy":"product_tag","embeddable":true,"href":"https:\/\/olemosaic.com\/pt-pt\/wp-json\/wp\/v2\/product_tag?post=37771"}],"curies":[{"name":"wp","href":"https:\/\/api.w.org\/{rel}","templated":true}]}}