{"id":37770,"date":"2025-02-20T23:28:41","date_gmt":"2025-02-20T22:28:41","guid":{"rendered":"http:\/\/olemosaic.com\/producto\/mariposa-figura-de-resina-de-12-cm-rojo-pintada-a-mano\/"},"modified":"2025-07-25T19:42:45","modified_gmt":"2025-07-25T17:42:45","slug":"borboleta-figura-de-resina-de-12-cm-vermelho-pintada-a-mao-pt-pt","status":"publish","type":"product","link":"https:\/\/olemosaic.com\/pt-pt\/produto\/borboleta-figura-de-resina-de-12-cm-vermelho-pintada-a-mao-pt-pt\/","title":{"rendered":"Borboleta. Figura de mosaico de 12 cm. Vermelho."},"content":{"rendered":"<p>Esta figura de borboleta de resina \u00e9 um aut\u00eantico presente que captura a ess\u00eancia da arte e da natureza. Com os seus 12 cm de altura, este ador\u00e1vel adorno destaca-se pelo seu design vibrante em tons de vermelho e laranja, com belos padr\u00f5es alares que simulam mosaicos, o que lhe confere um aspeto distintivo e atraente. Cada figura aparenta ser pintada \u00e0 m\u00e3o, o que garante que cada pe\u00e7a seja \u00fanica e exclusiva, prestando uma aten\u00e7\u00e3o meticulosa aos detalhes art\u00edsticos que real\u00e7am a sua beleza.<\/p>\n<p>A borboleta apresenta uma silhueta delicada que, acompanhada pelos seus olhos amarelos e matizes pretos, evoca a magia dos insetos no seu habitat natural, proporcionando um ar fresco e colorido a qualquer ambiente. Este souvenir n\u00e3o \u00e9 apenas ideal para decorar espa\u00e7os interiores, mas tamb\u00e9m simboliza a transforma\u00e7\u00e3o e a liberdade, conceitos profundamente enraizados na cultura mediterr\u00e2nica. A sua relev\u00e2ncia cultural como recorda\u00e7\u00e3o representa a aprecia\u00e7\u00e3o da beleza natural e do artesanato local, o que a torna uma recorda\u00e7\u00e3o preciosa para os visitantes de Espanha ou Portugal.<\/p>\n<p>Na Ol\u00e9 Mosaic, somos distribuidores de souvenirs por grosso e acreditamos que esta figura de borboleta, aut\u00eantica e artesanal, \u00e9 uma excelente op\u00e7\u00e3o para lojas de presentes tur\u00edsticos que procuram oferecer produtos de qualidade e com significado. Os souvenirs de borboletas s\u00e3o perfeitos para aqueles que desejam levar um pedacinho da cultura mediterr\u00e2nica para as suas casas.<\/p>\n","protected":false},"excerpt":{"rendered":"<p>Figura de borboleta, design artesanal, pintado \u00e0 m\u00e3o, de 12 cm e com um design vibrante em tons de vermelho e laranja. Este adorno destaca-se pelo seu detalhado trabalho art\u00edstico, com um padr\u00e3o de asas que simula mosaicos e uma silhueta delicada, ideal para decorar qualquer espa\u00e7o com um toque de color. A borboleta, com os seus olhos amarelos e matizes em preto, evoca a beleza da natureza e proporciona um ar fresco e distintivo a qualquer ambiente.<\/p>\n","protected":false},"featured_media":11067,"template":"","meta":{"_acf_changed":false},"product_brand":[],"product_cat":[552],"product_tag":[516],"class_list":{"0":"post-37770","1":"product","2":"type-product","3":"status-publish","4":"has-post-thumbnail","6":"product_cat-numeros","7":"product_tag-animais","8":"pa_motivo-borboletas","10":"first","11":"instock","12":"shipping-taxable","13":"product-type-simple"},"acf":[],"_links":{"self":[{"href":"https:\/\/olemosaic.com\/pt-pt\/wp-json\/wp\/v2\/product\/37770","targetHints":{"allow":["GET"]}}],"collection":[{"href":"https:\/\/olemosaic.com\/pt-pt\/wp-json\/wp\/v2\/product"}],"about":[{"href":"https:\/\/olemosaic.com\/pt-pt\/wp-json\/wp\/v2\/types\/product"}],"wp:featuredmedia":[{"embeddable":true,"href":"https:\/\/olemosaic.com\/pt-pt\/wp-json\/wp\/v2\/media\/11067"}],"wp:attachment":[{"href":"https:\/\/olemosaic.com\/pt-pt\/wp-json\/wp\/v2\/media?parent=37770"}],"wp:term":[{"taxonomy":"product_brand","embeddable":true,"href":"https:\/\/olemosaic.com\/pt-pt\/wp-json\/wp\/v2\/product_brand?post=37770"},{"taxonomy":"product_cat","embeddable":true,"href":"https:\/\/olemosaic.com\/pt-pt\/wp-json\/wp\/v2\/product_cat?post=37770"},{"taxonomy":"product_tag","embeddable":true,"href":"https:\/\/olemosaic.com\/pt-pt\/wp-json\/wp\/v2\/product_tag?post=37770"}],"curies":[{"name":"wp","href":"https:\/\/api.w.org\/{rel}","templated":true}]}}