{"id":37769,"date":"2025-02-20T23:28:41","date_gmt":"2025-02-20T22:28:41","guid":{"rendered":"http:\/\/olemosaic.com\/producto\/hormiga-figura-de-resina-de-105-cm-pintada-a-mano\/"},"modified":"2025-07-25T18:43:34","modified_gmt":"2025-07-25T16:43:34","slug":"formiga-figura-de-resina-de-10-5-cm-pintada-a-mao-pt-pt","status":"publish","type":"product","link":"https:\/\/olemosaic.com\/pt-pt\/produto\/formiga-figura-de-resina-de-10-5-cm-pintada-a-mao-pt-pt\/","title":{"rendered":"Formiga. Figura de mosaico de 10,5 cm."},"content":{"rendered":"<p>Esta figura de formiga de resina com efeito pintado \u00e0 m\u00e3o \u00e9 uma recorda\u00e7\u00e3o encantadora e colorida que captura a ess\u00eancia da arte popular espanhola. Com 10,5 cm de altura, este design original destaca-se pela sua vibrante combina\u00e7\u00e3o de cores, incluindo azuis, verdes e amarelos, que criam um aspeto l\u00fadico e vivo, perfeito para alegrar qualquer canto. Os olhos escuros da formiga conferem um toque encantador, enquanto as antenas e patas met\u00e1licas oferecem um contraste atraente que acentua o seu car\u00e1cter art\u00edstico.<\/p>\n<p>Esta figura n\u00e3o \u00e9 apenas um objeto decorativo, mas tamb\u00e9m um s\u00edmbolo do folclore e da tradi\u00e7\u00e3o artesanal de Espanha, onde a aten\u00e7\u00e3o ao detalhe e a habilidade manual s\u00e3o essenciais. Cada pe\u00e7a \u00e9 elaborada com t\u00e9cnicas que refletem um legado cultural, tornando-a uma recorda\u00e7\u00e3o aut\u00eantica e representativa do pa\u00eds. Ideal como presente ou como parte de uma cole\u00e7\u00e3o, esta formiga de resina \u00e9 um excelente souvenir que atrair\u00e1 turistas que procuram recorda\u00e7\u00f5es \u00fanicas. Na Ol\u00e9 Mosaic, como grossistas de artigos artesanais, oferecemos esta figura e outras recorda\u00e7\u00f5es de qualidade que celebram a rica diversidade do patrim\u00f3nio espanhol, perfeitas para lojas de presentes tur\u00edsticos que desejem oferecer produtos distintivos e aut\u00eanticos.<\/p>\n","protected":false},"excerpt":{"rendered":"<p>Figura de formiga com design artesanal, pintado \u00e0 m\u00e3o, de 10,5 cm de altura. Esta recorda\u00e7\u00e3o colorida apresenta um design detalhado com uma vibrante combina\u00e7\u00e3o de cores: azuis, verdes e amarelos que real\u00e7am o seu aspeto l\u00fadico e art\u00edstico. Os olhos escuros d\u00e3o-lhe um toque encantador, enquanto as antenas e patas met\u00e1licas adicionam um contraste atraente. Ideal como decora\u00e7\u00e3o ou presente, reflete a arte e o folclore do artesanato espanhol.<\/p>\n","protected":false},"featured_media":11083,"template":"","meta":{"_acf_changed":false},"product_brand":[],"product_cat":[552],"product_tag":[516],"class_list":{"0":"post-37769","1":"product","2":"type-product","3":"status-publish","4":"has-post-thumbnail","6":"product_cat-numeros","7":"product_tag-animais","8":"pa_motivo-formigas","10":"first","11":"instock","12":"shipping-taxable","13":"product-type-simple"},"acf":[],"_links":{"self":[{"href":"https:\/\/olemosaic.com\/pt-pt\/wp-json\/wp\/v2\/product\/37769","targetHints":{"allow":["GET"]}}],"collection":[{"href":"https:\/\/olemosaic.com\/pt-pt\/wp-json\/wp\/v2\/product"}],"about":[{"href":"https:\/\/olemosaic.com\/pt-pt\/wp-json\/wp\/v2\/types\/product"}],"wp:featuredmedia":[{"embeddable":true,"href":"https:\/\/olemosaic.com\/pt-pt\/wp-json\/wp\/v2\/media\/11083"}],"wp:attachment":[{"href":"https:\/\/olemosaic.com\/pt-pt\/wp-json\/wp\/v2\/media?parent=37769"}],"wp:term":[{"taxonomy":"product_brand","embeddable":true,"href":"https:\/\/olemosaic.com\/pt-pt\/wp-json\/wp\/v2\/product_brand?post=37769"},{"taxonomy":"product_cat","embeddable":true,"href":"https:\/\/olemosaic.com\/pt-pt\/wp-json\/wp\/v2\/product_cat?post=37769"},{"taxonomy":"product_tag","embeddable":true,"href":"https:\/\/olemosaic.com\/pt-pt\/wp-json\/wp\/v2\/product_tag?post=37769"}],"curies":[{"name":"wp","href":"https:\/\/api.w.org\/{rel}","templated":true}]}}