{"id":37768,"date":"2025-02-20T23:28:41","date_gmt":"2025-02-20T22:28:41","guid":{"rendered":"http:\/\/olemosaic.com\/producto\/gato-figura-de-resina-de-11-cm-pintada-a-mano-2\/"},"modified":"2025-07-25T19:11:36","modified_gmt":"2025-07-25T17:11:36","slug":"gato-figura-de-resina-de-11-cm-pintada-a-mao-2-pt-pt","status":"publish","type":"product","link":"https:\/\/olemosaic.com\/pt-pt\/produto\/gato-figura-de-resina-de-11-cm-pintada-a-mao-2-pt-pt\/","title":{"rendered":"Gato. Figura de mosaico de 11 cm."},"content":{"rendered":"<p>Esta figura de gato de resina com efeito pintado \u00e0 m\u00e3o \u00e9 uma aut\u00eantica joia que captura a ess\u00eancia do folclore espanhol. Com uma altura de 11 cm, o seu design vibrante em mosaico apresenta uma deslumbrante combina\u00e7\u00e3o de tons azuis, amarelos, vermelhos e verdes, criando um efeito visual atraente e alegre que certamente iluminar\u00e1 qualquer espa\u00e7o. Cada detalhe foi cuidadosamente elaborado por artes\u00e3os locais, o que garante que cada pe\u00e7a seja \u00fanica e represente a rica tradi\u00e7\u00e3o cultural de Espanha.<\/p>\n<p>O gato, s\u00edmbolo de independ\u00eancia e mist\u00e9rio em muitas culturas, evoca um esp\u00edrito l\u00fadico muito presente na vida espanhola. Esta figura n\u00e3o \u00e9 apenas um elemento decorativo precioso, mas tamb\u00e9m uma recorda\u00e7\u00e3o da arte e do artesanato tradicionais que s\u00e3o transmitidos de gera\u00e7\u00e3o em gera\u00e7\u00e3o. O acabamento pintado \u00e0 m\u00e3o assegura cores vibrantes e duradouras, tornando-a um presente perfeito para quem procura um souvenir aut\u00eantico e significativo.<\/p>\n<p>Na Ol\u00e9 Mosaic, distribu\u00edmos este tipo de souvenirs por grosso, fornecendo-os a lojas de presentes tur\u00edsticos que desejem oferecer aos seus clientes um peda\u00e7o da cultura espanhola. N\u00e3o h\u00e1 d\u00favida de que esta figura de gato \u00e9 uma excelente escolha para quem procura uma recorda\u00e7\u00e3o especial da sua viagem, bem como uma adi\u00e7\u00e3o sensacional a qualquer cole\u00e7\u00e3o de souvenirs espanh\u00f3is.<\/p>\n","protected":false},"excerpt":{"rendered":"<p>Figura de gato com design artesanal, pintado \u00e0 m\u00e3o, com uma altura de 11 cm. Este gato colorido apresenta um design vibrante em mosaico, combinando tons azuis, amarelos, vermelhos e verdes, o que cria um efeito visual atraente e alegre. A figura captura a ess\u00eancia do artesanato tradicional, perfeita para adicionar um toque art\u00edstico e divertido a qualquer canto da sua casa, evocando o esp\u00edrito l\u00fadico da cultura espanhola.<\/p>\n","protected":false},"featured_media":8759,"template":"","meta":{"_acf_changed":false},"product_brand":[],"product_cat":[552],"product_tag":[516],"class_list":{"0":"post-37768","1":"product","2":"type-product","3":"status-publish","4":"has-post-thumbnail","6":"product_cat-numeros","7":"product_tag-animais","8":"pa_motivo-gatos","10":"first","11":"instock","12":"shipping-taxable","13":"product-type-simple"},"acf":[],"_links":{"self":[{"href":"https:\/\/olemosaic.com\/pt-pt\/wp-json\/wp\/v2\/product\/37768","targetHints":{"allow":["GET"]}}],"collection":[{"href":"https:\/\/olemosaic.com\/pt-pt\/wp-json\/wp\/v2\/product"}],"about":[{"href":"https:\/\/olemosaic.com\/pt-pt\/wp-json\/wp\/v2\/types\/product"}],"wp:featuredmedia":[{"embeddable":true,"href":"https:\/\/olemosaic.com\/pt-pt\/wp-json\/wp\/v2\/media\/8759"}],"wp:attachment":[{"href":"https:\/\/olemosaic.com\/pt-pt\/wp-json\/wp\/v2\/media?parent=37768"}],"wp:term":[{"taxonomy":"product_brand","embeddable":true,"href":"https:\/\/olemosaic.com\/pt-pt\/wp-json\/wp\/v2\/product_brand?post=37768"},{"taxonomy":"product_cat","embeddable":true,"href":"https:\/\/olemosaic.com\/pt-pt\/wp-json\/wp\/v2\/product_cat?post=37768"},{"taxonomy":"product_tag","embeddable":true,"href":"https:\/\/olemosaic.com\/pt-pt\/wp-json\/wp\/v2\/product_tag?post=37768"}],"curies":[{"name":"wp","href":"https:\/\/api.w.org\/{rel}","templated":true}]}}