{"id":37767,"date":"2025-02-20T23:28:40","date_gmt":"2025-02-20T22:28:40","guid":{"rendered":"http:\/\/olemosaic.com\/producto\/gato-figura-de-resina-de-6-cm-pintada-a-mano\/"},"modified":"2025-07-25T23:12:09","modified_gmt":"2025-07-25T21:12:09","slug":"gato-figura-de-resina-de-6-cm-pintada-a-mao","status":"publish","type":"product","link":"https:\/\/olemosaic.com\/pt-pt\/produto\/gato-figura-de-resina-de-6-cm-pintada-a-mao\/","title":{"rendered":"Gato. Figura de mosaico de 6 cm."},"content":{"rendered":"<p>Esta figura de gato de resina \u00e9 uma recorda\u00e7\u00e3o encantadora que capta a ess\u00eancia l\u00fadica e art\u00edstica da cultura espanhola. Com um tamanho de 6 cm, este gato \u00e9 meticulosamente pintado \u00e0 m\u00e3o, exibindo um mosaico vibrante de cores, entre as quais se destacam tons intensos de amarelo, vermelho, azul e verde. Cada detalhe \u00e9 cuidadosamente desenhado, o que n\u00e3o s\u00f3 real\u00e7a a personalidade brincalhona do gato, como tamb\u00e9m reflete a rica tradi\u00e7\u00e3o art\u00edstica de Espanha, conhecida pelo seu amor pelas cores vivas e formas criativas.<\/p>\n<p>O gato, um s\u00edmbolo de lar e boa sorte, apresenta-se num design elegante que convida ao sorriso e ao bom humor, tornando-se uma pe\u00e7a decorativa ideal para qualquer canto da casa. A sua est\u00e9tica alegre e o seu acabamento brilhante tornam-no perfeito para real\u00e7ar qualquer ambiente, acrescentando um toque de cultura e criatividade.<\/p>\n<p>Esta recorda\u00e7\u00e3o \u00e9 um valor representativo da diversidade cultural de Espanha, criando uma liga\u00e7\u00e3o com a alegria e a vivacidade que caracterizam as cidades e vilas espanholas. Na Ol\u00e9 Mosaic, estamos comprometidos com a distribui\u00e7\u00e3o por grosso de recorda\u00e7\u00f5es aut\u00eanticas e de qualidade, o que torna esta figura de gato uma excelente op\u00e7\u00e3o para lojas de presentes tur\u00edsticos que procuram oferecer produtos memor\u00e1veis e cheios de significado.<\/p>\n","protected":false},"excerpt":{"rendered":"<p>Figura de gato, de 6 cm, design artesanal, pintada \u00e0 m\u00e3o, e decorada com um mosaico de cores vibrantes. Esta encantadora recorda\u00e7\u00e3o representa a ess\u00eancia l\u00fadica e art\u00edstica da cultura espanhola, com um design alegre e tons intensos de amarelo, vermelho, azul e verde. A aten\u00e7\u00e3o ao detalhe na t\u00e9cnica de pintura real\u00e7a a personalidade do gato, tornando-o uma pe\u00e7a decorativa ideal para qualquer canto da casa.<\/p>\n","protected":false},"featured_media":9450,"template":"","meta":{"_acf_changed":false},"product_brand":[],"product_cat":[552],"product_tag":[516],"class_list":{"0":"post-37767","1":"product","2":"type-product","3":"status-publish","4":"has-post-thumbnail","6":"product_cat-numeros","7":"product_tag-animais","8":"pa_motivo-gatos","10":"first","11":"instock","12":"shipping-taxable","13":"product-type-simple"},"acf":[],"_links":{"self":[{"href":"https:\/\/olemosaic.com\/pt-pt\/wp-json\/wp\/v2\/product\/37767","targetHints":{"allow":["GET"]}}],"collection":[{"href":"https:\/\/olemosaic.com\/pt-pt\/wp-json\/wp\/v2\/product"}],"about":[{"href":"https:\/\/olemosaic.com\/pt-pt\/wp-json\/wp\/v2\/types\/product"}],"wp:featuredmedia":[{"embeddable":true,"href":"https:\/\/olemosaic.com\/pt-pt\/wp-json\/wp\/v2\/media\/9450"}],"wp:attachment":[{"href":"https:\/\/olemosaic.com\/pt-pt\/wp-json\/wp\/v2\/media?parent=37767"}],"wp:term":[{"taxonomy":"product_brand","embeddable":true,"href":"https:\/\/olemosaic.com\/pt-pt\/wp-json\/wp\/v2\/product_brand?post=37767"},{"taxonomy":"product_cat","embeddable":true,"href":"https:\/\/olemosaic.com\/pt-pt\/wp-json\/wp\/v2\/product_cat?post=37767"},{"taxonomy":"product_tag","embeddable":true,"href":"https:\/\/olemosaic.com\/pt-pt\/wp-json\/wp\/v2\/product_tag?post=37767"}],"curies":[{"name":"wp","href":"https:\/\/api.w.org\/{rel}","templated":true}]}}