{"id":37765,"date":"2025-02-20T23:28:40","date_gmt":"2025-02-20T22:28:40","guid":{"rendered":"http:\/\/olemosaic.com\/producto\/dromedario-figura-de-resina-de-8-cm-pintada-a-mano\/"},"modified":"2025-07-25T18:43:35","modified_gmt":"2025-07-25T16:43:35","slug":"dromedario-figura-de-resina-de-8-cm-pintada-a-mao","status":"publish","type":"product","link":"https:\/\/olemosaic.com\/pt-pt\/produto\/dromedario-figura-de-resina-de-8-cm-pintada-a-mao\/","title":{"rendered":"Dromed\u00e1rio. Figura de mosaico de 8 cm."},"content":{"rendered":"<p>Esta figura de dromed\u00e1rio de resina, com 8 cm de altura, \u00e9 uma recorda\u00e7\u00e3o encantadora que encapsula a ess\u00eancia do folclore e da cultura dos desertos. Pintado \u00e0 m\u00e3o, este dromed\u00e1rio apresenta um mosaico vibrante de cores com padr\u00f5es geom\u00e9tricos, evocando a rica tradi\u00e7\u00e3o artesanal das regi\u00f5es \u00e1ridas. A variedade de tons azuis, vermelhos, amarelos e rosas, com um acabamento brilhante, cria uma pe\u00e7a art\u00edstica que n\u00e3o s\u00f3 atrai o olhar, como tamb\u00e9m acrescenta um toque decorativo a qualquer espa\u00e7o, seja numa prateleira, numa mesa de centro ou numa secret\u00e1ria.<\/p>\n<p>Este dromed\u00e1rio torna-se um s\u00edmbolo das viagens e das aventuras pelos desertos, representando a import\u00e2ncia deste majestoso animal nas culturas destas regi\u00f5es. A sua presen\u00e7a vibrante e colorida torna-o ideal como presente, oferecendo aos turistas uma forma de levar para casa um peda\u00e7o de autenticidade e cultura. Na Ol\u00e9 Mosaic, somos distribuidores de recorda\u00e7\u00f5es por grosso e esta figura de resina \u00e9 uma op\u00e7\u00e3o perfeita para lojas de presentes tur\u00edsticos que procuram produtos \u00fanicos e representativos. Com este dromed\u00e1rio, os turistas podem recordar a sua experi\u00eancia de viagem e a beleza do folclore des\u00e9rtico, tornando-o uma recorda\u00e7\u00e3o verdadeiramente memor\u00e1vel.<\/p>\n","protected":false},"excerpt":{"rendered":"<p>Figura de dromed\u00e1rio de 8 cm, design artesanal, pintada \u00e0 m\u00e3o, com um mosaico vibrante de cores. Esta encantadora recorda\u00e7\u00e3o representa a ess\u00eancia do folclore e da cultura dos desertos, destacando no seu design padr\u00f5es geom\u00e9tricos que evocam o artesanato tradicional. O seu acabamento brilhante, com variados tons azuis, vermelhos, amarelos e rosas, acrescenta um toque art\u00edstico, tornando-a um elemento decorativo atraente para qualquer espa\u00e7o. Ideal como presente ou para recordar as suas viagens.<\/p>\n","protected":false},"featured_media":11061,"template":"","meta":{"_acf_changed":false},"product_brand":[],"product_cat":[552],"product_tag":[516],"class_list":{"0":"post-37765","1":"product","2":"type-product","3":"status-publish","4":"has-post-thumbnail","6":"product_cat-numeros","7":"product_tag-animais","8":"pa_motivo-dromedarios","10":"first","11":"instock","12":"shipping-taxable","13":"product-type-simple"},"acf":[],"_links":{"self":[{"href":"https:\/\/olemosaic.com\/pt-pt\/wp-json\/wp\/v2\/product\/37765","targetHints":{"allow":["GET"]}}],"collection":[{"href":"https:\/\/olemosaic.com\/pt-pt\/wp-json\/wp\/v2\/product"}],"about":[{"href":"https:\/\/olemosaic.com\/pt-pt\/wp-json\/wp\/v2\/types\/product"}],"wp:featuredmedia":[{"embeddable":true,"href":"https:\/\/olemosaic.com\/pt-pt\/wp-json\/wp\/v2\/media\/11061"}],"wp:attachment":[{"href":"https:\/\/olemosaic.com\/pt-pt\/wp-json\/wp\/v2\/media?parent=37765"}],"wp:term":[{"taxonomy":"product_brand","embeddable":true,"href":"https:\/\/olemosaic.com\/pt-pt\/wp-json\/wp\/v2\/product_brand?post=37765"},{"taxonomy":"product_cat","embeddable":true,"href":"https:\/\/olemosaic.com\/pt-pt\/wp-json\/wp\/v2\/product_cat?post=37765"},{"taxonomy":"product_tag","embeddable":true,"href":"https:\/\/olemosaic.com\/pt-pt\/wp-json\/wp\/v2\/product_tag?post=37765"}],"curies":[{"name":"wp","href":"https:\/\/api.w.org\/{rel}","templated":true}]}}