{"id":37764,"date":"2025-02-20T22:28:40","date_gmt":"2025-02-20T22:28:40","guid":{"rendered":"http:\/\/olemosaic.com\/producto\/toro-figura-de-ceramica-de-32-cm-negro-glaceado\/"},"modified":"2025-07-25T19:12:31","modified_gmt":"2025-07-25T17:12:31","slug":"touro-figura-de-ceramica-de-32-cm-preto-vidrado","status":"publish","type":"product","link":"https:\/\/olemosaic.com\/pt-pt\/produto\/touro-figura-de-ceramica-de-32-cm-preto-vidrado\/","title":{"rendered":"Touro. Figura de cer\u00e2mica de 32 cm. Preto. Vidrado."},"content":{"rendered":"<p>Esta figura de cer\u00e2mica em forma de touro \u00e9 um aut\u00eantico emblema da cultura espanhola, perfeita para quem procura uma recorda\u00e7\u00e3o genu\u00edna e representativa. Com uma altura de 32 cm, o seu acabamento preto brilhante real\u00e7a as formas sofisticadas do animal, evocando a for\u00e7a e a tradi\u00e7\u00e3o que o touro simboliza no folclore espanhol. O design polido enfatiza os cornos proeminentes e a musculatura do touro, tornando-o um elemento decorativo moderno que se integra harmoniosamente em qualquer espa\u00e7o, seja em casa ou numa loja de presentes tur\u00edsticos.<\/p>\n<p>Este touro \u00e9 mais do que uma simples recorda\u00e7\u00e3o; \u00e9 um s\u00edmbolo da paix\u00e3o e da hist\u00f3ria de Espanha, que nos recorda as c\u00e9lebres festas taurinas e a nobreza deste majestoso animal. A figura, com o seu acabamento vidrado, capta a luz de forma impressionante, detalhes que a fazem destacar-se em qualquer cole\u00e7\u00e3o de recorda\u00e7\u00f5es de Espanha. Ao escolher esta figura de cer\u00e2mica, n\u00e3o s\u00f3 adquire um objeto decorativo, como tamb\u00e9m uma pe\u00e7a que narra a ess\u00eancia da cultura espanhola.<\/p>\n<p>Na Ol\u00e9 Mosaic, orgulhamo-nos de oferecer produtos aut\u00eanticos e representativos, como esta figura do touro, ideal para lojas de presentes tur\u00edsticos que apreciam o artesanato e o significado cultural. Este artigo apresenta-se como uma excelente op\u00e7\u00e3o para quem procura recorda\u00e7\u00f5es de alta qualidade, conferindo um toque de distin\u00e7\u00e3o e liga\u00e7\u00e3o \u00e0 rica heran\u00e7a cultural de Espanha.<\/p>\n","protected":false},"excerpt":{"rendered":"<p>Figura de cer\u00e2mica de 32 cm em forma de touro, desenhada com um elegante acabamento preto brilhante. Este artigo representa uma das imagens mais ic\u00f3nicas da cultura espanhola, simbolizando for\u00e7a e tradi\u00e7\u00e3o. O design polido real\u00e7a as caracter\u00edsticas do animal, como os seus cornos e musculatura, conferindo um toque moderno e sofisticado a qualquer espa\u00e7o. Ideal como recorda\u00e7\u00e3o ou elemento decorativo, evoca a ess\u00eancia do folclore espanhol.<\/p>\n","protected":false},"featured_media":7451,"template":"","meta":{"_acf_changed":false},"product_brand":[],"product_cat":[552],"product_tag":[516,515],"class_list":{"0":"post-37764","1":"product","2":"type-product","3":"status-publish","4":"has-post-thumbnail","6":"product_cat-numeros","7":"product_tag-animais","8":"product_tag-ceramica","9":"pa_motivo-touros","11":"first","12":"instock","13":"shipping-taxable","14":"product-type-simple"},"acf":[],"_links":{"self":[{"href":"https:\/\/olemosaic.com\/pt-pt\/wp-json\/wp\/v2\/product\/37764","targetHints":{"allow":["GET"]}}],"collection":[{"href":"https:\/\/olemosaic.com\/pt-pt\/wp-json\/wp\/v2\/product"}],"about":[{"href":"https:\/\/olemosaic.com\/pt-pt\/wp-json\/wp\/v2\/types\/product"}],"wp:featuredmedia":[{"embeddable":true,"href":"https:\/\/olemosaic.com\/pt-pt\/wp-json\/wp\/v2\/media\/7451"}],"wp:attachment":[{"href":"https:\/\/olemosaic.com\/pt-pt\/wp-json\/wp\/v2\/media?parent=37764"}],"wp:term":[{"taxonomy":"product_brand","embeddable":true,"href":"https:\/\/olemosaic.com\/pt-pt\/wp-json\/wp\/v2\/product_brand?post=37764"},{"taxonomy":"product_cat","embeddable":true,"href":"https:\/\/olemosaic.com\/pt-pt\/wp-json\/wp\/v2\/product_cat?post=37764"},{"taxonomy":"product_tag","embeddable":true,"href":"https:\/\/olemosaic.com\/pt-pt\/wp-json\/wp\/v2\/product_tag?post=37764"}],"curies":[{"name":"wp","href":"https:\/\/api.w.org\/{rel}","templated":true}]}}