{"id":37758,"date":"2025-02-20T22:28:25","date_gmt":"2025-02-20T22:28:25","guid":{"rendered":"http:\/\/olemosaic.com\/producto\/saleros-de-ceramica-toros-blanco\/"},"modified":"2025-07-25T18:46:59","modified_gmt":"2025-07-25T16:46:59","slug":"saleiros-de-ceramica-touros-branco-pt-pt","status":"publish","type":"product","link":"https:\/\/olemosaic.com\/pt-pt\/produto\/saleiros-de-ceramica-touros-branco-pt-pt\/","title":{"rendered":"Saleiros de cer\u00e2mica. Touros. Branco."},"content":{"rendered":"<p>Descubra os nossos saleiros de cer\u00e2mica decorados com um design taurino vibrante, uma representa\u00e7\u00e3o aut\u00eantica da cultura espanhola. Cada saleiro, com um acabamento branco brilhante, apresenta um impressionante mosaico multicolor que ilustra um touro de perfil, rodeado de flores e motivos t\u00edpicos que evocam a rica tradi\u00e7\u00e3o folcl\u00f3rica de Espanha. A pe\u00e7a destaca a palavra &#8220;Espanha&#8221; num estilo atrativo, tornando-a um souvenir perfeito e funcional para qualquer ocasi\u00e3o, seja um jantar familiar ou uma celebra\u00e7\u00e3o com amigos.<\/p>\n<p>Estes saleiros n\u00e3o s\u00e3o apenas pr\u00e1ticos para o uso di\u00e1rio, mas tamb\u00e9m servem como um excelente elemento decorativo que acrescenta um toque espanhol a qualquer mesa. A cer\u00e2mica, cuidadosamente elaborada, garante durabilidade e um acabamento de alta qualidade, ideal para quem procura souvenirs cer\u00e2micos que contem hist\u00f3rias. A imagem do touro, um s\u00edmbolo de for\u00e7a e paix\u00e3o, associa-se estreitamente \u00e0 cultura espanhola, representando a valentia e a celebra\u00e7\u00e3o de tradi\u00e7\u00f5es como as touradas e as festividades locais.<\/p>\n<p>Na Ol\u00e9 Mosaic, somos distribuidores de souvenirs de cer\u00e2mica, especializados em oferecer produtos aut\u00eanticos e representativos da cultura espanhola. Estes saleiros taurinos s\u00e3o uma excelente op\u00e7\u00e3o para lojas de presentes tur\u00edsticos que procuram artigos \u00fanicos e com significado cultural. Perfeitos para turistas, estes souvenirs s\u00e3o ideais para levar um peda\u00e7o de Espanha para casa, tornando cada refei\u00e7\u00e3o uma experi\u00eancia memor\u00e1vel.<\/p>\n","protected":false},"excerpt":{"rendered":"<p>Saleiros de cer\u00e2mica decorados com um design taurino vibrante, que representa a ess\u00eancia da cultura espanhola. Elaborados com um acabamento branco brilhante, cada saleiro apresenta um mosaico multicolor que ilustra um touro de perfil, rodeado de flores e motivos t\u00edpicos. A pe\u00e7a \u00e9 real\u00e7ada com a palavra &#8220;Espanha&#8221; num estilo atrativo, tornando-a um souvenir perfeito e funcional que acrescenta um toque espanhol a qualquer mesa.<\/p>\n","protected":false},"featured_media":8568,"template":"","meta":{"_acf_changed":false},"product_brand":[],"product_cat":[821],"product_tag":[516,515],"class_list":{"0":"post-37758","1":"product","2":"type-product","3":"status-publish","4":"has-post-thumbnail","6":"product_cat-saleiros","7":"product_tag-animais","8":"product_tag-ceramica","9":"pa_motivo-touros","11":"first","12":"instock","13":"shipping-taxable","14":"product-type-simple"},"acf":[],"_links":{"self":[{"href":"https:\/\/olemosaic.com\/pt-pt\/wp-json\/wp\/v2\/product\/37758","targetHints":{"allow":["GET"]}}],"collection":[{"href":"https:\/\/olemosaic.com\/pt-pt\/wp-json\/wp\/v2\/product"}],"about":[{"href":"https:\/\/olemosaic.com\/pt-pt\/wp-json\/wp\/v2\/types\/product"}],"wp:featuredmedia":[{"embeddable":true,"href":"https:\/\/olemosaic.com\/pt-pt\/wp-json\/wp\/v2\/media\/8568"}],"wp:attachment":[{"href":"https:\/\/olemosaic.com\/pt-pt\/wp-json\/wp\/v2\/media?parent=37758"}],"wp:term":[{"taxonomy":"product_brand","embeddable":true,"href":"https:\/\/olemosaic.com\/pt-pt\/wp-json\/wp\/v2\/product_brand?post=37758"},{"taxonomy":"product_cat","embeddable":true,"href":"https:\/\/olemosaic.com\/pt-pt\/wp-json\/wp\/v2\/product_cat?post=37758"},{"taxonomy":"product_tag","embeddable":true,"href":"https:\/\/olemosaic.com\/pt-pt\/wp-json\/wp\/v2\/product_tag?post=37758"}],"curies":[{"name":"wp","href":"https:\/\/api.w.org\/{rel}","templated":true}]}}