{"id":37754,"date":"2025-02-20T22:28:24","date_gmt":"2025-02-20T22:28:24","guid":{"rendered":"http:\/\/olemosaic.com\/producto\/4-bols-de-coco-de-13-x-6-cm-caballito-de-mar-tenerife\/"},"modified":"2025-07-25T20:37:47","modified_gmt":"2025-07-25T18:37:47","slug":"4-tacas-de-coco-de-13-x-6-cm-cavalo-marinho-tenerife-pt-pt","status":"publish","type":"product","link":"https:\/\/olemosaic.com\/pt-pt\/produto\/4-tacas-de-coco-de-13-x-6-cm-cavalo-marinho-tenerife-pt-pt\/","title":{"rendered":"4 Ta\u00e7as de coco de 13 x 6 cm. Cavalo-marinho. Tenerife."},"content":{"rendered":"<p>Descubra as nossas encantadoras ta\u00e7as de coco, uma recorda\u00e7\u00e3o aut\u00eantica de Tenerife que captura a ess\u00eancia da beleza marinha desta ilha incr\u00edvel. Cada ta\u00e7a, elaborada com um design elegante de cavalos-marinhos, apresenta dimens\u00f5es ideais de 13 x 6 cm, tornando-se um elemento decorativo perfeito ou um acess\u00f3rio distintivo para servir aperitivos. A suavidade e o brilho do acabamento complementam-se com uma paleta de quatro cores vibrantes: azul, amarelo, rosa e f\u00facsia, que evocam as cores do oceano e as paisagens vibrantes das Can\u00e1rias. Al\u00e9m disso, os detalhes em forma de bolhas conferem um toque art\u00edstico \u00fanico, tornando cada pe\u00e7a verdadeiramente especial. Este produto n\u00e3o \u00e9 apenas uma excelente recorda\u00e7\u00e3o de Tenerife, mas tamb\u00e9m uma representa\u00e7\u00e3o cultural significativa, simbolizando a rica fauna marinha e a tradi\u00e7\u00e3o artesanal da regi\u00e3o. Ao escolher estas ta\u00e7as de coco, os turistas levar\u00e3o para casa um peda\u00e7o da cultura can\u00e1ria, ideal para quem procura recorda\u00e7\u00f5es aut\u00eanticas. Na Ol\u00e9 Mosaic, oferecemos estas ta\u00e7as por grosso, uma escolha brilhante para lojas de presentes tur\u00edsticos que desejam enriquecer a sua oferta com produtos cheios de significado e beleza.<\/p>\n","protected":false},"excerpt":{"rendered":"<p>Ta\u00e7as de coco de 13 x 6 cm, decoradas com um design elegante de cavalos-marinhos, que evocam a beleza marinha de Tenerife. Cada ta\u00e7a apresenta um acabamento suave e brilhante, dispon\u00edvel em quatro cores vibrantes: azul, amarelo, rosa e f\u00facsia, com detalhes de bolhas que acrescentam um toque art\u00edstico. Perfeitas como elementos decorativos ou para servir aperitivos, transformam cada mesa num reflexo do encanto can\u00e1rio.<\/p>\n","protected":false},"featured_media":12121,"template":"","meta":{"_acf_changed":false},"product_brand":[],"product_cat":[513],"product_tag":[516],"class_list":{"0":"post-37754","1":"product","2":"type-product","3":"status-publish","4":"has-post-thumbnail","6":"product_cat-bols","7":"product_tag-animais","8":"pa_ciudad-tenerife","9":"pa_motivo-cavalos-marinhos","10":"pa_pais-espana","12":"first","13":"instock","14":"shipping-taxable","15":"product-type-simple"},"acf":[],"_links":{"self":[{"href":"https:\/\/olemosaic.com\/pt-pt\/wp-json\/wp\/v2\/product\/37754","targetHints":{"allow":["GET"]}}],"collection":[{"href":"https:\/\/olemosaic.com\/pt-pt\/wp-json\/wp\/v2\/product"}],"about":[{"href":"https:\/\/olemosaic.com\/pt-pt\/wp-json\/wp\/v2\/types\/product"}],"wp:featuredmedia":[{"embeddable":true,"href":"https:\/\/olemosaic.com\/pt-pt\/wp-json\/wp\/v2\/media\/12121"}],"wp:attachment":[{"href":"https:\/\/olemosaic.com\/pt-pt\/wp-json\/wp\/v2\/media?parent=37754"}],"wp:term":[{"taxonomy":"product_brand","embeddable":true,"href":"https:\/\/olemosaic.com\/pt-pt\/wp-json\/wp\/v2\/product_brand?post=37754"},{"taxonomy":"product_cat","embeddable":true,"href":"https:\/\/olemosaic.com\/pt-pt\/wp-json\/wp\/v2\/product_cat?post=37754"},{"taxonomy":"product_tag","embeddable":true,"href":"https:\/\/olemosaic.com\/pt-pt\/wp-json\/wp\/v2\/product_tag?post=37754"}],"curies":[{"name":"wp","href":"https:\/\/api.w.org\/{rel}","templated":true}]}}