{"id":37750,"date":"2025-02-20T22:28:24","date_gmt":"2025-02-20T22:28:24","guid":{"rendered":"http:\/\/olemosaic.com\/producto\/4-bols-de-coco-de-13-x-6-cm-delfin\/"},"modified":"2025-07-25T20:17:18","modified_gmt":"2025-07-25T18:17:18","slug":"4-tacas-de-coco-de-13-x-6-cm-golfinho-pt-pt","status":"publish","type":"product","link":"https:\/\/olemosaic.com\/pt-pt\/produto\/4-tacas-de-coco-de-13-x-6-cm-golfinho-pt-pt\/","title":{"rendered":"4 Ta\u00e7as de coco de 13 x 6 cm. Golfinho."},"content":{"rendered":"<p>Descubra as nossas encantadoras ta\u00e7as de coco decorativas, uma cole\u00e7\u00e3o que se destaca pelo seu design singular inspirado na beleza marinha. Cada ta\u00e7a, de 13 x 6 cm, apresenta um motivo central de golfinhos, rodeados de mosaicos coloridos feitos \u00e0 m\u00e3o, o que cria um efeito visual cativante. Os tons vibrantes de azul, amarelo e terracota conferem um ar alegre e fresco, evocando as ondas do mar e as coloridas paisagens costeiras.<\/p>\n<p>O acabamento liso e brilhante de cada ta\u00e7a real\u00e7a a meticulosa artesania envolvida na sua cria\u00e7\u00e3o, tornando estas pe\u00e7as n\u00e3o apenas elementos decorativos, mas tamb\u00e9m op\u00e7\u00f5es vers\u00e1teis para servir pequenos aperitivos durante as suas reuni\u00f5es. A liga\u00e7\u00e3o cultural com os ambientes marinhos enfatiza a sua relev\u00e2ncia como recorda\u00e7\u00f5es que capturam a ess\u00eancia das costas, sendo perfeitas para quem procura uma lembran\u00e7a aut\u00eantica de Espanha e Portugal.<\/p>\n<p>Ideais para lojas de presentes tur\u00edsticos, estas ta\u00e7as s\u00e3o uma forma encantadora de oferecer aos turistas um peda\u00e7o da cultura costeira. Na Ol\u00e9 Mosaic, como grossistas de recorda\u00e7\u00f5es aut\u00eanticas, garantimos que cada pe\u00e7a reflita o valor cultural e a est\u00e9tica da tradi\u00e7\u00e3o artesanal. Estas ta\u00e7as de coco decorativas s\u00e3o a escolha perfeita para quem procura qualidade e estilo nas suas recorda\u00e7\u00f5es \u00fanicas.<\/p>\n","protected":false},"excerpt":{"rendered":"<p>Ta\u00e7as decorativas de coco de 13 x 6 cm, inspiradas na beleza marinha. Cada ta\u00e7a exibe um design \u00fanico com golfinhos no centro, rodeados de mosaicos coloridos feitos \u00e0 m\u00e3o. Os variados tons de azul, amarelo e terracota conferem um toque vibrante, enquanto o acabamento liso e brilhante real\u00e7a a detalhada artesania. Perfeitas como elementos decorativos ou para servir pequenos aperitivos, evocam o encanto do ambiente costeiro.<\/p>\n","protected":false},"featured_media":10688,"template":"","meta":{"_acf_changed":false},"product_brand":[],"product_cat":[513],"product_tag":[516],"class_list":{"0":"post-37750","1":"product","2":"type-product","3":"status-publish","4":"has-post-thumbnail","6":"product_cat-bols","7":"product_tag-animais","8":"pa_motivo-golfinhos","10":"first","11":"instock","12":"shipping-taxable","13":"product-type-simple"},"acf":[],"_links":{"self":[{"href":"https:\/\/olemosaic.com\/pt-pt\/wp-json\/wp\/v2\/product\/37750","targetHints":{"allow":["GET"]}}],"collection":[{"href":"https:\/\/olemosaic.com\/pt-pt\/wp-json\/wp\/v2\/product"}],"about":[{"href":"https:\/\/olemosaic.com\/pt-pt\/wp-json\/wp\/v2\/types\/product"}],"wp:featuredmedia":[{"embeddable":true,"href":"https:\/\/olemosaic.com\/pt-pt\/wp-json\/wp\/v2\/media\/10688"}],"wp:attachment":[{"href":"https:\/\/olemosaic.com\/pt-pt\/wp-json\/wp\/v2\/media?parent=37750"}],"wp:term":[{"taxonomy":"product_brand","embeddable":true,"href":"https:\/\/olemosaic.com\/pt-pt\/wp-json\/wp\/v2\/product_brand?post=37750"},{"taxonomy":"product_cat","embeddable":true,"href":"https:\/\/olemosaic.com\/pt-pt\/wp-json\/wp\/v2\/product_cat?post=37750"},{"taxonomy":"product_tag","embeddable":true,"href":"https:\/\/olemosaic.com\/pt-pt\/wp-json\/wp\/v2\/product_tag?post=37750"}],"curies":[{"name":"wp","href":"https:\/\/api.w.org\/{rel}","templated":true}]}}