{"id":37749,"date":"2025-02-20T22:28:24","date_gmt":"2025-02-20T22:28:24","guid":{"rendered":"http:\/\/olemosaic.com\/producto\/4-bols-de-coco-de-13-x-6-cm-camello-fuerteventura\/"},"modified":"2025-07-25T20:14:33","modified_gmt":"2025-07-25T18:14:33","slug":"4-tacas-de-coco-de-13-x-6-cm-camelo-fuerteventura-pt-pt","status":"publish","type":"product","link":"https:\/\/olemosaic.com\/pt-pt\/produto\/4-tacas-de-coco-de-13-x-6-cm-camelo-fuerteventura-pt-pt\/","title":{"rendered":"4 Ta\u00e7as de coco de 13 x 6 cm. Camelo. Fuerteventura."},"content":{"rendered":"<p>Descubra as nossas encantadoras ta\u00e7as de coco decoradas com motivos de camelos, uma aut\u00eantica representa\u00e7\u00e3o da beleza de Fuerteventura. Cada ta\u00e7a, com dimens\u00f5es de 13 x 6 cm, apresenta um design \u00fanico que combina uma rica paleta de cores como o azul, o rosa e o dourado, organizados num padr\u00e3o atraente de pontos que evoca a natureza vibrante das Ilhas Can\u00e1rias. Fabricadas com cuidado em coco, n\u00e3o s\u00f3 s\u00e3o leves e resistentes, como tamb\u00e9m incorporam o esp\u00edrito artesanal da regi\u00e3o, tornando-as uma op\u00e7\u00e3o ideal para servir aperitivos ou como elementos decorativos que conferem um toque ex\u00f3tico a qualquer casa. Estas ta\u00e7as n\u00e3o s\u00e3o apenas funcionais, mas tamb\u00e9m encerram um valor cultural significativo, recordando a import\u00e2ncia do camelo nas tradi\u00e7\u00f5es locais, onde estes animais t\u00eam sido parte essencial da vida nas ilhas. Como recorda\u00e7\u00f5es de Fuerteventura, s\u00e3o perfeitas para quem procura levar um pedacinho desta bela ilha. Na Ol\u00e9 Mosaic, as nossas ta\u00e7as de coco s\u00e3o uma excelente escolha para lojas de presentes tur\u00edsticos que desejam oferecer produtos aut\u00eanticos e artesanais aos seus clientes. Com o seu design atraente e significado cultural, estas ta\u00e7as s\u00e3o perfeitas para turistas que desejam recordar a sua passagem pelas Can\u00e1rias e a sua rica tradi\u00e7\u00e3o.<\/p>\n","protected":false},"excerpt":{"rendered":"<p>Ta\u00e7as de coco de 13 x 6 cm, decoradas com motivos de camelos, inspiradas na beleza de Fuerteventura. Cada ta\u00e7a apresenta um design \u00fanico, com cores variadas como azul, rosa e dourado, dispostas num encantador padr\u00e3o de pontos. Fabricadas em coco, estas ta\u00e7as s\u00e3o leves e resistentes, perfeitas para servir aperitivos ou como elementos decorativos que refletem a cultura can\u00e1ria. Uma recorda\u00e7\u00e3o ideal para recordar a ess\u00eancia das ilhas.<\/p>\n","protected":false},"featured_media":12129,"template":"","meta":{"_acf_changed":false},"product_brand":[],"product_cat":[513],"product_tag":[516],"class_list":{"0":"post-37749","1":"product","2":"type-product","3":"status-publish","4":"has-post-thumbnail","6":"product_cat-bols","7":"product_tag-animais","8":"pa_ciudad-fuerteventura","9":"pa_motivo-camelos","10":"pa_pais-espana","12":"first","13":"instock","14":"shipping-taxable","15":"product-type-simple"},"acf":[],"_links":{"self":[{"href":"https:\/\/olemosaic.com\/pt-pt\/wp-json\/wp\/v2\/product\/37749","targetHints":{"allow":["GET"]}}],"collection":[{"href":"https:\/\/olemosaic.com\/pt-pt\/wp-json\/wp\/v2\/product"}],"about":[{"href":"https:\/\/olemosaic.com\/pt-pt\/wp-json\/wp\/v2\/types\/product"}],"wp:featuredmedia":[{"embeddable":true,"href":"https:\/\/olemosaic.com\/pt-pt\/wp-json\/wp\/v2\/media\/12129"}],"wp:attachment":[{"href":"https:\/\/olemosaic.com\/pt-pt\/wp-json\/wp\/v2\/media?parent=37749"}],"wp:term":[{"taxonomy":"product_brand","embeddable":true,"href":"https:\/\/olemosaic.com\/pt-pt\/wp-json\/wp\/v2\/product_brand?post=37749"},{"taxonomy":"product_cat","embeddable":true,"href":"https:\/\/olemosaic.com\/pt-pt\/wp-json\/wp\/v2\/product_cat?post=37749"},{"taxonomy":"product_tag","embeddable":true,"href":"https:\/\/olemosaic.com\/pt-pt\/wp-json\/wp\/v2\/product_tag?post=37749"}],"curies":[{"name":"wp","href":"https:\/\/api.w.org\/{rel}","templated":true}]}}