{"id":37748,"date":"2025-02-20T22:28:24","date_gmt":"2025-02-20T22:28:24","guid":{"rendered":"http:\/\/olemosaic.com\/producto\/4-bols-de-coco-de-13-x-6-cm-animales-del-mar-fuerteventura\/"},"modified":"2025-07-25T20:33:16","modified_gmt":"2025-07-25T18:33:16","slug":"4-tacas-de-coco-de-13-x-6-cm-animais-do-mar-fuerteventura","status":"publish","type":"product","link":"https:\/\/olemosaic.com\/pt-pt\/produto\/4-tacas-de-coco-de-13-x-6-cm-animais-do-mar-fuerteventura\/","title":{"rendered":"4 Ta\u00e7as de coco de 13 x 6 cm. Animais do mar. Fuerteventura."},"content":{"rendered":"<p>Descubra as nossas encantadoras ta\u00e7as de coco de Fuerteventura, uma cole\u00e7\u00e3o exclusiva que captura a ess\u00eancia da paisagem marinha can\u00e1ria em cada pe\u00e7a. Estas quatro ta\u00e7as artesanais, com dimens\u00f5es de 13 x 6 cm, est\u00e3o maravilhosamente decoradas com motivos v\u00edvidos que representam a rica vida marinha de Fuerteventura. Cada ta\u00e7a apresenta um design colorido com um mosaico de tons rosa, azul e mel, que reflete a luz e evoca o resplendor do oceano. As ilustra\u00e7\u00f5es de uma tartaruga, um golfinho, um cavalo-marinho e um camelo, combinadas com a legenda &#8220;Fuerteventura&#8221;, conferem um toque cultural que as torna uma aut\u00eantica recorda\u00e7\u00e3o desta bela ilha.<\/p>\n<p>O material de coco, leve e resistente, torna estas ta\u00e7as ideais tanto para servir aperitivos como para as utilizar como elementos decorativos em qualquer casa. Al\u00e9m disso, o seu design \u00fanico e atrativo torna-as uma excelente recorda\u00e7\u00e3o para quem procura levar uma parte de Fuerteventura consigo. Na Ol\u00e9 Mosaic, orgulhamo-nos de oferecer recorda\u00e7\u00f5es aut\u00eanticas de Fuerteventura, o que as torna uma op\u00e7\u00e3o perfeita para lojas de presentes tur\u00edsticos que procuram produtos de qualidade e relev\u00e2ncia cultural. Estas ta\u00e7as de coco s\u00e3o, sem d\u00favida, uma representa\u00e7\u00e3o ideal da beleza natural e da rica cultura das Ilhas Can\u00e1rias.<\/p>\n","protected":false},"excerpt":{"rendered":"<p>Ta\u00e7as de coco de 13 x 6 cm, decoradas com motivos de animais marinhos vibrantes, perfeitas para trazer um toque de Fuerteventura \u00e0 sua casa. Cada ta\u00e7a apresenta um design colorido com um mosaico de tons rosa, azul e mel, adornado com ilustra\u00e7\u00f5es de uma tartaruga, um golfinho, um cavalo-marinho e um camelo, todos com a legenda &#8220;Fuerteventura&#8221;. O seu material leve torna-as ideais para servir aperitivos ou como elemento decorativo.<\/p>\n","protected":false},"featured_media":12125,"template":"","meta":{"_acf_changed":false},"product_brand":[],"product_cat":[513],"product_tag":[516],"class_list":{"0":"post-37748","1":"product","2":"type-product","3":"status-publish","4":"has-post-thumbnail","6":"product_cat-bols","7":"product_tag-animais","8":"pa_ciudad-fuerteventura","9":"pa_motivo-animais-marinhos","10":"pa_pais-espana","12":"first","13":"instock","14":"shipping-taxable","15":"product-type-simple"},"acf":[],"_links":{"self":[{"href":"https:\/\/olemosaic.com\/pt-pt\/wp-json\/wp\/v2\/product\/37748","targetHints":{"allow":["GET"]}}],"collection":[{"href":"https:\/\/olemosaic.com\/pt-pt\/wp-json\/wp\/v2\/product"}],"about":[{"href":"https:\/\/olemosaic.com\/pt-pt\/wp-json\/wp\/v2\/types\/product"}],"wp:featuredmedia":[{"embeddable":true,"href":"https:\/\/olemosaic.com\/pt-pt\/wp-json\/wp\/v2\/media\/12125"}],"wp:attachment":[{"href":"https:\/\/olemosaic.com\/pt-pt\/wp-json\/wp\/v2\/media?parent=37748"}],"wp:term":[{"taxonomy":"product_brand","embeddable":true,"href":"https:\/\/olemosaic.com\/pt-pt\/wp-json\/wp\/v2\/product_brand?post=37748"},{"taxonomy":"product_cat","embeddable":true,"href":"https:\/\/olemosaic.com\/pt-pt\/wp-json\/wp\/v2\/product_cat?post=37748"},{"taxonomy":"product_tag","embeddable":true,"href":"https:\/\/olemosaic.com\/pt-pt\/wp-json\/wp\/v2\/product_tag?post=37748"}],"curies":[{"name":"wp","href":"https:\/\/api.w.org\/{rel}","templated":true}]}}